{"id":113,"date":"2026-03-29T08:49:52","date_gmt":"2026-03-29T08:49:52","guid":{"rendered":"https:\/\/ysl.azdigi.shop\/?post_type=product&#038;p=113"},"modified":"2026-04-03T05:55:16","modified_gmt":"2026-04-03T05:55:16","slug":"113","status":"publish","type":"product","link":"https:\/\/ysl.azdigi.shop\/index.php\/san-pham\/113\/","title":{"rendered":"Panna Cotta \u2013 M\u00f3n Tr\u00e1ng Mi\u1ec7ng M\u1ec1m M\u1ecbn, Th\u01a1m Ngon Kh\u00f3 C\u01b0\u1ee1ng"},"content":{"rendered":"<p data-start=\"221\" data-end=\"403\">B\u1ea1n \u0111ang t\u00ecm ki\u1ebfm m\u00f3n tr\u00e1ng mi\u1ec7ng <strong data-start=\"255\" data-end=\"300\">v\u1eeba m\u1ec1m m\u1ecbn, v\u1eeba thanh ng\u1ecdt, v\u1eeba l\u1ea1 mi\u1ec7ng<\/strong> \u0111\u1ec3 th\u01b0\u1edfng th\u1ee9c ho\u1eb7c l\u00e0m qu\u00e0 t\u1eb7ng?<\/p>\n<p data-start=\"221\" data-end=\"403\"><strong data-start=\"335\" data-end=\"350\">Panna Cotta<\/strong> \u2013 tinh hoa \u1ea9m th\u1ef1c \u00dd \u2013 ch\u00ednh l\u00e0 l\u1ef1a ch\u1ecdn ho\u00e0n h\u1ea3o!<\/p>\n<p data-start=\"405\" data-end=\"502\">T\u1ea1i HOPE BAKERY, ch\u00fang t\u00f4i mang \u0111\u1ebfn <strong data-start=\"456\" data-end=\"499\">b\u00e1nh Panna Cotta v\u1edbi 5 v\u1ecb m\u00f9a h\u00e8:<\/strong><\/p>\n<ul data-start=\"504\" data-end=\"995\">\n<li data-section-id=\"w39ilo\" data-start=\"504\" data-end=\"623\"><strong data-start=\"506\" data-end=\"520\">\ud83c\udf53 D\u00e2u t\u00e2y<\/strong> \u2013 V\u1ecb ng\u1ecdt thanh, h\u00f2a quy\u1ec7n c\u00f9ng l\u1edbp th\u1ea1ch d\u00e2u t\u01b0\u01a1i m\u1ecdng n\u01b0\u1edbc.<\/li>\n<li data-section-id=\"pqbnxo\" data-start=\"624\" data-end=\"751\"><strong data-start=\"626\" data-end=\"637\">\ud83e\udd6d Xo\u00e0i<\/strong> \u2013 V\u1ecb xo\u00e0i ch\u00edn t\u1ef1 nhi\u00ean, th\u01a1m d\u1ecbu, khi\u1ebfn b\u1ea1n mu\u1ed1n th\u01b0\u1edfng th\u1ee9c ngay t\u1eebng mu\u1ed7ng.<\/li>\n<li data-section-id=\"i4b568\" data-start=\"752\" data-end=\"872\"><strong data-start=\"754\" data-end=\"767\">\ud83c\udf75 Matcha<\/strong> \u2013 H\u01b0\u01a1ng v\u1ecb matcha Nh\u1eadt B\u1ea3n \u0111\u1eadm \u0111\u00e0, k\u1ebft h\u1ee3p v\u1edbi kem b\u00e9o m\u1ecbn.<\/li>\n<li data-section-id=\"1vec6h3\" data-start=\"873\" data-end=\"995\"><strong data-start=\"875\" data-end=\"891\">\ud83c\udf6b Chocolate<\/strong> \u2013 Chocolate nguy\u00ean ch\u1ea5t h\u00f2a quy\u1ec7n v\u1edbi Panna Cotta m\u1ec1m m\u1ecbn, \u0111em \u0111\u1ebfn v\u1ecb \u0111\u1eafng nh\u1eb9 nh\u01b0ng c\u1ef1c k\u1ef3 quy\u1ebfn r\u0169.<\/li>\n<li data-section-id=\"1vec6h3\" data-start=\"873\" data-end=\"995\"><strong data-start=\"837\" data-end=\"889\">\ud83e\uded0 Vi\u1ec7t Qu\u1ea5t \u2013 <\/strong>Chua nh\u1eb9 t\u1eeb vi\u1ec7t qu\u1ea5t k\u1ebft h\u1ee3p c\u00f9ng l\u1edbp kem m\u1ecbn m\u00e0ng, t\u1ea1o n\u00ean h\u01b0\u01a1ng v\u1ecb t\u01b0\u01a1i m\u1edbi, thanh m\u00e1t.<\/li>\n<\/ul>\n<h3 data-section-id=\"1tjjrjv\" data-start=\"997\" data-end=\"1052\">\u2705 T\u1ea1i sao b\u1ea1n n\u00ean ch\u1ecdn Panna Cotta c\u1ee7a ch\u00fang t\u00f4i?<\/h3>\n<ul data-start=\"1053\" data-end=\"1436\">\n<li data-section-id=\"12d6767\" data-start=\"1053\" data-end=\"1139\"><strong data-start=\"1055\" data-end=\"1096\">Nguy\u00ean li\u1ec7u t\u01b0\u01a1i ngon, ch\u1ea5t l\u01b0\u1ee3ng cao<\/strong>: Kem t\u01b0\u01a1i, s\u1eefa t\u01b0\u01a1i, tr\u00e1i c\u00e2y nh\u1eadp kh\u1ea9u.<\/li>\n<li data-section-id=\"1ysjjay\" data-start=\"1140\" data-end=\"1218\"><strong data-start=\"1142\" data-end=\"1165\">Kh\u00f4ng ch\u1ea5t b\u1ea3o qu\u1ea3n<\/strong>: An to\u00e0n cho s\u1ee9c kh\u1ecfe, gi\u1eef tr\u1ecdn h\u01b0\u01a1ng v\u1ecb t\u1ef1 nhi\u00ean.<\/li>\n<li data-section-id=\"k8xiny\" data-start=\"1219\" data-end=\"1324\"><strong data-start=\"1221\" data-end=\"1270\">Th\u01b0\u1edfng th\u1ee9c ngay ho\u1eb7c l\u00e0m qu\u00e0 t\u1eb7ng sang tr\u1ecdng<\/strong>: H\u1ed9p b\u00e1nh \u0111\u01b0\u1ee3c thi\u1ebft k\u1ebf \u0111\u1eb9p m\u1eaft, th\u00edch h\u1ee3p m\u1ecdi d\u1ecbp.<\/li>\n<li data-section-id=\"5x5yn4\" data-start=\"1325\" data-end=\"1436\"><strong data-start=\"1327\" data-end=\"1360\">M\u1ec1m m\u1ecbn, tan ngay trong mi\u1ec7ng<\/strong>: Tr\u1ea3i nghi\u1ec7m kem b\u00e9o nh\u1eb9, h\u00f2a quy\u1ec7n c\u00f9ng h\u01b0\u01a1ng v\u1ecb tr\u00e1i c\u00e2y hay chocolate.<\/li>\n<\/ul>\n<h3 data-section-id=\"1sgcgwq\" data-start=\"1438\" data-end=\"1488\">\ud83c\udf1f Kh\u00e1m ph\u00e1 ngay h\u01b0\u01a1ng v\u1ecb y\u00eau th\u00edch c\u1ee7a b\u1ea1n!<\/h3>\n<p data-start=\"1489\" data-end=\"1643\">\u0110\u1eb7t <strong data-start=\"1493\" data-end=\"1541\">Panna Cotta<\/strong>\u00a0h\u00f4m nay v\u00e0 tr\u1ea3i nghi\u1ec7m m\u00f3n tr\u00e1ng mi\u1ec7ng tinh t\u1ebf, h\u1ea5p d\u1eabn, khi\u1ebfn m\u1ecdi kho\u1ea3nh kh\u1eafc th\u00eam ph\u1ea7n ng\u1ecdt ng\u00e0o.<\/p>\n<p data-start=\"1645\" data-end=\"1711\">\ud83d\udce6 <strong data-start=\"1648\" data-end=\"1709\">Giao h\u00e0ng nhanh \u2013 Ch\u1ea5t l\u01b0\u1ee3ng \u0111\u1ea3m b\u1ea3o \u2013 H\u01b0\u01a1ng v\u1ecb kh\u00f3 qu\u00ean!<\/strong><\/p>\n","protected":false},"excerpt":{"rendered":"<p>Panna cotta v\u1edbi 4 h\u01b0\u01a1ng v\u1ecb m\u00f9a h\u00e8:<\/p>\n<p>\ud83c\udf53 D\u00e2u \u2013 chua nh\u1eb9, ng\u1ecdt thanh, t\u01b0\u01a1i m\u00e1t<br data-start=\"39\" data-end=\"42\" \/>\ud83e\udd6d Xo\u00e0i \u2013 th\u01a1m ng\u1ecdt, b\u00e9o m\u1ecbn, \u0111\u1eadm v\u1ecb<br data-start=\"78\" data-end=\"81\" \/>\ud83c\udf75 Matcha \u2013 thanh nh\u1eb9, h\u01a1i \u0111\u1eafng tinh t\u1ebf<br data-start=\"120\" data-end=\"123\" \/>\ud83c\udf6b Chocolate \u2013 \u0111\u1eadm \u0111\u00e0, ng\u1ecdt b\u00e9o, cu\u1ed1n h\u00fat<br data-start=\"164\" data-end=\"167\" \/>\ud83e\uded0 Vi\u1ec7t qu\u1ea5t \u2013 chua d\u1ecbu, m\u00e1t l\u1ea1nh, h\u1ea5p d\u1eabn<\/p>\n","protected":false},"featured_media":118,"comment_status":"open","ping_status":"closed","template":"","meta":[],"product_brand":[],"product_cat":[34],"product_tag":[],"class_list":{"0":"post-113","1":"product","2":"type-product","3":"status-publish","4":"has-post-thumbnail","6":"product_cat-https-ysl-azdigi-shop-index-php-san-pham-113","8":"first","9":"instock","10":"sale","11":"shipping-taxable","12":"purchasable","13":"product-type-variable"},"yoast_head":"<!-- This site is optimized with the Yoast SEO plugin v27.2 - https:\/\/yoast.com\/product\/yoast-seo-wordpress\/ -->\n<title>Panna Cotta \u2013 M\u00f3n Tr\u00e1ng Mi\u1ec7ng M\u1ec1m M\u1ecbn, Th\u01a1m Ngon Kh\u00f3 C\u01b0\u1ee1ng - HopeBakery<\/title>\n<meta name=\"description\" content=\"m\u00f3n tr\u00e1ng mi\u1ec7ng v\u1eeba m\u1ec1m m\u1ecbn, v\u1eeba thanh ng\u1ecdt, v\u1eeba l\u1ea1 mi\u1ec7ng, th\u00edch h\u1ee3p \u0111\u1ec3 gi\u1ea3i nhi\u1ec7t cho m\u00f9a h\u00e8 oai b\u1ee9c, \u0111\u00f4ng th\u1eddi t\u1ed1t cho s\u1ee9c kh\u1ecfe\" \/>\n<meta name=\"robots\" content=\"index, follow, max-snippet:-1, max-image-preview:large, max-video-preview:-1\" \/>\n<link rel=\"canonical\" href=\"https:\/\/ysl.azdigi.shop\/index.php\/san-pham\/113\/\" \/>\n<meta property=\"og:locale\" content=\"vi_VN\" \/>\n<meta property=\"og:type\" content=\"article\" \/>\n<meta property=\"og:title\" content=\"Panna Cotta \u2013 M\u00f3n Tr\u00e1ng Mi\u1ec7ng M\u1ec1m M\u1ecbn, Th\u01a1m Ngon Kh\u00f3 C\u01b0\u1ee1ng - HopeBakery\" \/>\n<meta property=\"og:description\" content=\"m\u00f3n tr\u00e1ng mi\u1ec7ng v\u1eeba m\u1ec1m m\u1ecbn, v\u1eeba thanh ng\u1ecdt, v\u1eeba l\u1ea1 mi\u1ec7ng, th\u00edch h\u1ee3p \u0111\u1ec3 gi\u1ea3i nhi\u1ec7t cho m\u00f9a h\u00e8 oai b\u1ee9c, \u0111\u00f4ng th\u1eddi t\u1ed1t cho s\u1ee9c kh\u1ecfe\" \/>\n<meta property=\"og:url\" content=\"https:\/\/ysl.azdigi.shop\/index.php\/san-pham\/113\/\" \/>\n<meta property=\"og:site_name\" content=\"HopeBakery\" \/>\n<meta property=\"article:modified_time\" content=\"2026-04-03T05:55:16+00:00\" \/>\n<meta property=\"og:image\" content=\"https:\/\/ysl.azdigi.shop\/wp-content\/uploads\/2026\/03\/Screenshot-2026-03-29-154747.png\" \/>\n\t<meta property=\"og:image:width\" content=\"717\" \/>\n\t<meta property=\"og:image:height\" content=\"738\" \/>\n\t<meta property=\"og:image:type\" content=\"image\/png\" \/>\n<meta name=\"twitter:card\" content=\"summary_large_image\" \/>\n<meta name=\"twitter:label1\" content=\"\u01af\u1edbc t\u00ednh th\u1eddi gian \u0111\u1ecdc\" \/>\n\t<meta name=\"twitter:data1\" content=\"2 ph\u00fat\" \/>\n<script type=\"application\/ld+json\" class=\"yoast-schema-graph\">{\"@context\":\"https:\/\/schema.org\",\"@graph\":[{\"@type\":\"WebPage\",\"@id\":\"https:\/\/ysl.azdigi.shop\/index.php\/san-pham\/113\/\",\"url\":\"https:\/\/ysl.azdigi.shop\/index.php\/san-pham\/113\/\",\"name\":\"Panna Cotta \u2013 M\u00f3n Tr\u00e1ng Mi\u1ec7ng M\u1ec1m M\u1ecbn, Th\u01a1m Ngon Kh\u00f3 C\u01b0\u1ee1ng - HopeBakery\",\"isPartOf\":{\"@id\":\"https:\/\/ysl.azdigi.shop\/#website\"},\"primaryImageOfPage\":{\"@id\":\"https:\/\/ysl.azdigi.shop\/index.php\/san-pham\/113\/#primaryimage\"},\"image\":{\"@id\":\"https:\/\/ysl.azdigi.shop\/index.php\/san-pham\/113\/#primaryimage\"},\"thumbnailUrl\":\"https:\/\/ysl.azdigi.shop\/wp-content\/uploads\/2026\/03\/Screenshot-2026-03-29-154747.png\",\"datePublished\":\"2026-03-29T08:49:52+00:00\",\"dateModified\":\"2026-04-03T05:55:16+00:00\",\"description\":\"m\u00f3n tr\u00e1ng mi\u1ec7ng v\u1eeba m\u1ec1m m\u1ecbn, v\u1eeba thanh ng\u1ecdt, v\u1eeba l\u1ea1 mi\u1ec7ng, th\u00edch h\u1ee3p \u0111\u1ec3 gi\u1ea3i nhi\u1ec7t cho m\u00f9a h\u00e8 oai b\u1ee9c, \u0111\u00f4ng th\u1eddi t\u1ed1t cho s\u1ee9c kh\u1ecfe\",\"breadcrumb\":{\"@id\":\"https:\/\/ysl.azdigi.shop\/index.php\/san-pham\/113\/#breadcrumb\"},\"inLanguage\":\"vi\",\"potentialAction\":[{\"@type\":\"ReadAction\",\"target\":[\"https:\/\/ysl.azdigi.shop\/index.php\/san-pham\/113\/\"]}]},{\"@type\":\"ImageObject\",\"inLanguage\":\"vi\",\"@id\":\"https:\/\/ysl.azdigi.shop\/index.php\/san-pham\/113\/#primaryimage\",\"url\":\"https:\/\/ysl.azdigi.shop\/wp-content\/uploads\/2026\/03\/Screenshot-2026-03-29-154747.png\",\"contentUrl\":\"https:\/\/ysl.azdigi.shop\/wp-content\/uploads\/2026\/03\/Screenshot-2026-03-29-154747.png\",\"width\":717,\"height\":738},{\"@type\":\"BreadcrumbList\",\"@id\":\"https:\/\/ysl.azdigi.shop\/index.php\/san-pham\/113\/#breadcrumb\",\"itemListElement\":[{\"@type\":\"ListItem\",\"position\":1,\"name\":\"Trang ch\u1ee7\",\"item\":\"https:\/\/ysl.azdigi.shop\/\"},{\"@type\":\"ListItem\",\"position\":2,\"name\":\"C\u1eeda h\u00e0ng\",\"item\":\"https:\/\/ysl.azdigi.shop\/index.php\/cua-hang\/\"},{\"@type\":\"ListItem\",\"position\":3,\"name\":\"Panna Cotta \u2013 M\u00f3n Tr\u00e1ng Mi\u1ec7ng M\u1ec1m M\u1ecbn, Th\u01a1m Ngon Kh\u00f3 C\u01b0\u1ee1ng\"}]},{\"@type\":\"WebSite\",\"@id\":\"https:\/\/ysl.azdigi.shop\/#website\",\"url\":\"https:\/\/ysl.azdigi.shop\/\",\"name\":\"HopeBakery\",\"description\":\"\",\"potentialAction\":[{\"@type\":\"SearchAction\",\"target\":{\"@type\":\"EntryPoint\",\"urlTemplate\":\"https:\/\/ysl.azdigi.shop\/?s={search_term_string}\"},\"query-input\":{\"@type\":\"PropertyValueSpecification\",\"valueRequired\":true,\"valueName\":\"search_term_string\"}}],\"inLanguage\":\"vi\"}]}<\/script>\n<!-- \/ Yoast SEO plugin. -->","yoast_head_json":{"title":"Panna Cotta \u2013 M\u00f3n Tr\u00e1ng Mi\u1ec7ng M\u1ec1m M\u1ecbn, Th\u01a1m Ngon Kh\u00f3 C\u01b0\u1ee1ng - HopeBakery","description":"m\u00f3n tr\u00e1ng mi\u1ec7ng v\u1eeba m\u1ec1m m\u1ecbn, v\u1eeba thanh ng\u1ecdt, v\u1eeba l\u1ea1 mi\u1ec7ng, th\u00edch h\u1ee3p \u0111\u1ec3 gi\u1ea3i nhi\u1ec7t cho m\u00f9a h\u00e8 oai b\u1ee9c, \u0111\u00f4ng th\u1eddi t\u1ed1t cho s\u1ee9c kh\u1ecfe","robots":{"index":"index","follow":"follow","max-snippet":"max-snippet:-1","max-image-preview":"max-image-preview:large","max-video-preview":"max-video-preview:-1"},"canonical":"https:\/\/ysl.azdigi.shop\/index.php\/san-pham\/113\/","og_locale":"vi_VN","og_type":"article","og_title":"Panna Cotta \u2013 M\u00f3n Tr\u00e1ng Mi\u1ec7ng M\u1ec1m M\u1ecbn, Th\u01a1m Ngon Kh\u00f3 C\u01b0\u1ee1ng - HopeBakery","og_description":"m\u00f3n tr\u00e1ng mi\u1ec7ng v\u1eeba m\u1ec1m m\u1ecbn, v\u1eeba thanh ng\u1ecdt, v\u1eeba l\u1ea1 mi\u1ec7ng, th\u00edch h\u1ee3p \u0111\u1ec3 gi\u1ea3i nhi\u1ec7t cho m\u00f9a h\u00e8 oai b\u1ee9c, \u0111\u00f4ng th\u1eddi t\u1ed1t cho s\u1ee9c kh\u1ecfe","og_url":"https:\/\/ysl.azdigi.shop\/index.php\/san-pham\/113\/","og_site_name":"HopeBakery","article_modified_time":"2026-04-03T05:55:16+00:00","og_image":[{"width":717,"height":738,"url":"https:\/\/ysl.azdigi.shop\/wp-content\/uploads\/2026\/03\/Screenshot-2026-03-29-154747.png","type":"image\/png"}],"twitter_card":"summary_large_image","twitter_misc":{"\u01af\u1edbc t\u00ednh th\u1eddi gian \u0111\u1ecdc":"2 ph\u00fat"},"schema":{"@context":"https:\/\/schema.org","@graph":[{"@type":"WebPage","@id":"https:\/\/ysl.azdigi.shop\/index.php\/san-pham\/113\/","url":"https:\/\/ysl.azdigi.shop\/index.php\/san-pham\/113\/","name":"Panna Cotta \u2013 M\u00f3n Tr\u00e1ng Mi\u1ec7ng M\u1ec1m M\u1ecbn, Th\u01a1m Ngon Kh\u00f3 C\u01b0\u1ee1ng - HopeBakery","isPartOf":{"@id":"https:\/\/ysl.azdigi.shop\/#website"},"primaryImageOfPage":{"@id":"https:\/\/ysl.azdigi.shop\/index.php\/san-pham\/113\/#primaryimage"},"image":{"@id":"https:\/\/ysl.azdigi.shop\/index.php\/san-pham\/113\/#primaryimage"},"thumbnailUrl":"https:\/\/ysl.azdigi.shop\/wp-content\/uploads\/2026\/03\/Screenshot-2026-03-29-154747.png","datePublished":"2026-03-29T08:49:52+00:00","dateModified":"2026-04-03T05:55:16+00:00","description":"m\u00f3n tr\u00e1ng mi\u1ec7ng v\u1eeba m\u1ec1m m\u1ecbn, v\u1eeba thanh ng\u1ecdt, v\u1eeba l\u1ea1 mi\u1ec7ng, th\u00edch h\u1ee3p \u0111\u1ec3 gi\u1ea3i nhi\u1ec7t cho m\u00f9a h\u00e8 oai b\u1ee9c, \u0111\u00f4ng th\u1eddi t\u1ed1t cho s\u1ee9c kh\u1ecfe","breadcrumb":{"@id":"https:\/\/ysl.azdigi.shop\/index.php\/san-pham\/113\/#breadcrumb"},"inLanguage":"vi","potentialAction":[{"@type":"ReadAction","target":["https:\/\/ysl.azdigi.shop\/index.php\/san-pham\/113\/"]}]},{"@type":"ImageObject","inLanguage":"vi","@id":"https:\/\/ysl.azdigi.shop\/index.php\/san-pham\/113\/#primaryimage","url":"https:\/\/ysl.azdigi.shop\/wp-content\/uploads\/2026\/03\/Screenshot-2026-03-29-154747.png","contentUrl":"https:\/\/ysl.azdigi.shop\/wp-content\/uploads\/2026\/03\/Screenshot-2026-03-29-154747.png","width":717,"height":738},{"@type":"BreadcrumbList","@id":"https:\/\/ysl.azdigi.shop\/index.php\/san-pham\/113\/#breadcrumb","itemListElement":[{"@type":"ListItem","position":1,"name":"Trang ch\u1ee7","item":"https:\/\/ysl.azdigi.shop\/"},{"@type":"ListItem","position":2,"name":"C\u1eeda h\u00e0ng","item":"https:\/\/ysl.azdigi.shop\/index.php\/cua-hang\/"},{"@type":"ListItem","position":3,"name":"Panna Cotta \u2013 M\u00f3n Tr\u00e1ng Mi\u1ec7ng M\u1ec1m M\u1ecbn, Th\u01a1m Ngon Kh\u00f3 C\u01b0\u1ee1ng"}]},{"@type":"WebSite","@id":"https:\/\/ysl.azdigi.shop\/#website","url":"https:\/\/ysl.azdigi.shop\/","name":"HopeBakery","description":"","potentialAction":[{"@type":"SearchAction","target":{"@type":"EntryPoint","urlTemplate":"https:\/\/ysl.azdigi.shop\/?s={search_term_string}"},"query-input":{"@type":"PropertyValueSpecification","valueRequired":true,"valueName":"search_term_string"}}],"inLanguage":"vi"}]}},"_links":{"self":[{"href":"https:\/\/ysl.azdigi.shop\/index.php\/wp-json\/wp\/v2\/product\/113","targetHints":{"allow":["GET"]}}],"collection":[{"href":"https:\/\/ysl.azdigi.shop\/index.php\/wp-json\/wp\/v2\/product"}],"about":[{"href":"https:\/\/ysl.azdigi.shop\/index.php\/wp-json\/wp\/v2\/types\/product"}],"replies":[{"embeddable":true,"href":"https:\/\/ysl.azdigi.shop\/index.php\/wp-json\/wp\/v2\/comments?post=113"}],"wp:featuredmedia":[{"embeddable":true,"href":"https:\/\/ysl.azdigi.shop\/index.php\/wp-json\/wp\/v2\/media\/118"}],"wp:attachment":[{"href":"https:\/\/ysl.azdigi.shop\/index.php\/wp-json\/wp\/v2\/media?parent=113"}],"wp:term":[{"taxonomy":"product_brand","embeddable":true,"href":"https:\/\/ysl.azdigi.shop\/index.php\/wp-json\/wp\/v2\/product_brand?post=113"},{"taxonomy":"product_cat","embeddable":true,"href":"https:\/\/ysl.azdigi.shop\/index.php\/wp-json\/wp\/v2\/product_cat?post=113"},{"taxonomy":"product_tag","embeddable":true,"href":"https:\/\/ysl.azdigi.shop\/index.php\/wp-json\/wp\/v2\/product_tag?post=113"}],"curies":[{"name":"wp","href":"https:\/\/api.w.org\/{rel}","templated":true}]}}