{"id":210,"date":"2026-03-31T04:22:24","date_gmt":"2026-03-31T04:22:24","guid":{"rendered":"https:\/\/ysl.azdigi.shop\/?post_type=product&#038;p=210"},"modified":"2026-04-19T10:21:57","modified_gmt":"2026-04-19T10:21:57","slug":"banh-kem-matcha-trai-cay-tuoi-hope-bakery","status":"publish","type":"product","link":"https:\/\/ysl.azdigi.shop\/index.php\/san-pham\/banh-kem-matcha-trai-cay-tuoi-hope-bakery\/","title":{"rendered":"B\u00e1nh kem Tr\u00e1i C\u00e2y T\u01b0\u01a1i Hope Bakery"},"content":{"rendered":"<div class=\"flex flex-col text-sm pb-25\">\n<section class=\"text-token-text-primary w-full focus:outline-none [--shadow-height:45px] has-data-writing-block:pointer-events-none has-data-writing-block:-mt-(--shadow-height) has-data-writing-block:pt-(--shadow-height) [&amp;:has([data-writing-block])&gt;*]:pointer-events-auto scroll-mt-[calc(var(--header-height)+min(200px,max(70px,20svh)))]\" dir=\"auto\" data-turn-id=\"request-WEB:4aa85de2-4777-45c0-9df0-e05a192a9068-5\" data-testid=\"conversation-turn-12\" data-scroll-anchor=\"true\" data-turn=\"assistant\">\n<div class=\"text-base my-auto mx-auto pb-10 [--thread-content-margin:var(--thread-content-margin-xs,calc(var(--spacing)*4))] @w-sm\/main:[--thread-content-margin:var(--thread-content-margin-sm,calc(var(--spacing)*6))] @w-lg\/main:[--thread-content-margin:var(--thread-content-margin-lg,calc(var(--spacing)*16))] px-(--thread-content-margin)\">\n<div class=\"[--thread-content-max-width:40rem] @w-lg\/main:[--thread-content-max-width:48rem] mx-auto max-w-(--thread-content-max-width) flex-1 group\/turn-messages focus-visible:outline-hidden relative flex w-full min-w-0 flex-col agent-turn\">\n<div class=\"flex max-w-full flex-col gap-4 grow\">\n<div class=\"min-h-8 text-message relative flex w-full flex-col items-end gap-2 text-start break-words whitespace-normal outline-none keyboard-focused:focus-ring [.text-message+&amp;]:mt-1\" dir=\"auto\" tabindex=\"0\" data-message-author-role=\"assistant\" data-message-id=\"b2f2c6bb-1588-4e53-94d4-baa1f72eb4f5\" data-message-model-slug=\"gpt-5-3\" data-turn-start-message=\"true\">\n<div class=\"flex w-full flex-col gap-1 empty:hidden\">\n<div class=\"markdown prose dark:prose-invert w-full wrap-break-word light markdown-new-styling\">\n<div class=\"flex flex-col text-sm pb-25\">\n<section class=\"text-token-text-primary w-full focus:outline-none [--shadow-height:45px] has-data-writing-block:pointer-events-none has-data-writing-block:-mt-(--shadow-height) has-data-writing-block:pt-(--shadow-height) [&amp;:has([data-writing-block])&gt;*]:pointer-events-auto scroll-mt-[calc(var(--header-height)+min(200px,max(70px,20svh)))]\" dir=\"auto\" data-turn-id=\"request-WEB:4aa85de2-4777-45c0-9df0-e05a192a9068-7\" data-testid=\"conversation-turn-16\" data-scroll-anchor=\"true\" data-turn=\"assistant\">\n<div class=\"text-base my-auto mx-auto pb-10 [--thread-content-margin:var(--thread-content-margin-xs,calc(var(--spacing)*4))] @w-sm\/main:[--thread-content-margin:var(--thread-content-margin-sm,calc(var(--spacing)*6))] @w-lg\/main:[--thread-content-margin:var(--thread-content-margin-lg,calc(var(--spacing)*16))] px-(--thread-content-margin)\">\n<div class=\"[--thread-content-max-width:40rem] @w-lg\/main:[--thread-content-max-width:48rem] mx-auto max-w-(--thread-content-max-width) flex-1 group\/turn-messages focus-visible:outline-hidden relative flex w-full min-w-0 flex-col agent-turn\">\n<div class=\"flex max-w-full flex-col gap-4 grow\">\n<div class=\"min-h-8 text-message relative flex w-full flex-col items-end gap-2 text-start break-words whitespace-normal outline-none keyboard-focused:focus-ring [.text-message+&amp;]:mt-1\" dir=\"auto\" tabindex=\"0\" data-message-author-role=\"assistant\" data-message-id=\"330aacc9-331f-443b-8e2d-597efc39ce03\" data-message-model-slug=\"gpt-5-3\" data-turn-start-message=\"true\">\n<div class=\"flex w-full flex-col gap-1 empty:hidden\">\n<div class=\"markdown prose dark:prose-invert w-full wrap-break-word light markdown-new-styling\">\n<p data-start=\"170\" data-end=\"353\" data-is-last-node=\"\" data-is-only-node=\"\">B\u00e1nh kem Tr\u00e1i C\u00e2y T\u01b0\u01a1i Hope Bakery<\/p>\n<p data-start=\"170\" data-end=\"353\" data-is-last-node=\"\" data-is-only-node=\"\">\ud83c\udf3f <strong data-start=\"188\" data-end=\"206\">2 v\u1ecb l\u1ef1a ch\u1ecdn:<\/strong><\/p>\n<\/div>\n<\/div>\n<\/div>\n<\/div>\n<\/div>\n<\/div>\n<\/section>\n<\/div>\n<p data-start=\"210\" data-end=\"235\">\ud83c\udf75 <strong data-start=\"213\" data-end=\"233\">Matcha tr\u00e1i c\u00e2y:<\/strong><\/p>\n<ul data-start=\"236\" data-end=\"387\">\n<li data-section-id=\"ewdpah\" data-start=\"236\" data-end=\"272\">V\u1ecb matcha th\u01a1m nh\u1eb9, h\u01a1i \u0111\u1eafng d\u1ecbu<\/li>\n<li data-section-id=\"1kw0le0\" data-start=\"273\" data-end=\"331\">K\u1ebft h\u1ee3p tr\u00e1i c\u00e2y t\u01b0\u01a1i t\u1ea1o c\u1ea3m gi\u00e1c thanh m\u00e1t, c\u00e2n b\u1eb1ng<\/li>\n<li data-section-id=\"1rtgaq7\" data-start=\"332\" data-end=\"387\">Ph\u00f9 h\u1ee3p cho team th\u00edch v\u1ecb \u201chealthy\u201d, kh\u00f4ng qu\u00e1 ng\u1ecdt<\/li>\n<\/ul>\n<p data-start=\"389\" data-end=\"411\">\ud83e\udd5b <strong data-start=\"392\" data-end=\"409\">S\u1eefa tr\u00e1i c\u00e2y:<\/strong><\/p>\n<ul data-start=\"412\" data-end=\"519\">\n<li data-section-id=\"1vdej7v\" data-start=\"412\" data-end=\"441\">Kem s\u1eefa b\u00e9o nh\u1eb9, ng\u1ecdt d\u1ecbu<\/li>\n<li data-section-id=\"1lvfeip\" data-start=\"442\" data-end=\"484\">H\u00f2a quy\u1ec7n c\u00f9ng tr\u00e1i c\u00e2y t\u01b0\u01a1i m\u1ecdng n\u01b0\u1edbc<\/li>\n<li data-section-id=\"ls9vev\" data-start=\"485\" data-end=\"519\">D\u1ec5 \u0103n, h\u1ee3p kh\u1ea9u v\u1ecb nhi\u1ec1u ng\u01b0\u1eddi<\/li>\n<\/ul>\n<p data-start=\"521\" data-end=\"538\">\ud83c\udf70 <strong data-start=\"524\" data-end=\"536\">C\u1ea5u t\u1ea1o:<\/strong><\/p>\n<ul data-start=\"539\" data-end=\"622\">\n<li data-section-id=\"fj2kto\" data-start=\"539\" data-end=\"559\">B\u00f4ng lan m\u1ec1m x\u1ed1p<\/li>\n<li data-section-id=\"1j02rob\" data-start=\"560\" data-end=\"579\">L\u1edbp kem m\u1ecbn nh\u1eb9<\/li>\n<li data-section-id=\"lfd6om\" data-start=\"580\" data-end=\"622\">Topping tr\u00e1i c\u00e2y t\u01b0\u01a1i \u0111a d\u1ea1ng, b\u1eaft m\u1eaft<\/li>\n<\/ul>\n<p data-start=\"624\" data-end=\"790\">\ud83d\udc9b <strong data-start=\"627\" data-end=\"643\">Tr\u1ea3i nghi\u1ec7m:<\/strong><br data-start=\"643\" data-end=\"646\" \/>M\u1ed7i mi\u1ebfng b\u00e1nh l\u00e0 s\u1ef1 h\u00f2a quy\u1ec7n gi\u1eefa v\u1ecb ng\u1ecdt thanh c\u1ee7a tr\u00e1i c\u00e2y v\u00e0 l\u1edbp kem m\u00e1t l\u1ea1nh, mang l\u1ea1i c\u1ea3m gi\u00e1c <strong data-start=\"748\" data-end=\"785\">t\u01b0\u01a1i m\u1edbi \u2013 nh\u1eb9 nh\u00e0ng \u2013 kh\u00f4ng ng\u1ea5y<\/strong> \ud83d\ude0d<\/p>\n<p data-start=\"933\" data-end=\"972\">\ud83d\ude9a <strong data-start=\"936\" data-end=\"970\">Th\u00f4ng tin \u0111\u1eb7t b\u00e1nh &amp; giao h\u00e0ng<\/strong><\/p>\n<ul data-start=\"973\" data-end=\"1201\">\n<li data-section-id=\"bvlzd6\" data-start=\"973\" data-end=\"1012\">B\u00e1nh \u0111\u01b0\u1ee3c l\u00e0m ngay sau khi nh\u1eadn \u0111\u01a1n<\/li>\n<li data-section-id=\"co330u\" data-start=\"1013\" data-end=\"1045\">Giao nhanh trong <strong data-start=\"1032\" data-end=\"1043\">3\u20134 gi\u1edd<\/strong><\/li>\n<li data-section-id=\"znfi9j\" data-start=\"1046\" data-end=\"1099\">Vui l\u00f2ng ghi ch\u00fa th\u1eddi gian nh\u1eadn b\u00e1nh t\u1ea1i gi\u1ecf h\u00e0ng<\/li>\n<li data-section-id=\"7ouv6g\" data-start=\"1100\" data-end=\"1154\">\u0110\u01a1n l\u1edbn ho\u1eb7c g\u1ea5p: n\u00ean \u0111\u1eb7t tr\u01b0\u1edbc <strong data-start=\"1134\" data-end=\"1152\">\u00edt nh\u1ea5t 24 gi\u1edd<\/strong><\/li>\n<li data-section-id=\"1r40cs5\" data-start=\"1155\" data-end=\"1201\">Nh\u00e2n vi\u00ean CSKH s\u1ebd li\u00ean h\u1ec7 x\u00e1c nh\u1eadn khi c\u1ea7n<\/li>\n<\/ul>\n<p data-start=\"1203\" data-end=\"1227\">\ud83c\udf81 <strong data-start=\"1206\" data-end=\"1225\">Ph\u1ee5 ki\u1ec7n \u0111i k\u00e8m<\/strong><\/p>\n<ul data-start=\"1228\" data-end=\"1333\">\n<li data-section-id=\"1t6lqux\" data-start=\"1228\" data-end=\"1267\">Bao g\u1ed3m: <strong data-start=\"1239\" data-end=\"1265\">dao c\u1eaft, n\u1ebfn, \u0111\u0129a, n\u0129a<\/strong><\/li>\n<li data-section-id=\"g2uhn2\" data-start=\"1268\" data-end=\"1333\">Kh\u00f4ng bao g\u1ed3m ph\u1ee5 ki\u1ec7n trang tr\u00ed, gi\u1ea5y g\u00f3i (c\u00f3 th\u1ec3 ch\u1ecdn th\u00eam)<\/li>\n<\/ul>\n<p data-start=\"1335\" data-end=\"1362\">\u2744\ufe0f <strong data-start=\"1338\" data-end=\"1360\">H\u01b0\u1edbng d\u1eabn b\u1ea3o qu\u1ea3n<\/strong><\/p>\n<ul data-start=\"1363\" data-end=\"1522\">\n<li data-section-id=\"1677d65\" data-start=\"1363\" data-end=\"1397\">B\u1ea3o qu\u1ea3n l\u1ea1nh t\u1eeb <strong data-start=\"1382\" data-end=\"1395\">0\u00b0C \u2013 5\u00b0C<\/strong><\/li>\n<li data-section-id=\"8qrd0i\" data-start=\"1398\" data-end=\"1428\">Ngon nh\u1ea5t trong <strong data-start=\"1416\" data-end=\"1426\">24 gi\u1edd<\/strong><\/li>\n<li data-section-id=\"r8qu8m\" data-start=\"1429\" data-end=\"1469\">Kh\u00f4ng \u0111\u1ec3 ngo\u00e0i t\u1ee7 l\u1ea1nh qu\u00e1 <strong data-start=\"1458\" data-end=\"1467\">3 gi\u1edd<\/strong><\/li>\n<li data-section-id=\"1jsvvt4\" data-start=\"1470\" data-end=\"1522\">Kh\u00f4ng ch\u1ea5t b\u1ea3o qu\u1ea3n \u2013 h\u1ea1n d\u00f9ng t\u1ed1i \u0111a <strong data-start=\"1510\" data-end=\"1520\">48 gi\u1edd<\/strong><\/li>\n<\/ul>\n<p data-start=\"1825\" data-end=\"1986\" data-is-last-node=\"\" data-is-only-node=\"\"><strong data-start=\"1672\" data-end=\"1690\">Th\u00f4ng tin li\u00ean h\u1ec7:<\/strong><\/p>\n<p data-start=\"1825\" data-end=\"1986\" data-is-last-node=\"\" data-is-only-node=\"\">Zalo:0796797520<\/p>\n<p data-start=\"1825\" data-end=\"1986\" data-is-last-node=\"\" data-is-only-node=\"\">Email:nguyenthanhtructhnt2007@gmail.com<\/p>\n<p data-start=\"1825\" data-end=\"1986\" data-is-last-node=\"\" data-is-only-node=\"\">\u0110\u1ecba ch\u1ec9 :265 Nguy\u1ec5n V\u0103n L\u01b0\u1ee3ng<\/p>\n<p data-start=\"1825\" data-end=\"1986\" data-is-last-node=\"\" data-is-only-node=\"\">\ud83d\udc49 \u0110\u1eb7t ngay <strong data-start=\"1837\" data-end=\"1908\">b\u00e1nh kem Matcha \u2013 tr\u00e1i c\u00e2y t\u01b0\u01a1i Hope Bakery<\/strong> \u0111\u1ec3 tr\u1ea3i nghi\u1ec7m h\u01b0\u01a1ng v\u1ecb thanh m\u00e1t, tinh t\u1ebf v\u00e0 d\u1ecbch v\u1ee5 giao nhanh ti\u1ec7n l\u1ee3i! \ud83d\udc96<\/p>\n<\/div>\n<\/div>\n<\/div>\n<\/div>\n<div class=\"z-0 flex min-h-[46px] justify-start\"><\/div>\n<div class=\"mt-3 w-full empty:hidden\">\n<div class=\"text-center\"><\/div>\n<\/div>\n<\/div>\n<\/div>\n<\/section>\n<\/div>\n<div class=\"pointer-events-none h-px w-px absolute bottom-0\" aria-hidden=\"true\" data-edge=\"true\"><\/div>\n","protected":false},"excerpt":{"rendered":"<div class=\"flex flex-col text-sm pb-25\">\n<section class=\"text-token-text-primary w-full focus:outline-none [--shadow-height:45px] has-data-writing-block:pointer-events-none has-data-writing-block:-mt-(--shadow-height) has-data-writing-block:pt-(--shadow-height) [&amp;:has([data-writing-block])&gt;*]:pointer-events-auto scroll-mt-[calc(var(--header-height)+min(200px,max(70px,20svh)))]\" dir=\"auto\" data-turn-id=\"request-WEB:4aa85de2-4777-45c0-9df0-e05a192a9068-7\" data-testid=\"conversation-turn-16\" data-scroll-anchor=\"true\" data-turn=\"assistant\">\n<div class=\"text-base my-auto mx-auto pb-10 [--thread-content-margin:var(--thread-content-margin-xs,calc(var(--spacing)*4))] @w-sm\/main:[--thread-content-margin:var(--thread-content-margin-sm,calc(var(--spacing)*6))] @w-lg\/main:[--thread-content-margin:var(--thread-content-margin-lg,calc(var(--spacing)*16))] px-(--thread-content-margin)\">\n<div class=\"[--thread-content-max-width:40rem] @w-lg\/main:[--thread-content-max-width:48rem] mx-auto max-w-(--thread-content-max-width) flex-1 group\/turn-messages focus-visible:outline-hidden relative flex w-full min-w-0 flex-col agent-turn\">\n<div class=\"flex max-w-full flex-col gap-4 grow\">\n<div class=\"min-h-8 text-message relative flex w-full flex-col items-end gap-2 text-start break-words whitespace-normal outline-none keyboard-focused:focus-ring [.text-message+&amp;]:mt-1\" dir=\"auto\" tabindex=\"0\" data-message-author-role=\"assistant\" data-message-id=\"330aacc9-331f-443b-8e2d-597efc39ce03\" data-message-model-slug=\"gpt-5-3\" data-turn-start-message=\"true\">\n<div class=\"flex w-full flex-col gap-1 empty:hidden\">\n<div class=\"markdown prose dark:prose-invert w-full wrap-break-word light markdown-new-styling\">\n<p data-start=\"170\" data-end=\"353\" data-is-last-node=\"\" data-is-only-node=\"\">\ud83c\udf3f <strong data-start=\"188\" data-end=\"206\">2 v\u1ecb l\u1ef1a ch\u1ecdn:<\/strong><\/p>\n<\/div>\n<\/div>\n<\/div>\n<\/div>\n<\/div>\n<\/div>\n<\/section>\n<\/div>\n<p data-start=\"210\" data-end=\"235\">\ud83c\udf75 <strong data-start=\"213\" data-end=\"233\">Matcha tr\u00e1i c\u00e2y:<\/strong><\/p>\n<ul data-start=\"236\" data-end=\"387\">\n<li data-section-id=\"ewdpah\" data-start=\"236\" data-end=\"272\">V\u1ecb matcha th\u01a1m nh\u1eb9, h\u01a1i \u0111\u1eafng d\u1ecbu<\/li>\n<li data-section-id=\"1kw0le0\" data-start=\"273\" data-end=\"331\">K\u1ebft h\u1ee3p tr\u00e1i c\u00e2y t\u01b0\u01a1i t\u1ea1o c\u1ea3m gi\u00e1c thanh m\u00e1t, c\u00e2n b\u1eb1ng<\/li>\n<li data-section-id=\"1rtgaq7\" data-start=\"332\" data-end=\"387\">Ph\u00f9 h\u1ee3p cho team th\u00edch v\u1ecb \u201chealthy\u201d, kh\u00f4ng qu\u00e1 ng\u1ecdt<\/li>\n<\/ul>\n<p data-start=\"389\" data-end=\"411\">\ud83e\udd5b <strong data-start=\"392\" data-end=\"409\">S\u1eefa tr\u00e1i c\u00e2y:<\/strong><\/p>\n<ul data-start=\"412\" data-end=\"519\">\n<li data-section-id=\"1vdej7v\" data-start=\"412\" data-end=\"441\">Kem s\u1eefa b\u00e9o nh\u1eb9, ng\u1ecdt d\u1ecbu<\/li>\n<li data-section-id=\"1lvfeip\" data-start=\"442\" data-end=\"484\">H\u00f2a quy\u1ec7n c\u00f9ng tr\u00e1i c\u00e2y t\u01b0\u01a1i m\u1ecdng n\u01b0\u1edbc<\/li>\n<li data-section-id=\"ls9vev\" data-start=\"485\" data-end=\"519\">D\u1ec5 \u0103n, h\u1ee3p kh\u1ea9u v\u1ecb nhi\u1ec1u ng\u01b0\u1eddi<\/li>\n<\/ul>\n","protected":false},"featured_media":81,"comment_status":"open","ping_status":"closed","template":"","meta":[],"product_brand":[],"product_cat":[31],"product_tag":[],"class_list":{"0":"post-210","1":"product","2":"type-product","3":"status-publish","4":"has-post-thumbnail","6":"product_cat-https-ysl-azdigi-shop-index-php-san-pham-banh-kem-dau-tam","8":"first","9":"instock","10":"sale","11":"taxable","12":"shipping-taxable","13":"purchasable","14":"product-type-variable"},"yoast_head":"<!-- This site is optimized with the Yoast SEO plugin v27.2 - https:\/\/yoast.com\/product\/yoast-seo-wordpress\/ -->\n<title>B\u00e1nh kem Tr\u00e1i C\u00e2y T\u01b0\u01a1i Hope Bakery - HopeBakery<\/title>\n<meta name=\"description\" content=\"h\u00f2a quy\u1ec7n v\u1ecb matcha thanh nh\u1eb9, sung h\u1ed3ng ng\u1ecdt d\u1ecbu, vi\u1ec7t qu\u1ea5t chua nh\u1eb9 c\u00f9ng l\u1edbp tr\u00e1i c\u00e2y t\u01b0\u01a1i m\u00e1t, t\u1ea1o n\u00ean chi\u1ebfc b\u00e1nh tinh t\u1ebf, th\u01a1m ngon v\u00e0 c\u1ef1c k\u1ef3 b\u1eaft m\u1eaft\" \/>\n<meta name=\"robots\" content=\"index, follow, max-snippet:-1, max-image-preview:large, max-video-preview:-1\" \/>\n<link rel=\"canonical\" href=\"https:\/\/ysl.azdigi.shop\/index.php\/san-pham\/banh-kem-matcha-trai-cay-tuoi-hope-bakery\/\" \/>\n<meta property=\"og:locale\" content=\"vi_VN\" \/>\n<meta property=\"og:type\" content=\"article\" \/>\n<meta property=\"og:title\" content=\"B\u00e1nh kem Tr\u00e1i C\u00e2y T\u01b0\u01a1i Hope Bakery - HopeBakery\" \/>\n<meta property=\"og:description\" content=\"h\u00f2a quy\u1ec7n v\u1ecb matcha thanh nh\u1eb9, sung h\u1ed3ng ng\u1ecdt d\u1ecbu, vi\u1ec7t qu\u1ea5t chua nh\u1eb9 c\u00f9ng l\u1edbp tr\u00e1i c\u00e2y t\u01b0\u01a1i m\u00e1t, t\u1ea1o n\u00ean chi\u1ebfc b\u00e1nh tinh t\u1ebf, th\u01a1m ngon v\u00e0 c\u1ef1c k\u1ef3 b\u1eaft m\u1eaft\" \/>\n<meta property=\"og:url\" content=\"https:\/\/ysl.azdigi.shop\/index.php\/san-pham\/banh-kem-matcha-trai-cay-tuoi-hope-bakery\/\" \/>\n<meta property=\"og:site_name\" content=\"HopeBakery\" \/>\n<meta property=\"article:modified_time\" content=\"2026-04-19T10:21:57+00:00\" \/>\n<meta property=\"og:image\" content=\"https:\/\/ysl.azdigi.shop\/wp-content\/uploads\/2026\/03\/Screenshot-2026-03-29-123356.png\" \/>\n\t<meta property=\"og:image:width\" content=\"816\" \/>\n\t<meta property=\"og:image:height\" content=\"812\" \/>\n\t<meta property=\"og:image:type\" content=\"image\/png\" \/>\n<meta name=\"twitter:card\" content=\"summary_large_image\" \/>\n<meta name=\"twitter:label1\" content=\"\u01af\u1edbc t\u00ednh th\u1eddi gian \u0111\u1ecdc\" \/>\n\t<meta name=\"twitter:data1\" content=\"2 ph\u00fat\" \/>\n<script type=\"application\/ld+json\" class=\"yoast-schema-graph\">{\"@context\":\"https:\/\/schema.org\",\"@graph\":[{\"@type\":\"WebPage\",\"@id\":\"https:\/\/ysl.azdigi.shop\/index.php\/san-pham\/banh-kem-matcha-trai-cay-tuoi-hope-bakery\/\",\"url\":\"https:\/\/ysl.azdigi.shop\/index.php\/san-pham\/banh-kem-matcha-trai-cay-tuoi-hope-bakery\/\",\"name\":\"B\u00e1nh kem Tr\u00e1i C\u00e2y T\u01b0\u01a1i Hope Bakery - HopeBakery\",\"isPartOf\":{\"@id\":\"https:\/\/ysl.azdigi.shop\/#website\"},\"primaryImageOfPage\":{\"@id\":\"https:\/\/ysl.azdigi.shop\/index.php\/san-pham\/banh-kem-matcha-trai-cay-tuoi-hope-bakery\/#primaryimage\"},\"image\":{\"@id\":\"https:\/\/ysl.azdigi.shop\/index.php\/san-pham\/banh-kem-matcha-trai-cay-tuoi-hope-bakery\/#primaryimage\"},\"thumbnailUrl\":\"https:\/\/ysl.azdigi.shop\/wp-content\/uploads\/2026\/03\/Screenshot-2026-03-29-123356.png\",\"datePublished\":\"2026-03-31T04:22:24+00:00\",\"dateModified\":\"2026-04-19T10:21:57+00:00\",\"description\":\"h\u00f2a quy\u1ec7n v\u1ecb matcha thanh nh\u1eb9, sung h\u1ed3ng ng\u1ecdt d\u1ecbu, vi\u1ec7t qu\u1ea5t chua nh\u1eb9 c\u00f9ng l\u1edbp tr\u00e1i c\u00e2y t\u01b0\u01a1i m\u00e1t, t\u1ea1o n\u00ean chi\u1ebfc b\u00e1nh tinh t\u1ebf, th\u01a1m ngon v\u00e0 c\u1ef1c k\u1ef3 b\u1eaft m\u1eaft\",\"breadcrumb\":{\"@id\":\"https:\/\/ysl.azdigi.shop\/index.php\/san-pham\/banh-kem-matcha-trai-cay-tuoi-hope-bakery\/#breadcrumb\"},\"inLanguage\":\"vi\",\"potentialAction\":[{\"@type\":\"ReadAction\",\"target\":[\"https:\/\/ysl.azdigi.shop\/index.php\/san-pham\/banh-kem-matcha-trai-cay-tuoi-hope-bakery\/\"]}]},{\"@type\":\"ImageObject\",\"inLanguage\":\"vi\",\"@id\":\"https:\/\/ysl.azdigi.shop\/index.php\/san-pham\/banh-kem-matcha-trai-cay-tuoi-hope-bakery\/#primaryimage\",\"url\":\"https:\/\/ysl.azdigi.shop\/wp-content\/uploads\/2026\/03\/Screenshot-2026-03-29-123356.png\",\"contentUrl\":\"https:\/\/ysl.azdigi.shop\/wp-content\/uploads\/2026\/03\/Screenshot-2026-03-29-123356.png\",\"width\":816,\"height\":812},{\"@type\":\"BreadcrumbList\",\"@id\":\"https:\/\/ysl.azdigi.shop\/index.php\/san-pham\/banh-kem-matcha-trai-cay-tuoi-hope-bakery\/#breadcrumb\",\"itemListElement\":[{\"@type\":\"ListItem\",\"position\":1,\"name\":\"Trang ch\u1ee7\",\"item\":\"https:\/\/ysl.azdigi.shop\/\"},{\"@type\":\"ListItem\",\"position\":2,\"name\":\"C\u1eeda h\u00e0ng\",\"item\":\"https:\/\/ysl.azdigi.shop\/index.php\/cua-hang\/\"},{\"@type\":\"ListItem\",\"position\":3,\"name\":\"B\u00e1nh kem Tr\u00e1i C\u00e2y T\u01b0\u01a1i Hope Bakery\"}]},{\"@type\":\"WebSite\",\"@id\":\"https:\/\/ysl.azdigi.shop\/#website\",\"url\":\"https:\/\/ysl.azdigi.shop\/\",\"name\":\"HopeBakery\",\"description\":\"\",\"potentialAction\":[{\"@type\":\"SearchAction\",\"target\":{\"@type\":\"EntryPoint\",\"urlTemplate\":\"https:\/\/ysl.azdigi.shop\/?s={search_term_string}\"},\"query-input\":{\"@type\":\"PropertyValueSpecification\",\"valueRequired\":true,\"valueName\":\"search_term_string\"}}],\"inLanguage\":\"vi\"}]}<\/script>\n<!-- \/ Yoast SEO plugin. -->","yoast_head_json":{"title":"B\u00e1nh kem Tr\u00e1i C\u00e2y T\u01b0\u01a1i Hope Bakery - HopeBakery","description":"h\u00f2a quy\u1ec7n v\u1ecb matcha thanh nh\u1eb9, sung h\u1ed3ng ng\u1ecdt d\u1ecbu, vi\u1ec7t qu\u1ea5t chua nh\u1eb9 c\u00f9ng l\u1edbp tr\u00e1i c\u00e2y t\u01b0\u01a1i m\u00e1t, t\u1ea1o n\u00ean chi\u1ebfc b\u00e1nh tinh t\u1ebf, th\u01a1m ngon v\u00e0 c\u1ef1c k\u1ef3 b\u1eaft m\u1eaft","robots":{"index":"index","follow":"follow","max-snippet":"max-snippet:-1","max-image-preview":"max-image-preview:large","max-video-preview":"max-video-preview:-1"},"canonical":"https:\/\/ysl.azdigi.shop\/index.php\/san-pham\/banh-kem-matcha-trai-cay-tuoi-hope-bakery\/","og_locale":"vi_VN","og_type":"article","og_title":"B\u00e1nh kem Tr\u00e1i C\u00e2y T\u01b0\u01a1i Hope Bakery - HopeBakery","og_description":"h\u00f2a quy\u1ec7n v\u1ecb matcha thanh nh\u1eb9, sung h\u1ed3ng ng\u1ecdt d\u1ecbu, vi\u1ec7t qu\u1ea5t chua nh\u1eb9 c\u00f9ng l\u1edbp tr\u00e1i c\u00e2y t\u01b0\u01a1i m\u00e1t, t\u1ea1o n\u00ean chi\u1ebfc b\u00e1nh tinh t\u1ebf, th\u01a1m ngon v\u00e0 c\u1ef1c k\u1ef3 b\u1eaft m\u1eaft","og_url":"https:\/\/ysl.azdigi.shop\/index.php\/san-pham\/banh-kem-matcha-trai-cay-tuoi-hope-bakery\/","og_site_name":"HopeBakery","article_modified_time":"2026-04-19T10:21:57+00:00","og_image":[{"width":816,"height":812,"url":"https:\/\/ysl.azdigi.shop\/wp-content\/uploads\/2026\/03\/Screenshot-2026-03-29-123356.png","type":"image\/png"}],"twitter_card":"summary_large_image","twitter_misc":{"\u01af\u1edbc t\u00ednh th\u1eddi gian \u0111\u1ecdc":"2 ph\u00fat"},"schema":{"@context":"https:\/\/schema.org","@graph":[{"@type":"WebPage","@id":"https:\/\/ysl.azdigi.shop\/index.php\/san-pham\/banh-kem-matcha-trai-cay-tuoi-hope-bakery\/","url":"https:\/\/ysl.azdigi.shop\/index.php\/san-pham\/banh-kem-matcha-trai-cay-tuoi-hope-bakery\/","name":"B\u00e1nh kem Tr\u00e1i C\u00e2y T\u01b0\u01a1i Hope Bakery - HopeBakery","isPartOf":{"@id":"https:\/\/ysl.azdigi.shop\/#website"},"primaryImageOfPage":{"@id":"https:\/\/ysl.azdigi.shop\/index.php\/san-pham\/banh-kem-matcha-trai-cay-tuoi-hope-bakery\/#primaryimage"},"image":{"@id":"https:\/\/ysl.azdigi.shop\/index.php\/san-pham\/banh-kem-matcha-trai-cay-tuoi-hope-bakery\/#primaryimage"},"thumbnailUrl":"https:\/\/ysl.azdigi.shop\/wp-content\/uploads\/2026\/03\/Screenshot-2026-03-29-123356.png","datePublished":"2026-03-31T04:22:24+00:00","dateModified":"2026-04-19T10:21:57+00:00","description":"h\u00f2a quy\u1ec7n v\u1ecb matcha thanh nh\u1eb9, sung h\u1ed3ng ng\u1ecdt d\u1ecbu, vi\u1ec7t qu\u1ea5t chua nh\u1eb9 c\u00f9ng l\u1edbp tr\u00e1i c\u00e2y t\u01b0\u01a1i m\u00e1t, t\u1ea1o n\u00ean chi\u1ebfc b\u00e1nh tinh t\u1ebf, th\u01a1m ngon v\u00e0 c\u1ef1c k\u1ef3 b\u1eaft m\u1eaft","breadcrumb":{"@id":"https:\/\/ysl.azdigi.shop\/index.php\/san-pham\/banh-kem-matcha-trai-cay-tuoi-hope-bakery\/#breadcrumb"},"inLanguage":"vi","potentialAction":[{"@type":"ReadAction","target":["https:\/\/ysl.azdigi.shop\/index.php\/san-pham\/banh-kem-matcha-trai-cay-tuoi-hope-bakery\/"]}]},{"@type":"ImageObject","inLanguage":"vi","@id":"https:\/\/ysl.azdigi.shop\/index.php\/san-pham\/banh-kem-matcha-trai-cay-tuoi-hope-bakery\/#primaryimage","url":"https:\/\/ysl.azdigi.shop\/wp-content\/uploads\/2026\/03\/Screenshot-2026-03-29-123356.png","contentUrl":"https:\/\/ysl.azdigi.shop\/wp-content\/uploads\/2026\/03\/Screenshot-2026-03-29-123356.png","width":816,"height":812},{"@type":"BreadcrumbList","@id":"https:\/\/ysl.azdigi.shop\/index.php\/san-pham\/banh-kem-matcha-trai-cay-tuoi-hope-bakery\/#breadcrumb","itemListElement":[{"@type":"ListItem","position":1,"name":"Trang ch\u1ee7","item":"https:\/\/ysl.azdigi.shop\/"},{"@type":"ListItem","position":2,"name":"C\u1eeda h\u00e0ng","item":"https:\/\/ysl.azdigi.shop\/index.php\/cua-hang\/"},{"@type":"ListItem","position":3,"name":"B\u00e1nh kem Tr\u00e1i C\u00e2y T\u01b0\u01a1i Hope Bakery"}]},{"@type":"WebSite","@id":"https:\/\/ysl.azdigi.shop\/#website","url":"https:\/\/ysl.azdigi.shop\/","name":"HopeBakery","description":"","potentialAction":[{"@type":"SearchAction","target":{"@type":"EntryPoint","urlTemplate":"https:\/\/ysl.azdigi.shop\/?s={search_term_string}"},"query-input":{"@type":"PropertyValueSpecification","valueRequired":true,"valueName":"search_term_string"}}],"inLanguage":"vi"}]}},"_links":{"self":[{"href":"https:\/\/ysl.azdigi.shop\/index.php\/wp-json\/wp\/v2\/product\/210","targetHints":{"allow":["GET"]}}],"collection":[{"href":"https:\/\/ysl.azdigi.shop\/index.php\/wp-json\/wp\/v2\/product"}],"about":[{"href":"https:\/\/ysl.azdigi.shop\/index.php\/wp-json\/wp\/v2\/types\/product"}],"replies":[{"embeddable":true,"href":"https:\/\/ysl.azdigi.shop\/index.php\/wp-json\/wp\/v2\/comments?post=210"}],"wp:featuredmedia":[{"embeddable":true,"href":"https:\/\/ysl.azdigi.shop\/index.php\/wp-json\/wp\/v2\/media\/81"}],"wp:attachment":[{"href":"https:\/\/ysl.azdigi.shop\/index.php\/wp-json\/wp\/v2\/media?parent=210"}],"wp:term":[{"taxonomy":"product_brand","embeddable":true,"href":"https:\/\/ysl.azdigi.shop\/index.php\/wp-json\/wp\/v2\/product_brand?post=210"},{"taxonomy":"product_cat","embeddable":true,"href":"https:\/\/ysl.azdigi.shop\/index.php\/wp-json\/wp\/v2\/product_cat?post=210"},{"taxonomy":"product_tag","embeddable":true,"href":"https:\/\/ysl.azdigi.shop\/index.php\/wp-json\/wp\/v2\/product_tag?post=210"}],"curies":[{"name":"wp","href":"https:\/\/api.w.org\/{rel}","templated":true}]}}