{"id":219,"date":"2026-03-31T04:42:42","date_gmt":"2026-03-31T04:42:42","guid":{"rendered":"https:\/\/ysl.azdigi.shop\/?post_type=product&#038;p=219"},"modified":"2026-04-03T05:54:44","modified_gmt":"2026-04-03T05:54:44","slug":"mousse-tra-olong-dau","status":"publish","type":"product","link":"https:\/\/ysl.azdigi.shop\/index.php\/san-pham\/mousse-tra-olong-dau\/","title":{"rendered":"MOUSSE TR\u00c0 OLONG D\u00c2U"},"content":{"rendered":"<h2><strong>1. Gi\u1edbi thi\u1ec7u b\u00e1nh<\/strong><\/h2>\n<p>\u0110\u01b0\u1ee3c tuy\u1ec3n ch\u1ecdn k\u1ef9 l\u01b0\u1ee1ng t\u1eeb nh\u1eefng b\u00fap tr\u00e0 t\u01b0\u01a1i t\u1ea1i L\u00e2m \u0110\u1ed3ng, c\u00f9ng quy tr\u00ecnh s\u1ea3n xu\u1ea5t hi\u1ec7n \u0111\u1ea1i theo ti\u00eau chu\u1ea9n \u0110\u00e0i Loan, tr\u00e0 Olong Kim Tuy\u00ean l\u00e0 gi\u1ed1ng \u201ctr\u00e0 h\u1ea3o h\u1ea1ng\u201d \u0111\u01b0\u1ee3c Binrou ch\u1ecdn l\u1ef1a \u0111\u1ec3 l\u00e0m n\u00ean \u201ctinh th\u1ea7n\u201d cho chi\u1ebfc b\u00e1nh \u201cthu\u1ea7n ch\u1ea5t v\u1ecb \u0111\u1eb7c s\u1ea3n\u201d.<\/p>\n<p>Tr\u00ean n\u1ec1n tr\u00e0 Olong th\u01a1m n\u1ed3ng, ch\u00fat chua ng\u1ecdt thanh m\u00e1t \u0111\u1eb7c tr\u01b0ng c\u1ee7a d\u00e2u t\u00e2y ho\u00e0 quy\u1ec7n tinh t\u1ebf, mang \u0111\u1ebfn s\u1ef1 c\u00e2n b\u1eb1ng ho\u00e0n h\u1ea3o cho chi\u1ebfc b\u00e1nh. Bin \u0111\u00e3 k\u1ebft h\u1ee3p v\u1edbi l\u1edbp m\u1ee9t tan ch\u1ea3y \u0111\u01b0\u1ee3c n\u1ea5u th\u1ee7 c\u00f4ng t\u1eeb d\u00e2u t\u01b0\u01a1i t\u1ea1o s\u1ef1 kh\u00e1c bi\u1ec7t so v\u1edbi c\u00e1c l\u1edbp b\u00e1nh \u0111\u01b0\u1ee3c ra m\u1eaft tr\u01b0\u1edbc \u0111\u00f3.<\/p>\n<p>Mousse Tr\u00e0 Oolong D\u00e2u mang \u0111\u1ebfn m\u1ed9t tr\u1ea3i nghi\u1ec7m tr\u00f2n v\u1eb9n c\u1ea3 v\u1ec1 v\u1ecb l\u1eabn kh\u1ee9u gi\u00e1c \u0111\u1ea7y thi v\u1ecb v\u00e0 \u0111\u1ed9c \u0111\u00e1o !<\/p>\n<p>&nbsp;<\/p>\n<p>&nbsp;<\/p>\n<h2><strong>2. M\u00f4 t\u1ea3 c\u1ea5u tr\u00fac b\u00e1nh<\/strong><\/h2>\n<ol>\n<li>Trang tr\u00ed v\u1edbi d\u00e2u t\u01b0\u01a1i v\u00e0 kem ganache th\u1ee7 c\u00f4ng v\u1ecb tr\u00e0 \u0111en Shan Tuy\u1ebft<\/li>\n<li>L\u1edbp Mousse tr\u00e0 Oolong T\u1ee9 Qu\u00fd<\/li>\n<li>L\u1edbp m\u1ee9t th\u1ee7 c\u00f4ng tan ch\u1ea3y l\u00e0m t\u1eeb d\u00e2u t\u01b0\u01a1i xay nhuy\u1ec5n<\/li>\n<li>B\u1ea1t b\u00e1nh Vani th\u1ee7 c\u00f4ng m\u1ec1 m\u1ecbn<\/li>\n<li>L\u1edbp Mousse tr\u00e0 Oolong T\u1ee9 Qu\u00fd \u0111\u1eadm v\u1ecb<\/li>\n<li>B\u1ea1t b\u00e1nh Vani th\u1ee7 c\u00f4ng m\u1ec1m m\u1ecbn<\/li>\n<\/ol>\n<p>&nbsp;<\/p>\n<h2><strong>3. Th\u00f4ng tin b\u00e1nh<\/strong><\/h2>\n<p>Size \u0111\u01b0\u1eddng k\u00ednh 18cm, cao t\u1ea7m 7 &#8211; 8cm, d\u00e0nh cho 5 &#8211; 8 ng\u01b0\u1eddi ho\u1eb7c 8 &#8211; 10 ng\u01b0\u1eddi<\/p>\n<p><em><strong>B\u00e1nh ngon l\u00e0nh v\u00e0 tr\u1ecdn v\u1eb9n h\u01a1n khi \u0111\u01b0\u1ee3c b\u1ea3o qu\u1ea3n l\u1ea1nh.<\/strong><\/em><\/p>\n<hr \/>\n<h1>TH\u00d4NG TIN LI\u00caN H\u1ec6<\/h1>\n<p>S\u1ed1 \u0111i\u1ec7n tho\u1ea1i: 0796797520<\/p>\n<p>Email:hopebakery@gmail.com<\/p>\n<p>\u0110\u1ecba ch\u1ec9: 265 Nguy\u1ec5n V\u0103n L\u01b0\u1ee3ng<\/p>\n","protected":false},"excerpt":{"rendered":"<p>S\u1ef1 k\u1ebft h\u1ee3p tinh t\u1ebf gi\u1eefa <strong data-start=\"60\" data-end=\"82\">tr\u00e0 Olong th\u01a1m d\u1ecbu<\/strong> v\u00e0 <strong data-start=\"86\" data-end=\"103\">d\u00e2u chua ng\u1ecdt<\/strong>, t\u1ea1o n\u00ean chi\u1ebfc b\u00e1nh mousse m\u1ec1m m\u1ecbn, tan ngay trong mi\u1ec7ng.<\/p>\n<p>Size \u0111\u01b0\u1eddng k\u00ednh 18cm, cao t\u1ea7m 7 &#8211; 8cm, d\u00e0nh cho 5 &#8211; 8 ng\u01b0\u1eddi ho\u1eb7c 8 &#8211; 10 ng\u01b0\u1eddi<\/p>\n","protected":false},"featured_media":220,"comment_status":"open","ping_status":"closed","template":"","meta":[],"product_brand":[],"product_cat":[35],"product_tag":[],"class_list":{"0":"post-219","1":"product","2":"type-product","3":"status-publish","4":"has-post-thumbnail","6":"product_cat-https-ysl-azdigi-shop-index-php-san-pham-mousse-bo","8":"first","9":"instock","10":"sale","11":"taxable","12":"shipping-taxable","13":"purchasable","14":"product-type-simple"},"yoast_head":"<!-- This site is optimized with the Yoast SEO plugin v27.2 - https:\/\/yoast.com\/product\/yoast-seo-wordpress\/ -->\n<title>MOUSSE TR\u00c0 OLONG D\u00c2U - HopeBakery<\/title>\n<meta name=\"description\" content=\"Tr\u00ean n\u1ec1n tr\u00e0 Olong th\u01a1m n\u1ed3ng, ch\u00fat chua ng\u1ecdt thanh m\u00e1t \u0111\u1eb7c tr\u01b0ng c\u1ee7a d\u00e2u t\u00e2y ho\u00e0 quy\u1ec7n tinh t\u1ebf t\u1ea1o n\u00ean m\u00f3n b\u00e1nh h\u1ea5p d\u1eabn, qu\u00fd ph\u00e1i.\" \/>\n<meta name=\"robots\" content=\"index, follow, max-snippet:-1, max-image-preview:large, max-video-preview:-1\" \/>\n<link rel=\"canonical\" href=\"https:\/\/ysl.azdigi.shop\/index.php\/san-pham\/mousse-tra-olong-dau\/\" \/>\n<meta property=\"og:locale\" content=\"vi_VN\" \/>\n<meta property=\"og:type\" content=\"article\" \/>\n<meta property=\"og:title\" content=\"MOUSSE TR\u00c0 OLONG D\u00c2U - HopeBakery\" \/>\n<meta property=\"og:description\" content=\"Tr\u00ean n\u1ec1n tr\u00e0 Olong th\u01a1m n\u1ed3ng, ch\u00fat chua ng\u1ecdt thanh m\u00e1t \u0111\u1eb7c tr\u01b0ng c\u1ee7a d\u00e2u t\u00e2y ho\u00e0 quy\u1ec7n tinh t\u1ebf t\u1ea1o n\u00ean m\u00f3n b\u00e1nh h\u1ea5p d\u1eabn, qu\u00fd ph\u00e1i.\" \/>\n<meta property=\"og:url\" content=\"https:\/\/ysl.azdigi.shop\/index.php\/san-pham\/mousse-tra-olong-dau\/\" \/>\n<meta property=\"og:site_name\" content=\"HopeBakery\" \/>\n<meta property=\"article:modified_time\" content=\"2026-04-03T05:54:44+00:00\" \/>\n<meta property=\"og:image\" content=\"https:\/\/ysl.azdigi.shop\/wp-content\/uploads\/2026\/03\/olong-dau-1.webp\" \/>\n\t<meta property=\"og:image:width\" content=\"480\" \/>\n\t<meta property=\"og:image:height\" content=\"360\" \/>\n\t<meta property=\"og:image:type\" content=\"image\/webp\" \/>\n<meta name=\"twitter:card\" content=\"summary_large_image\" \/>\n<meta name=\"twitter:label1\" content=\"\u01af\u1edbc t\u00ednh th\u1eddi gian \u0111\u1ecdc\" \/>\n\t<meta name=\"twitter:data1\" content=\"2 ph\u00fat\" \/>\n<script type=\"application\/ld+json\" class=\"yoast-schema-graph\">{\"@context\":\"https:\/\/schema.org\",\"@graph\":[{\"@type\":\"WebPage\",\"@id\":\"https:\/\/ysl.azdigi.shop\/index.php\/san-pham\/mousse-tra-olong-dau\/\",\"url\":\"https:\/\/ysl.azdigi.shop\/index.php\/san-pham\/mousse-tra-olong-dau\/\",\"name\":\"MOUSSE TR\u00c0 OLONG D\u00c2U - HopeBakery\",\"isPartOf\":{\"@id\":\"https:\/\/ysl.azdigi.shop\/#website\"},\"primaryImageOfPage\":{\"@id\":\"https:\/\/ysl.azdigi.shop\/index.php\/san-pham\/mousse-tra-olong-dau\/#primaryimage\"},\"image\":{\"@id\":\"https:\/\/ysl.azdigi.shop\/index.php\/san-pham\/mousse-tra-olong-dau\/#primaryimage\"},\"thumbnailUrl\":\"https:\/\/ysl.azdigi.shop\/wp-content\/uploads\/2026\/03\/olong-dau-1.webp\",\"datePublished\":\"2026-03-31T04:42:42+00:00\",\"dateModified\":\"2026-04-03T05:54:44+00:00\",\"description\":\"Tr\u00ean n\u1ec1n tr\u00e0 Olong th\u01a1m n\u1ed3ng, ch\u00fat chua ng\u1ecdt thanh m\u00e1t \u0111\u1eb7c tr\u01b0ng c\u1ee7a d\u00e2u t\u00e2y ho\u00e0 quy\u1ec7n tinh t\u1ebf t\u1ea1o n\u00ean m\u00f3n b\u00e1nh h\u1ea5p d\u1eabn, qu\u00fd ph\u00e1i.\",\"breadcrumb\":{\"@id\":\"https:\/\/ysl.azdigi.shop\/index.php\/san-pham\/mousse-tra-olong-dau\/#breadcrumb\"},\"inLanguage\":\"vi\",\"potentialAction\":[{\"@type\":\"ReadAction\",\"target\":[\"https:\/\/ysl.azdigi.shop\/index.php\/san-pham\/mousse-tra-olong-dau\/\"]}]},{\"@type\":\"ImageObject\",\"inLanguage\":\"vi\",\"@id\":\"https:\/\/ysl.azdigi.shop\/index.php\/san-pham\/mousse-tra-olong-dau\/#primaryimage\",\"url\":\"https:\/\/ysl.azdigi.shop\/wp-content\/uploads\/2026\/03\/olong-dau-1.webp\",\"contentUrl\":\"https:\/\/ysl.azdigi.shop\/wp-content\/uploads\/2026\/03\/olong-dau-1.webp\",\"width\":480,\"height\":360},{\"@type\":\"BreadcrumbList\",\"@id\":\"https:\/\/ysl.azdigi.shop\/index.php\/san-pham\/mousse-tra-olong-dau\/#breadcrumb\",\"itemListElement\":[{\"@type\":\"ListItem\",\"position\":1,\"name\":\"Trang ch\u1ee7\",\"item\":\"https:\/\/ysl.azdigi.shop\/\"},{\"@type\":\"ListItem\",\"position\":2,\"name\":\"C\u1eeda h\u00e0ng\",\"item\":\"https:\/\/ysl.azdigi.shop\/index.php\/cua-hang\/\"},{\"@type\":\"ListItem\",\"position\":3,\"name\":\"MOUSSE TR\u00c0 OLONG D\u00c2U\"}]},{\"@type\":\"WebSite\",\"@id\":\"https:\/\/ysl.azdigi.shop\/#website\",\"url\":\"https:\/\/ysl.azdigi.shop\/\",\"name\":\"HopeBakery\",\"description\":\"\",\"potentialAction\":[{\"@type\":\"SearchAction\",\"target\":{\"@type\":\"EntryPoint\",\"urlTemplate\":\"https:\/\/ysl.azdigi.shop\/?s={search_term_string}\"},\"query-input\":{\"@type\":\"PropertyValueSpecification\",\"valueRequired\":true,\"valueName\":\"search_term_string\"}}],\"inLanguage\":\"vi\"}]}<\/script>\n<!-- \/ Yoast SEO plugin. -->","yoast_head_json":{"title":"MOUSSE TR\u00c0 OLONG D\u00c2U - HopeBakery","description":"Tr\u00ean n\u1ec1n tr\u00e0 Olong th\u01a1m n\u1ed3ng, ch\u00fat chua ng\u1ecdt thanh m\u00e1t \u0111\u1eb7c tr\u01b0ng c\u1ee7a d\u00e2u t\u00e2y ho\u00e0 quy\u1ec7n tinh t\u1ebf t\u1ea1o n\u00ean m\u00f3n b\u00e1nh h\u1ea5p d\u1eabn, qu\u00fd ph\u00e1i.","robots":{"index":"index","follow":"follow","max-snippet":"max-snippet:-1","max-image-preview":"max-image-preview:large","max-video-preview":"max-video-preview:-1"},"canonical":"https:\/\/ysl.azdigi.shop\/index.php\/san-pham\/mousse-tra-olong-dau\/","og_locale":"vi_VN","og_type":"article","og_title":"MOUSSE TR\u00c0 OLONG D\u00c2U - HopeBakery","og_description":"Tr\u00ean n\u1ec1n tr\u00e0 Olong th\u01a1m n\u1ed3ng, ch\u00fat chua ng\u1ecdt thanh m\u00e1t \u0111\u1eb7c tr\u01b0ng c\u1ee7a d\u00e2u t\u00e2y ho\u00e0 quy\u1ec7n tinh t\u1ebf t\u1ea1o n\u00ean m\u00f3n b\u00e1nh h\u1ea5p d\u1eabn, qu\u00fd ph\u00e1i.","og_url":"https:\/\/ysl.azdigi.shop\/index.php\/san-pham\/mousse-tra-olong-dau\/","og_site_name":"HopeBakery","article_modified_time":"2026-04-03T05:54:44+00:00","og_image":[{"width":480,"height":360,"url":"https:\/\/ysl.azdigi.shop\/wp-content\/uploads\/2026\/03\/olong-dau-1.webp","type":"image\/webp"}],"twitter_card":"summary_large_image","twitter_misc":{"\u01af\u1edbc t\u00ednh th\u1eddi gian \u0111\u1ecdc":"2 ph\u00fat"},"schema":{"@context":"https:\/\/schema.org","@graph":[{"@type":"WebPage","@id":"https:\/\/ysl.azdigi.shop\/index.php\/san-pham\/mousse-tra-olong-dau\/","url":"https:\/\/ysl.azdigi.shop\/index.php\/san-pham\/mousse-tra-olong-dau\/","name":"MOUSSE TR\u00c0 OLONG D\u00c2U - HopeBakery","isPartOf":{"@id":"https:\/\/ysl.azdigi.shop\/#website"},"primaryImageOfPage":{"@id":"https:\/\/ysl.azdigi.shop\/index.php\/san-pham\/mousse-tra-olong-dau\/#primaryimage"},"image":{"@id":"https:\/\/ysl.azdigi.shop\/index.php\/san-pham\/mousse-tra-olong-dau\/#primaryimage"},"thumbnailUrl":"https:\/\/ysl.azdigi.shop\/wp-content\/uploads\/2026\/03\/olong-dau-1.webp","datePublished":"2026-03-31T04:42:42+00:00","dateModified":"2026-04-03T05:54:44+00:00","description":"Tr\u00ean n\u1ec1n tr\u00e0 Olong th\u01a1m n\u1ed3ng, ch\u00fat chua ng\u1ecdt thanh m\u00e1t \u0111\u1eb7c tr\u01b0ng c\u1ee7a d\u00e2u t\u00e2y ho\u00e0 quy\u1ec7n tinh t\u1ebf t\u1ea1o n\u00ean m\u00f3n b\u00e1nh h\u1ea5p d\u1eabn, qu\u00fd ph\u00e1i.","breadcrumb":{"@id":"https:\/\/ysl.azdigi.shop\/index.php\/san-pham\/mousse-tra-olong-dau\/#breadcrumb"},"inLanguage":"vi","potentialAction":[{"@type":"ReadAction","target":["https:\/\/ysl.azdigi.shop\/index.php\/san-pham\/mousse-tra-olong-dau\/"]}]},{"@type":"ImageObject","inLanguage":"vi","@id":"https:\/\/ysl.azdigi.shop\/index.php\/san-pham\/mousse-tra-olong-dau\/#primaryimage","url":"https:\/\/ysl.azdigi.shop\/wp-content\/uploads\/2026\/03\/olong-dau-1.webp","contentUrl":"https:\/\/ysl.azdigi.shop\/wp-content\/uploads\/2026\/03\/olong-dau-1.webp","width":480,"height":360},{"@type":"BreadcrumbList","@id":"https:\/\/ysl.azdigi.shop\/index.php\/san-pham\/mousse-tra-olong-dau\/#breadcrumb","itemListElement":[{"@type":"ListItem","position":1,"name":"Trang ch\u1ee7","item":"https:\/\/ysl.azdigi.shop\/"},{"@type":"ListItem","position":2,"name":"C\u1eeda h\u00e0ng","item":"https:\/\/ysl.azdigi.shop\/index.php\/cua-hang\/"},{"@type":"ListItem","position":3,"name":"MOUSSE TR\u00c0 OLONG D\u00c2U"}]},{"@type":"WebSite","@id":"https:\/\/ysl.azdigi.shop\/#website","url":"https:\/\/ysl.azdigi.shop\/","name":"HopeBakery","description":"","potentialAction":[{"@type":"SearchAction","target":{"@type":"EntryPoint","urlTemplate":"https:\/\/ysl.azdigi.shop\/?s={search_term_string}"},"query-input":{"@type":"PropertyValueSpecification","valueRequired":true,"valueName":"search_term_string"}}],"inLanguage":"vi"}]}},"_links":{"self":[{"href":"https:\/\/ysl.azdigi.shop\/index.php\/wp-json\/wp\/v2\/product\/219","targetHints":{"allow":["GET"]}}],"collection":[{"href":"https:\/\/ysl.azdigi.shop\/index.php\/wp-json\/wp\/v2\/product"}],"about":[{"href":"https:\/\/ysl.azdigi.shop\/index.php\/wp-json\/wp\/v2\/types\/product"}],"replies":[{"embeddable":true,"href":"https:\/\/ysl.azdigi.shop\/index.php\/wp-json\/wp\/v2\/comments?post=219"}],"wp:featuredmedia":[{"embeddable":true,"href":"https:\/\/ysl.azdigi.shop\/index.php\/wp-json\/wp\/v2\/media\/220"}],"wp:attachment":[{"href":"https:\/\/ysl.azdigi.shop\/index.php\/wp-json\/wp\/v2\/media?parent=219"}],"wp:term":[{"taxonomy":"product_brand","embeddable":true,"href":"https:\/\/ysl.azdigi.shop\/index.php\/wp-json\/wp\/v2\/product_brand?post=219"},{"taxonomy":"product_cat","embeddable":true,"href":"https:\/\/ysl.azdigi.shop\/index.php\/wp-json\/wp\/v2\/product_cat?post=219"},{"taxonomy":"product_tag","embeddable":true,"href":"https:\/\/ysl.azdigi.shop\/index.php\/wp-json\/wp\/v2\/product_tag?post=219"}],"curies":[{"name":"wp","href":"https:\/\/api.w.org\/{rel}","templated":true}]}}