{"id":227,"date":"2026-03-31T05:02:03","date_gmt":"2026-03-31T05:02:03","guid":{"rendered":"https:\/\/ysl.azdigi.shop\/?post_type=product&#038;p=227"},"modified":"2026-04-24T15:16:23","modified_gmt":"2026-04-24T15:16:23","slug":"mousse-tra-nhai-long-nhan","status":"publish","type":"product","link":"https:\/\/ysl.azdigi.shop\/index.php\/san-pham\/mousse-tra-nhai-long-nhan\/","title":{"rendered":"MOUSSE TR\u00c0 NH\u00c0I LONG NH\u00c3N"},"content":{"rendered":"<h2><strong>1. Gi\u1edbi thi\u1ec7u b\u00e1nh<\/strong><\/h2>\n<p>Tr\u1ea3i qua qu\u00e1 tr\u00ecnh \u01b0\u1edbp hoa \u0110\u00e0i Loan t\u1ef1 nhi\u00ean, gi\u00fap v\u1ecb tr\u00e0 th\u01b0\u1edfng c\u00f3 h\u1eadu ng\u1ecdt \u0111i c\u00f9ng h\u01b0\u01a1ng th\u01a1m c\u00f4 \u0111\u1ecdng c\u1ee7a hoa nh\u00e0i. \u0110i\u1ec3m th\u00eam ch\u00fat nh\u00e3n t\u01b0\u01a1i c\u0103ng tr\u00f2n, \u0111\u1eadm v\u1ecb tr\u00e0 n\u1ed5i b\u1eadt trong s\u1ef1 ph\u1ed1i tr\u1ed9n t\u1eeb l\u1edbp Mousse L\u1ee5c tr\u00e0 nh\u00e0i v\u00e0 l\u1edbp m\u1ee9t th\u1ee7 c\u00f4ng tan ch\u1ea3y l\u00e0m t\u1eeb nh\u00e3n xay nhuy\u1ec5n v\u00e0 qu\u1ebf hoa.<\/p>\n<p>Th\u01b0\u1edfng th\u1ee9c t\u1eebng t\u1ea7ng h\u01b0\u01a1ng v\u1ecb nguy\u00ean b\u1ea3n \u2013 \u0111\u1eadm v\u1ecb tr\u00e0 c\u00f9ng Mousse Tr\u00e0 Nh\u00e0i Long Nh\u00e3n.<\/p>\n<p>&nbsp;<\/p>\n<p data-start=\"256\" data-end=\"278\">\ud83c\udf3f <strong data-start=\"259\" data-end=\"276\">\u0110i\u1ec3m n\u1ed5i b\u1eadt:<\/strong><\/p>\n<ul data-start=\"279\" data-end=\"447\">\n<li data-section-id=\"n44v9g\" data-start=\"279\" data-end=\"334\">H\u01b0\u01a1ng <strong data-start=\"287\" data-end=\"308\">tr\u00e0 nh\u00e0i th\u01a1m d\u1ecbu<\/strong>, thanh tho\u00e1t, kh\u00f4ng g\u1eaft<\/li>\n<li data-section-id=\"aanlfx\" data-start=\"335\" data-end=\"393\">V\u1ecb <strong data-start=\"340\" data-end=\"362\">long nh\u00e3n ng\u1ecdt nh\u1eb9<\/strong>, t\u1ef1 nhi\u00ean, c\u00e2n b\u1eb1ng ho\u00e0n h\u1ea3o<\/li>\n<li data-section-id=\"svnuoj\" data-start=\"394\" data-end=\"447\">K\u1ebft c\u1ea5u mousse <strong data-start=\"411\" data-end=\"445\">m\u1ec1m m\u1ecbn \u2013 tan ngay trong mi\u1ec7ng<\/strong><\/li>\n<\/ul>\n<p data-start=\"449\" data-end=\"466\">\ud83c\udf6f <strong data-start=\"452\" data-end=\"464\">C\u1ea5u t\u1ea1o:<\/strong><\/p>\n<ul data-start=\"467\" data-end=\"583\">\n<li data-section-id=\"voz1iy\" data-start=\"467\" data-end=\"490\">L\u1edbp \u0111\u1ebf b\u00e1nh m\u1ec1m nh\u1eb9<\/li>\n<li data-section-id=\"7cglyu\" data-start=\"491\" data-end=\"533\">L\u1edbp mousse tr\u00e0 nh\u00e0i b\u00f4ng x\u1ed1p, th\u01a1m m\u00e1t<\/li>\n<li data-section-id=\"1uc00f5\" data-start=\"534\" data-end=\"583\">Xen k\u1ebd l\u1edbp long nh\u00e3n t\u1ea1o \u0111i\u1ec3m nh\u1ea5n ng\u1ecdt thanh<\/li>\n<\/ul>\n<p data-start=\"585\" data-end=\"816\">\ud83d\udc9b <strong data-start=\"588\" data-end=\"604\">Tr\u1ea3i nghi\u1ec7m:<\/strong><br data-start=\"604\" data-end=\"607\" \/>M\u1ed7i mu\u1ed7ng b\u00e1nh l\u00e0 s\u1ef1 h\u00f2a quy\u1ec7n gi\u1eefa h\u01b0\u01a1ng tr\u00e0 thanh tao v\u00e0 v\u1ecb tr\u00e1i c\u00e2y d\u1ecbu ng\u1ecdt, mang l\u1ea1i c\u1ea3m gi\u00e1c <strong data-start=\"706\" data-end=\"746\">nh\u1eb9 nh\u00e0ng, th\u01b0 gi\u00e3n v\u00e0 kh\u00f4ng h\u1ec1 ng\u1ea5y<\/strong> \u2013 r\u1ea5t ph\u00f9 h\u1ee3p cho nh\u1eefng bu\u1ed5i chi\u1ec1u chill ho\u1eb7c l\u00e0m qu\u00e0 t\u1eb7ng tinh t\u1ebf.<\/p>\n<p>&nbsp;<\/p>\n<p>&nbsp;<\/p>\n<h2><strong>2. M\u00f4 t\u1ea3 c\u1ea5u tr\u00fac b\u00e1nh<\/strong><\/h2>\n<ol>\n<li>Trang tr\u00ed v\u1edbi tr\u00e1i nh\u00e3n v\u00e0 kem ganache th\u1ee7 c\u00f4ng v\u1ecb tr\u00e0 \u0111en Shan Tuy\u1ebft<\/li>\n<li>L\u1edbp Mousse L\u1ee5c tr\u00e0 \u01b0\u1edbp hoa Nh\u00e0i th\u1ee7 c\u00f4ng<\/li>\n<li>L\u1edbp m\u1ee9t th\u1ee7 c\u00f4ng tan ch\u1ea3y l\u00e0m t\u1eeb nh\u00e3n xay nhuy\u1ec5n c\u00f9ng qu\u1ebf hoa<\/li>\n<li>B\u1ea1t b\u00e1nh Vani th\u1ee7 c\u00f4ng m\u1ec1m m\u1ecbn<\/li>\n<li>L\u1edbp Mousse L\u1ee5c tr\u00e0 Nh\u00e0i \u0111\u1eadm v\u1ecb<\/li>\n<li>B\u1ea1t b\u00e1nh Vani th\u1ee7 c\u00f4ng m\u1ec1m m\u1ecbn<\/li>\n<\/ol>\n<p>&nbsp;<\/p>\n<h2><strong>3. Th\u00f4ng tin b\u00e1nh<\/strong><\/h2>\n<p>Size \u0111\u01b0\u1eddng k\u00ednh 18cm v\u00e0 22cm<\/p>\n<p>&nbsp;<\/p>\n<p>&nbsp;<\/p>\n<p><em><strong>B\u00e1nh ngon l\u00e0nh v\u00e0 tr\u1ecdn v\u1eb9n h\u01a1n khi \u0111\u01b0\u1ee3c b\u1ea3o qu\u1ea3n l\u1ea1nh.<\/strong><\/em><\/p>\n<hr \/>\n<h2>TH\u00d4NG TIN LI\u00caN H\u1ec6<\/h2>\n<p>S\u1ed1 \u0111i\u1ec7n tho\u1ea1i: 0796797520<\/p>\n<p>Email: hopebakery@gmailcom<\/p>\n<p>\u0110\u1ecba ch\u1ec9: 265 Nguy\u1ec5n V\u0103n L\u01b0\u1ee3ng<\/p>\n","protected":false},"excerpt":{"rendered":"<p>Tr\u1ea3i qua qu\u00e1 tr\u00ecnh \u01b0\u1edbp hoa \u0110\u00e0i Loan t\u1ef1 nhi\u00ean, gi\u00fap v\u1ecb tr\u00e0 th\u01b0\u1edfng c\u00f3 h\u1eadu ng\u1ecdt \u0111i c\u00f9ng h\u01b0\u01a1ng th\u01a1m c\u00f4 \u0111\u1ecdng c\u1ee7a hoa nh\u00e0i. \u0110i\u1ec3m th\u00eam ch\u00fat nh\u00e3n t\u01b0\u01a1i c\u0103ng tr\u00f2n, \u0111\u1eadm v\u1ecb tr\u00e0 n\u1ed5i b\u1eadt trong s\u1ef1 ph\u1ed1i tr\u1ed9n t\u1eeb l\u1edbp Mousse L\u1ee5c tr\u00e0 nh\u00e0i v\u00e0 l\u1edbp m\u1ee9t th\u1ee7 c\u00f4ng tan ch\u1ea3y l\u00e0m t\u1eeb nh\u00e3n xay nhuy\u1ec5n v\u00e0 qu\u1ebf hoa.<\/p>\n<p>Size \u0111\u01b0\u1eddng k\u00ednh 18cm v\u00e0 22cm<\/p>\n","protected":false},"featured_media":194,"comment_status":"open","ping_status":"closed","template":"","meta":[],"product_brand":[],"product_cat":[35],"product_tag":[],"class_list":{"0":"post-227","1":"product","2":"type-product","3":"status-publish","4":"has-post-thumbnail","6":"product_cat-https-ysl-azdigi-shop-index-php-san-pham-mousse-bo","8":"first","9":"instock","10":"shipping-taxable","11":"purchasable","12":"product-type-variable"},"yoast_head":"<!-- This site is optimized with the Yoast SEO plugin v27.2 - https:\/\/yoast.com\/product\/yoast-seo-wordpress\/ -->\n<title>MOUSSE TR\u00c0 NH\u00c0I LONG NH\u00c3N - HopeBakery<\/title>\n<meta name=\"description\" content=\"Tr\u1ea3i qua qu\u00e1 tr\u00ecnh \u01b0\u1edbp hoa \u0110\u00e0i Loan t\u1ef1 nhi\u00ean, gi\u00fap v\u1ecb tr\u00e0 th\u01b0\u1edfng c\u00f3 h\u1eadu ng\u1ecdt \u0111i c\u00f9ng h\u01b0\u01a1ng th\u01a1m c\u00f4 \u0111\u1ecdng c\u1ee7a hoa nh\u00e0i th\u01a1m m\u00e1t.\" \/>\n<meta name=\"robots\" content=\"index, follow, max-snippet:-1, max-image-preview:large, max-video-preview:-1\" \/>\n<link rel=\"canonical\" href=\"https:\/\/ysl.azdigi.shop\/index.php\/san-pham\/mousse-tra-nhai-long-nhan\/\" \/>\n<meta property=\"og:locale\" content=\"vi_VN\" \/>\n<meta property=\"og:type\" content=\"article\" \/>\n<meta property=\"og:title\" content=\"MOUSSE TR\u00c0 NH\u00c0I LONG NH\u00c3N - HopeBakery\" \/>\n<meta property=\"og:description\" content=\"Tr\u1ea3i qua qu\u00e1 tr\u00ecnh \u01b0\u1edbp hoa \u0110\u00e0i Loan t\u1ef1 nhi\u00ean, gi\u00fap v\u1ecb tr\u00e0 th\u01b0\u1edfng c\u00f3 h\u1eadu ng\u1ecdt \u0111i c\u00f9ng h\u01b0\u01a1ng th\u01a1m c\u00f4 \u0111\u1ecdng c\u1ee7a hoa nh\u00e0i th\u01a1m m\u00e1t.\" \/>\n<meta property=\"og:url\" content=\"https:\/\/ysl.azdigi.shop\/index.php\/san-pham\/mousse-tra-nhai-long-nhan\/\" \/>\n<meta property=\"og:site_name\" content=\"HopeBakery\" \/>\n<meta property=\"article:modified_time\" content=\"2026-04-24T15:16:23+00:00\" \/>\n<meta property=\"og:image\" content=\"https:\/\/ysl.azdigi.shop\/wp-content\/uploads\/2026\/03\/nhan-1.webp\" \/>\n\t<meta property=\"og:image:width\" content=\"1024\" \/>\n\t<meta property=\"og:image:height\" content=\"768\" \/>\n\t<meta property=\"og:image:type\" content=\"image\/webp\" \/>\n<meta name=\"twitter:card\" content=\"summary_large_image\" \/>\n<meta name=\"twitter:label1\" content=\"\u01af\u1edbc t\u00ednh th\u1eddi gian \u0111\u1ecdc\" \/>\n\t<meta name=\"twitter:data1\" content=\"2 ph\u00fat\" \/>\n<script type=\"application\/ld+json\" class=\"yoast-schema-graph\">{\"@context\":\"https:\/\/schema.org\",\"@graph\":[{\"@type\":\"WebPage\",\"@id\":\"https:\/\/ysl.azdigi.shop\/index.php\/san-pham\/mousse-tra-nhai-long-nhan\/\",\"url\":\"https:\/\/ysl.azdigi.shop\/index.php\/san-pham\/mousse-tra-nhai-long-nhan\/\",\"name\":\"MOUSSE TR\u00c0 NH\u00c0I LONG NH\u00c3N - HopeBakery\",\"isPartOf\":{\"@id\":\"https:\/\/ysl.azdigi.shop\/#website\"},\"primaryImageOfPage\":{\"@id\":\"https:\/\/ysl.azdigi.shop\/index.php\/san-pham\/mousse-tra-nhai-long-nhan\/#primaryimage\"},\"image\":{\"@id\":\"https:\/\/ysl.azdigi.shop\/index.php\/san-pham\/mousse-tra-nhai-long-nhan\/#primaryimage\"},\"thumbnailUrl\":\"https:\/\/ysl.azdigi.shop\/wp-content\/uploads\/2026\/03\/nhan-1.webp\",\"datePublished\":\"2026-03-31T05:02:03+00:00\",\"dateModified\":\"2026-04-24T15:16:23+00:00\",\"description\":\"Tr\u1ea3i qua qu\u00e1 tr\u00ecnh \u01b0\u1edbp hoa \u0110\u00e0i Loan t\u1ef1 nhi\u00ean, gi\u00fap v\u1ecb tr\u00e0 th\u01b0\u1edfng c\u00f3 h\u1eadu ng\u1ecdt \u0111i c\u00f9ng h\u01b0\u01a1ng th\u01a1m c\u00f4 \u0111\u1ecdng c\u1ee7a hoa nh\u00e0i th\u01a1m m\u00e1t.\",\"breadcrumb\":{\"@id\":\"https:\/\/ysl.azdigi.shop\/index.php\/san-pham\/mousse-tra-nhai-long-nhan\/#breadcrumb\"},\"inLanguage\":\"vi\",\"potentialAction\":[{\"@type\":\"ReadAction\",\"target\":[\"https:\/\/ysl.azdigi.shop\/index.php\/san-pham\/mousse-tra-nhai-long-nhan\/\"]}]},{\"@type\":\"ImageObject\",\"inLanguage\":\"vi\",\"@id\":\"https:\/\/ysl.azdigi.shop\/index.php\/san-pham\/mousse-tra-nhai-long-nhan\/#primaryimage\",\"url\":\"https:\/\/ysl.azdigi.shop\/wp-content\/uploads\/2026\/03\/nhan-1.webp\",\"contentUrl\":\"https:\/\/ysl.azdigi.shop\/wp-content\/uploads\/2026\/03\/nhan-1.webp\",\"width\":1024,\"height\":768},{\"@type\":\"BreadcrumbList\",\"@id\":\"https:\/\/ysl.azdigi.shop\/index.php\/san-pham\/mousse-tra-nhai-long-nhan\/#breadcrumb\",\"itemListElement\":[{\"@type\":\"ListItem\",\"position\":1,\"name\":\"Trang ch\u1ee7\",\"item\":\"https:\/\/ysl.azdigi.shop\/\"},{\"@type\":\"ListItem\",\"position\":2,\"name\":\"C\u1eeda h\u00e0ng\",\"item\":\"https:\/\/ysl.azdigi.shop\/index.php\/cua-hang\/\"},{\"@type\":\"ListItem\",\"position\":3,\"name\":\"MOUSSE TR\u00c0 NH\u00c0I LONG NH\u00c3N\"}]},{\"@type\":\"WebSite\",\"@id\":\"https:\/\/ysl.azdigi.shop\/#website\",\"url\":\"https:\/\/ysl.azdigi.shop\/\",\"name\":\"HopeBakery\",\"description\":\"\",\"potentialAction\":[{\"@type\":\"SearchAction\",\"target\":{\"@type\":\"EntryPoint\",\"urlTemplate\":\"https:\/\/ysl.azdigi.shop\/?s={search_term_string}\"},\"query-input\":{\"@type\":\"PropertyValueSpecification\",\"valueRequired\":true,\"valueName\":\"search_term_string\"}}],\"inLanguage\":\"vi\"}]}<\/script>\n<!-- \/ Yoast SEO plugin. -->","yoast_head_json":{"title":"MOUSSE TR\u00c0 NH\u00c0I LONG NH\u00c3N - HopeBakery","description":"Tr\u1ea3i qua qu\u00e1 tr\u00ecnh \u01b0\u1edbp hoa \u0110\u00e0i Loan t\u1ef1 nhi\u00ean, gi\u00fap v\u1ecb tr\u00e0 th\u01b0\u1edfng c\u00f3 h\u1eadu ng\u1ecdt \u0111i c\u00f9ng h\u01b0\u01a1ng th\u01a1m c\u00f4 \u0111\u1ecdng c\u1ee7a hoa nh\u00e0i th\u01a1m m\u00e1t.","robots":{"index":"index","follow":"follow","max-snippet":"max-snippet:-1","max-image-preview":"max-image-preview:large","max-video-preview":"max-video-preview:-1"},"canonical":"https:\/\/ysl.azdigi.shop\/index.php\/san-pham\/mousse-tra-nhai-long-nhan\/","og_locale":"vi_VN","og_type":"article","og_title":"MOUSSE TR\u00c0 NH\u00c0I LONG NH\u00c3N - HopeBakery","og_description":"Tr\u1ea3i qua qu\u00e1 tr\u00ecnh \u01b0\u1edbp hoa \u0110\u00e0i Loan t\u1ef1 nhi\u00ean, gi\u00fap v\u1ecb tr\u00e0 th\u01b0\u1edfng c\u00f3 h\u1eadu ng\u1ecdt \u0111i c\u00f9ng h\u01b0\u01a1ng th\u01a1m c\u00f4 \u0111\u1ecdng c\u1ee7a hoa nh\u00e0i th\u01a1m m\u00e1t.","og_url":"https:\/\/ysl.azdigi.shop\/index.php\/san-pham\/mousse-tra-nhai-long-nhan\/","og_site_name":"HopeBakery","article_modified_time":"2026-04-24T15:16:23+00:00","og_image":[{"width":1024,"height":768,"url":"https:\/\/ysl.azdigi.shop\/wp-content\/uploads\/2026\/03\/nhan-1.webp","type":"image\/webp"}],"twitter_card":"summary_large_image","twitter_misc":{"\u01af\u1edbc t\u00ednh th\u1eddi gian \u0111\u1ecdc":"2 ph\u00fat"},"schema":{"@context":"https:\/\/schema.org","@graph":[{"@type":"WebPage","@id":"https:\/\/ysl.azdigi.shop\/index.php\/san-pham\/mousse-tra-nhai-long-nhan\/","url":"https:\/\/ysl.azdigi.shop\/index.php\/san-pham\/mousse-tra-nhai-long-nhan\/","name":"MOUSSE TR\u00c0 NH\u00c0I LONG NH\u00c3N - HopeBakery","isPartOf":{"@id":"https:\/\/ysl.azdigi.shop\/#website"},"primaryImageOfPage":{"@id":"https:\/\/ysl.azdigi.shop\/index.php\/san-pham\/mousse-tra-nhai-long-nhan\/#primaryimage"},"image":{"@id":"https:\/\/ysl.azdigi.shop\/index.php\/san-pham\/mousse-tra-nhai-long-nhan\/#primaryimage"},"thumbnailUrl":"https:\/\/ysl.azdigi.shop\/wp-content\/uploads\/2026\/03\/nhan-1.webp","datePublished":"2026-03-31T05:02:03+00:00","dateModified":"2026-04-24T15:16:23+00:00","description":"Tr\u1ea3i qua qu\u00e1 tr\u00ecnh \u01b0\u1edbp hoa \u0110\u00e0i Loan t\u1ef1 nhi\u00ean, gi\u00fap v\u1ecb tr\u00e0 th\u01b0\u1edfng c\u00f3 h\u1eadu ng\u1ecdt \u0111i c\u00f9ng h\u01b0\u01a1ng th\u01a1m c\u00f4 \u0111\u1ecdng c\u1ee7a hoa nh\u00e0i th\u01a1m m\u00e1t.","breadcrumb":{"@id":"https:\/\/ysl.azdigi.shop\/index.php\/san-pham\/mousse-tra-nhai-long-nhan\/#breadcrumb"},"inLanguage":"vi","potentialAction":[{"@type":"ReadAction","target":["https:\/\/ysl.azdigi.shop\/index.php\/san-pham\/mousse-tra-nhai-long-nhan\/"]}]},{"@type":"ImageObject","inLanguage":"vi","@id":"https:\/\/ysl.azdigi.shop\/index.php\/san-pham\/mousse-tra-nhai-long-nhan\/#primaryimage","url":"https:\/\/ysl.azdigi.shop\/wp-content\/uploads\/2026\/03\/nhan-1.webp","contentUrl":"https:\/\/ysl.azdigi.shop\/wp-content\/uploads\/2026\/03\/nhan-1.webp","width":1024,"height":768},{"@type":"BreadcrumbList","@id":"https:\/\/ysl.azdigi.shop\/index.php\/san-pham\/mousse-tra-nhai-long-nhan\/#breadcrumb","itemListElement":[{"@type":"ListItem","position":1,"name":"Trang ch\u1ee7","item":"https:\/\/ysl.azdigi.shop\/"},{"@type":"ListItem","position":2,"name":"C\u1eeda h\u00e0ng","item":"https:\/\/ysl.azdigi.shop\/index.php\/cua-hang\/"},{"@type":"ListItem","position":3,"name":"MOUSSE TR\u00c0 NH\u00c0I LONG NH\u00c3N"}]},{"@type":"WebSite","@id":"https:\/\/ysl.azdigi.shop\/#website","url":"https:\/\/ysl.azdigi.shop\/","name":"HopeBakery","description":"","potentialAction":[{"@type":"SearchAction","target":{"@type":"EntryPoint","urlTemplate":"https:\/\/ysl.azdigi.shop\/?s={search_term_string}"},"query-input":{"@type":"PropertyValueSpecification","valueRequired":true,"valueName":"search_term_string"}}],"inLanguage":"vi"}]}},"_links":{"self":[{"href":"https:\/\/ysl.azdigi.shop\/index.php\/wp-json\/wp\/v2\/product\/227","targetHints":{"allow":["GET"]}}],"collection":[{"href":"https:\/\/ysl.azdigi.shop\/index.php\/wp-json\/wp\/v2\/product"}],"about":[{"href":"https:\/\/ysl.azdigi.shop\/index.php\/wp-json\/wp\/v2\/types\/product"}],"replies":[{"embeddable":true,"href":"https:\/\/ysl.azdigi.shop\/index.php\/wp-json\/wp\/v2\/comments?post=227"}],"wp:featuredmedia":[{"embeddable":true,"href":"https:\/\/ysl.azdigi.shop\/index.php\/wp-json\/wp\/v2\/media\/194"}],"wp:attachment":[{"href":"https:\/\/ysl.azdigi.shop\/index.php\/wp-json\/wp\/v2\/media?parent=227"}],"wp:term":[{"taxonomy":"product_brand","embeddable":true,"href":"https:\/\/ysl.azdigi.shop\/index.php\/wp-json\/wp\/v2\/product_brand?post=227"},{"taxonomy":"product_cat","embeddable":true,"href":"https:\/\/ysl.azdigi.shop\/index.php\/wp-json\/wp\/v2\/product_cat?post=227"},{"taxonomy":"product_tag","embeddable":true,"href":"https:\/\/ysl.azdigi.shop\/index.php\/wp-json\/wp\/v2\/product_tag?post=227"}],"curies":[{"name":"wp","href":"https:\/\/api.w.org\/{rel}","templated":true}]}}