{"id":231,"date":"2026-03-31T07:06:40","date_gmt":"2026-03-31T07:06:40","guid":{"rendered":"https:\/\/ysl.azdigi.shop\/?post_type=product&#038;p=231"},"modified":"2026-04-24T15:06:46","modified_gmt":"2026-04-24T15:06:46","slug":"mousse-bo","status":"publish","type":"product","link":"https:\/\/ysl.azdigi.shop\/index.php\/san-pham\/mousse-bo\/","title":{"rendered":"MOUSSE B\u01a0"},"content":{"rendered":"<h2><strong>1. Gi\u1edbi thi\u1ec7u b\u00e1nh<\/strong><\/h2>\n<p>K\u1ebft tinh t\u1eeb v\u1ecb b\u00e9o thanh t\u1ef1 nhi\u00ean c\u1ee7a tr\u00e1i b\u01a1 s\u00e1p, Mousse B\u01a1 tr\u1edf th\u00e0nh \u1ed5 b\u00e1nh \u0111\u01b0\u1ee3c s\u0103n l\u00f9ng nhi\u1ec1u nh\u1ea5t v\u00e0o m\u00f9a ch\u00edn v\u1ee5. Gi\u1ea3n d\u1ecb nh\u01b0 v\u1ebb ngo\u00e0i nh\u01b0ng l\u1ea1i mang trong m\u00ecnh n\u00e9t \u0111\u1eb9p c\u1ee7a v\u1ecb ng\u1ecdt thanh tao, c\u00f9ng \u0111\u1ed9 s\u00e1nh m\u1ecbn t\u1eeb l\u1edbp Mousse b\u01a1 034 khi\u1ebfn b\u1ea1n ph\u1ea3i say m\u00ea ngay t\u1eeb mi\u1ebfng \u0111\u1ea7u ti\u00ean.<\/p>\n<p>Ch\u1ea7m ch\u1eadm n\u1ebfm t\u1eebng mu\u1ed7ng, tr\u1ecdn v\u1ecb b\u00e9o nh\u1eb9 thanh tao t\u1eeb b\u01a1 s\u00e1p tuy\u1ec3n ch\u1ecdn h\u00f2a quy\u1ec7n c\u00f9ng t\u1ea7ng h\u01b0\u01a1ng v\u1ecb ng\u1ecdt thanh c\u1ee7a Jelly c\u1ed1t d\u1eeba v\u00e0 d\u1eeba s\u1ee3i s\u1ea5y, t\u1ea1o n\u00ean m\u1ed9t n\u1ed1t h\u01b0\u01a1ng ho\u00e0n h\u1ea3o cho v\u1ecb gi\u00e1c.<\/p>\n<p>Gi\u1ea5c m\u01a1 \u201cB\u00e1nh t\u01b0\u01a1i &#8211; \u00edt ng\u1ecdt\u201d \u0111\u00e3 h\u00f3a th\u00e0nh hi\u1ec7n th\u1ef1c v\u1edbi Mousse B\u01a1.<\/p>\n<p data-start=\"138\" data-end=\"164\">\ud83e\udd51 H\u01b0\u01a1ng v\u1ecb n\u1ed5i b\u1eadt:<\/p>\n<ul data-start=\"165\" data-end=\"282\">\n<li data-section-id=\"cyjpek\" data-start=\"165\" data-end=\"204\">B\u01a1 ch\u00edn t\u1ef1 nhi\u00ean, th\u01a1m d\u1ecbu, b\u00e9o nh\u1eb9<\/li>\n<li data-section-id=\"1whnrfg\" data-start=\"205\" data-end=\"241\">Ng\u1ecdt thanh, kh\u00f4ng g\u1eaft, c\u1ef1c d\u1ec5 \u0103n<\/li>\n<li data-section-id=\"10ybwkf\" data-start=\"242\" data-end=\"282\">Mousse m\u1ec1m m\u1ecbn, tan ngay trong mi\u1ec7ng<\/li>\n<\/ul>\n<p>&nbsp;<\/p>\n<h2><strong>2. M\u00f4 t\u1ea3 c\u1ea5u tr\u00fac b\u00e1nh<\/strong><\/h2>\n<ol>\n<li>Trang tr\u00ed v\u1edbi b\u01a1 v\u00e0 d\u00e2u t\u01b0\u01a1i ch\u00edn m\u1ecdng<\/li>\n<li>L\u1edbp Mousse t\u1eeb gi\u1ed1ng B\u01a1 034 ch\u00edn v\u1ee5<\/li>\n<li>L\u1edbp Jelly c\u1ed1t d\u1eeba v\u00e0 d\u1eeba s\u1ee3i s\u1ea5y<\/li>\n<li>L\u1edbp b\u00f4ng lan vani \u1ea9m m\u1ecbn<\/li>\n<li>L\u1edbp Mousse b\u01a1 th\u1ee9 hai<\/li>\n<li>L\u1edbp b\u00f4ng lan vani th\u1ee9<\/li>\n<\/ol>\n<p>&nbsp;<\/p>\n<h2><strong>3. Th\u00f4ng tin b\u00e1nh<\/strong><\/h2>\n<p>Size \u0111\u01b0\u1eddng k\u00ednh 18cm v\u00e0 22cm.<\/p>\n<p>&nbsp;<\/p>\n<p>&nbsp;<\/p>\n<p><em><strong>B\u00e1nh ngon l\u00e0nh v\u00e0 tr\u1ecdn v\u1eb9n h\u01a1n khi \u0111\u01b0\u1ee3c b\u1ea3o qu\u1ea3n l\u1ea1nh.<\/strong><\/em><\/p>\n<hr \/>\n<div>TH\u00d4NG TIN LI\u00caN H\u1ec6<\/div>\n<div><\/div>\n<div>S\u1ed1 \u0111i\u1ec7n tho\u1ea1i: 0796797520<\/div>\n<div>\u0110\u1ecba ch\u1ec9: 265 Nguy\u1ec5n V\u0103n L\u01b0\u1ee3ng<\/div>\n","protected":false},"excerpt":{"rendered":"<p>Ch\u1ea7m ch\u1eadm n\u1ebfm t\u1eebng mu\u1ed7ng, tr\u1ecdn v\u1ecb b\u00e9o nh\u1eb9 thanh tao t\u1eeb b\u01a1 s\u00e1p tuy\u1ec3n ch\u1ecdn h\u00f2a quy\u1ec7n c\u00f9ng t\u1ea7ng h\u01b0\u01a1ng v\u1ecb ng\u1ecdt thanh c\u1ee7a Jelly c\u1ed1t d\u1eeba v\u00e0 d\u1eeba s\u1ee3i s\u1ea5y, t\u1ea1o n\u00ean m\u1ed9t n\u1ed1t h\u01b0\u01a1ng ho\u00e0n h\u1ea3o cho v\u1ecb gi\u00e1c.<\/p>\n<p>Size \u0111\u01b0\u1eddng k\u00ednh 18cm v\u00e0 22cm<\/p>\n","protected":false},"featured_media":187,"comment_status":"open","ping_status":"closed","template":"","meta":[],"product_brand":[],"product_cat":[35],"product_tag":[],"class_list":{"0":"post-231","1":"product","2":"type-product","3":"status-publish","4":"has-post-thumbnail","6":"product_cat-https-ysl-azdigi-shop-index-php-san-pham-mousse-bo","8":"first","9":"instock","10":"shipping-taxable","11":"purchasable","12":"product-type-variable"},"yoast_head":"<!-- This site is optimized with the Yoast SEO plugin v27.2 - https:\/\/yoast.com\/product\/yoast-seo-wordpress\/ -->\n<title>MOUSSE B\u01a0 - HopeBakery<\/title>\n<meta name=\"description\" content=\"v\u1ecb b\u00e9o nh\u1eb9 thanh tao t\u1eeb b\u01a1 s\u00e1p tuy\u1ec3n ch\u1ecdn h\u00f2a quy\u1ec7n c\u00f9ng v\u1ecb ng\u1ecdt thanh c\u1ee7a Jelly c\u1ed1t d\u1eeba v\u00e0 d\u1eeba s\u1ee3i s\u1ea5y, t\u1ea1o n\u00ean m\u1ed9t n\u1ed1t h\u01b0\u01a1ng ho\u00e0n h\u1ea3o cho v\u1ecb gi\u00e1c.\" \/>\n<meta name=\"robots\" content=\"index, follow, max-snippet:-1, max-image-preview:large, max-video-preview:-1\" \/>\n<link rel=\"canonical\" href=\"https:\/\/ysl.azdigi.shop\/index.php\/san-pham\/mousse-bo\/\" \/>\n<meta property=\"og:locale\" content=\"vi_VN\" \/>\n<meta property=\"og:type\" content=\"article\" \/>\n<meta property=\"og:title\" content=\"MOUSSE B\u01a0 - HopeBakery\" \/>\n<meta property=\"og:description\" content=\"v\u1ecb b\u00e9o nh\u1eb9 thanh tao t\u1eeb b\u01a1 s\u00e1p tuy\u1ec3n ch\u1ecdn h\u00f2a quy\u1ec7n c\u00f9ng v\u1ecb ng\u1ecdt thanh c\u1ee7a Jelly c\u1ed1t d\u1eeba v\u00e0 d\u1eeba s\u1ee3i s\u1ea5y, t\u1ea1o n\u00ean m\u1ed9t n\u1ed1t h\u01b0\u01a1ng ho\u00e0n h\u1ea3o cho v\u1ecb gi\u00e1c.\" \/>\n<meta property=\"og:url\" content=\"https:\/\/ysl.azdigi.shop\/index.php\/san-pham\/mousse-bo\/\" \/>\n<meta property=\"og:site_name\" content=\"HopeBakery\" \/>\n<meta property=\"article:modified_time\" content=\"2026-04-24T15:06:46+00:00\" \/>\n<meta property=\"og:image\" content=\"https:\/\/ysl.azdigi.shop\/wp-content\/uploads\/2026\/03\/MOUSSE-BO.webp\" \/>\n\t<meta property=\"og:image:width\" content=\"480\" \/>\n\t<meta property=\"og:image:height\" content=\"360\" \/>\n\t<meta property=\"og:image:type\" content=\"image\/webp\" \/>\n<meta name=\"twitter:card\" content=\"summary_large_image\" \/>\n<meta name=\"twitter:label1\" content=\"\u01af\u1edbc t\u00ednh th\u1eddi gian \u0111\u1ecdc\" \/>\n\t<meta name=\"twitter:data1\" content=\"2 ph\u00fat\" \/>\n<script type=\"application\/ld+json\" class=\"yoast-schema-graph\">{\"@context\":\"https:\/\/schema.org\",\"@graph\":[{\"@type\":\"WebPage\",\"@id\":\"https:\/\/ysl.azdigi.shop\/index.php\/san-pham\/mousse-bo\/\",\"url\":\"https:\/\/ysl.azdigi.shop\/index.php\/san-pham\/mousse-bo\/\",\"name\":\"MOUSSE B\u01a0 - HopeBakery\",\"isPartOf\":{\"@id\":\"https:\/\/ysl.azdigi.shop\/#website\"},\"primaryImageOfPage\":{\"@id\":\"https:\/\/ysl.azdigi.shop\/index.php\/san-pham\/mousse-bo\/#primaryimage\"},\"image\":{\"@id\":\"https:\/\/ysl.azdigi.shop\/index.php\/san-pham\/mousse-bo\/#primaryimage\"},\"thumbnailUrl\":\"https:\/\/ysl.azdigi.shop\/wp-content\/uploads\/2026\/03\/MOUSSE-BO.webp\",\"datePublished\":\"2026-03-31T07:06:40+00:00\",\"dateModified\":\"2026-04-24T15:06:46+00:00\",\"description\":\"v\u1ecb b\u00e9o nh\u1eb9 thanh tao t\u1eeb b\u01a1 s\u00e1p tuy\u1ec3n ch\u1ecdn h\u00f2a quy\u1ec7n c\u00f9ng v\u1ecb ng\u1ecdt thanh c\u1ee7a Jelly c\u1ed1t d\u1eeba v\u00e0 d\u1eeba s\u1ee3i s\u1ea5y, t\u1ea1o n\u00ean m\u1ed9t n\u1ed1t h\u01b0\u01a1ng ho\u00e0n h\u1ea3o cho v\u1ecb gi\u00e1c.\",\"breadcrumb\":{\"@id\":\"https:\/\/ysl.azdigi.shop\/index.php\/san-pham\/mousse-bo\/#breadcrumb\"},\"inLanguage\":\"vi\",\"potentialAction\":[{\"@type\":\"ReadAction\",\"target\":[\"https:\/\/ysl.azdigi.shop\/index.php\/san-pham\/mousse-bo\/\"]}]},{\"@type\":\"ImageObject\",\"inLanguage\":\"vi\",\"@id\":\"https:\/\/ysl.azdigi.shop\/index.php\/san-pham\/mousse-bo\/#primaryimage\",\"url\":\"https:\/\/ysl.azdigi.shop\/wp-content\/uploads\/2026\/03\/MOUSSE-BO.webp\",\"contentUrl\":\"https:\/\/ysl.azdigi.shop\/wp-content\/uploads\/2026\/03\/MOUSSE-BO.webp\",\"width\":480,\"height\":360},{\"@type\":\"BreadcrumbList\",\"@id\":\"https:\/\/ysl.azdigi.shop\/index.php\/san-pham\/mousse-bo\/#breadcrumb\",\"itemListElement\":[{\"@type\":\"ListItem\",\"position\":1,\"name\":\"Trang ch\u1ee7\",\"item\":\"https:\/\/ysl.azdigi.shop\/\"},{\"@type\":\"ListItem\",\"position\":2,\"name\":\"C\u1eeda h\u00e0ng\",\"item\":\"https:\/\/ysl.azdigi.shop\/index.php\/cua-hang\/\"},{\"@type\":\"ListItem\",\"position\":3,\"name\":\"MOUSSE B\u01a0\"}]},{\"@type\":\"WebSite\",\"@id\":\"https:\/\/ysl.azdigi.shop\/#website\",\"url\":\"https:\/\/ysl.azdigi.shop\/\",\"name\":\"HopeBakery\",\"description\":\"\",\"potentialAction\":[{\"@type\":\"SearchAction\",\"target\":{\"@type\":\"EntryPoint\",\"urlTemplate\":\"https:\/\/ysl.azdigi.shop\/?s={search_term_string}\"},\"query-input\":{\"@type\":\"PropertyValueSpecification\",\"valueRequired\":true,\"valueName\":\"search_term_string\"}}],\"inLanguage\":\"vi\"}]}<\/script>\n<!-- \/ Yoast SEO plugin. -->","yoast_head_json":{"title":"MOUSSE B\u01a0 - HopeBakery","description":"v\u1ecb b\u00e9o nh\u1eb9 thanh tao t\u1eeb b\u01a1 s\u00e1p tuy\u1ec3n ch\u1ecdn h\u00f2a quy\u1ec7n c\u00f9ng v\u1ecb ng\u1ecdt thanh c\u1ee7a Jelly c\u1ed1t d\u1eeba v\u00e0 d\u1eeba s\u1ee3i s\u1ea5y, t\u1ea1o n\u00ean m\u1ed9t n\u1ed1t h\u01b0\u01a1ng ho\u00e0n h\u1ea3o cho v\u1ecb gi\u00e1c.","robots":{"index":"index","follow":"follow","max-snippet":"max-snippet:-1","max-image-preview":"max-image-preview:large","max-video-preview":"max-video-preview:-1"},"canonical":"https:\/\/ysl.azdigi.shop\/index.php\/san-pham\/mousse-bo\/","og_locale":"vi_VN","og_type":"article","og_title":"MOUSSE B\u01a0 - HopeBakery","og_description":"v\u1ecb b\u00e9o nh\u1eb9 thanh tao t\u1eeb b\u01a1 s\u00e1p tuy\u1ec3n ch\u1ecdn h\u00f2a quy\u1ec7n c\u00f9ng v\u1ecb ng\u1ecdt thanh c\u1ee7a Jelly c\u1ed1t d\u1eeba v\u00e0 d\u1eeba s\u1ee3i s\u1ea5y, t\u1ea1o n\u00ean m\u1ed9t n\u1ed1t h\u01b0\u01a1ng ho\u00e0n h\u1ea3o cho v\u1ecb gi\u00e1c.","og_url":"https:\/\/ysl.azdigi.shop\/index.php\/san-pham\/mousse-bo\/","og_site_name":"HopeBakery","article_modified_time":"2026-04-24T15:06:46+00:00","og_image":[{"width":480,"height":360,"url":"https:\/\/ysl.azdigi.shop\/wp-content\/uploads\/2026\/03\/MOUSSE-BO.webp","type":"image\/webp"}],"twitter_card":"summary_large_image","twitter_misc":{"\u01af\u1edbc t\u00ednh th\u1eddi gian \u0111\u1ecdc":"2 ph\u00fat"},"schema":{"@context":"https:\/\/schema.org","@graph":[{"@type":"WebPage","@id":"https:\/\/ysl.azdigi.shop\/index.php\/san-pham\/mousse-bo\/","url":"https:\/\/ysl.azdigi.shop\/index.php\/san-pham\/mousse-bo\/","name":"MOUSSE B\u01a0 - HopeBakery","isPartOf":{"@id":"https:\/\/ysl.azdigi.shop\/#website"},"primaryImageOfPage":{"@id":"https:\/\/ysl.azdigi.shop\/index.php\/san-pham\/mousse-bo\/#primaryimage"},"image":{"@id":"https:\/\/ysl.azdigi.shop\/index.php\/san-pham\/mousse-bo\/#primaryimage"},"thumbnailUrl":"https:\/\/ysl.azdigi.shop\/wp-content\/uploads\/2026\/03\/MOUSSE-BO.webp","datePublished":"2026-03-31T07:06:40+00:00","dateModified":"2026-04-24T15:06:46+00:00","description":"v\u1ecb b\u00e9o nh\u1eb9 thanh tao t\u1eeb b\u01a1 s\u00e1p tuy\u1ec3n ch\u1ecdn h\u00f2a quy\u1ec7n c\u00f9ng v\u1ecb ng\u1ecdt thanh c\u1ee7a Jelly c\u1ed1t d\u1eeba v\u00e0 d\u1eeba s\u1ee3i s\u1ea5y, t\u1ea1o n\u00ean m\u1ed9t n\u1ed1t h\u01b0\u01a1ng ho\u00e0n h\u1ea3o cho v\u1ecb gi\u00e1c.","breadcrumb":{"@id":"https:\/\/ysl.azdigi.shop\/index.php\/san-pham\/mousse-bo\/#breadcrumb"},"inLanguage":"vi","potentialAction":[{"@type":"ReadAction","target":["https:\/\/ysl.azdigi.shop\/index.php\/san-pham\/mousse-bo\/"]}]},{"@type":"ImageObject","inLanguage":"vi","@id":"https:\/\/ysl.azdigi.shop\/index.php\/san-pham\/mousse-bo\/#primaryimage","url":"https:\/\/ysl.azdigi.shop\/wp-content\/uploads\/2026\/03\/MOUSSE-BO.webp","contentUrl":"https:\/\/ysl.azdigi.shop\/wp-content\/uploads\/2026\/03\/MOUSSE-BO.webp","width":480,"height":360},{"@type":"BreadcrumbList","@id":"https:\/\/ysl.azdigi.shop\/index.php\/san-pham\/mousse-bo\/#breadcrumb","itemListElement":[{"@type":"ListItem","position":1,"name":"Trang ch\u1ee7","item":"https:\/\/ysl.azdigi.shop\/"},{"@type":"ListItem","position":2,"name":"C\u1eeda h\u00e0ng","item":"https:\/\/ysl.azdigi.shop\/index.php\/cua-hang\/"},{"@type":"ListItem","position":3,"name":"MOUSSE B\u01a0"}]},{"@type":"WebSite","@id":"https:\/\/ysl.azdigi.shop\/#website","url":"https:\/\/ysl.azdigi.shop\/","name":"HopeBakery","description":"","potentialAction":[{"@type":"SearchAction","target":{"@type":"EntryPoint","urlTemplate":"https:\/\/ysl.azdigi.shop\/?s={search_term_string}"},"query-input":{"@type":"PropertyValueSpecification","valueRequired":true,"valueName":"search_term_string"}}],"inLanguage":"vi"}]}},"_links":{"self":[{"href":"https:\/\/ysl.azdigi.shop\/index.php\/wp-json\/wp\/v2\/product\/231","targetHints":{"allow":["GET"]}}],"collection":[{"href":"https:\/\/ysl.azdigi.shop\/index.php\/wp-json\/wp\/v2\/product"}],"about":[{"href":"https:\/\/ysl.azdigi.shop\/index.php\/wp-json\/wp\/v2\/types\/product"}],"replies":[{"embeddable":true,"href":"https:\/\/ysl.azdigi.shop\/index.php\/wp-json\/wp\/v2\/comments?post=231"}],"wp:featuredmedia":[{"embeddable":true,"href":"https:\/\/ysl.azdigi.shop\/index.php\/wp-json\/wp\/v2\/media\/187"}],"wp:attachment":[{"href":"https:\/\/ysl.azdigi.shop\/index.php\/wp-json\/wp\/v2\/media?parent=231"}],"wp:term":[{"taxonomy":"product_brand","embeddable":true,"href":"https:\/\/ysl.azdigi.shop\/index.php\/wp-json\/wp\/v2\/product_brand?post=231"},{"taxonomy":"product_cat","embeddable":true,"href":"https:\/\/ysl.azdigi.shop\/index.php\/wp-json\/wp\/v2\/product_cat?post=231"},{"taxonomy":"product_tag","embeddable":true,"href":"https:\/\/ysl.azdigi.shop\/index.php\/wp-json\/wp\/v2\/product_tag?post=231"}],"curies":[{"name":"wp","href":"https:\/\/api.w.org\/{rel}","templated":true}]}}