{"id":250,"date":"2026-03-31T15:00:40","date_gmt":"2026-03-31T15:00:40","guid":{"rendered":"https:\/\/ysl.azdigi.shop\/?post_type=product&#038;p=250"},"modified":"2026-04-24T14:56:51","modified_gmt":"2026-04-24T14:56:51","slug":"set-2-banh-minibox-mua-he","status":"publish","type":"product","link":"https:\/\/ysl.azdigi.shop\/index.php\/san-pham\/set-2-banh-minibox-mua-he\/","title":{"rendered":"SET 2 B\u00c1NH MINIBOX M\u00d9A H\u00c8"},"content":{"rendered":"<div class=\"flex flex-col text-sm pb-25\">\n<section class=\"text-token-text-primary w-full focus:outline-none [--shadow-height:45px] has-data-writing-block:pointer-events-none has-data-writing-block:-mt-(--shadow-height) has-data-writing-block:pt-(--shadow-height) [&amp;:has([data-writing-block])&gt;*]:pointer-events-auto scroll-mt-[calc(var(--header-height)+min(200px,max(70px,20svh)))]\" dir=\"auto\" data-turn-id=\"request-69cb52aa-8dc0-8320-a4f2-f1fccbaf48cf-3\" data-testid=\"conversation-turn-22\" data-scroll-anchor=\"true\" data-turn=\"assistant\">\n<div class=\"text-base my-auto mx-auto pb-10 [--thread-content-margin:var(--thread-content-margin-xs,calc(var(--spacing)*4))] @w-sm\/main:[--thread-content-margin:var(--thread-content-margin-sm,calc(var(--spacing)*6))] @w-lg\/main:[--thread-content-margin:var(--thread-content-margin-lg,calc(var(--spacing)*16))] px-(--thread-content-margin)\">\n<div class=\"[--thread-content-max-width:40rem] @w-lg\/main:[--thread-content-max-width:48rem] mx-auto max-w-(--thread-content-max-width) flex-1 group\/turn-messages focus-visible:outline-hidden relative flex w-full min-w-0 flex-col agent-turn\">\n<div class=\"flex max-w-full flex-col gap-4 grow\">\n<div class=\"min-h-8 text-message relative flex w-full flex-col items-end gap-2 text-start break-words whitespace-normal outline-none keyboard-focused:focus-ring [.text-message+&amp;]:mt-1\" dir=\"auto\" tabindex=\"0\" data-message-author-role=\"assistant\" data-message-id=\"3696e1ce-497a-469a-ad36-4cf23a8ced68\" data-message-model-slug=\"gpt-5-3\" data-turn-start-message=\"true\">\n<div class=\"flex w-full flex-col gap-1 empty:hidden\">\n<div class=\"markdown prose dark:prose-invert w-full wrap-break-word light markdown-new-styling\">\n<p data-start=\"0\" data-end=\"79\">\ud83c\udf70 <strong data-start=\"3\" data-end=\"71\">B\u1ed8 S\u01afU T\u1eacP MINIBOX M\u00d9A H\u00c8 \u2013 TR\u1eccN V\u1eca THANH M\u00c1T, GI\u1ea2I NHI\u1ec6T C\u1ef0C \u0110\u00c3<\/strong> \ud83c\udf3f\ud83c\udf53\u2728<\/p>\n<p data-start=\"81\" data-end=\"196\">\u0110\u00e1nh bay c\u00e1i n\u00f3ng oi \u1ea3 v\u1edbi <strong data-start=\"108\" data-end=\"137\">Minibox tr\u00e1i c\u00e2y t\u01b0\u01a1i m\u00e1t<\/strong> t\u1eeb Hope Bakery \u2013 nh\u1ecf xinh, tinh t\u1ebf nh\u01b0ng \u0111\u1ea7y cu\u1ed1n h\u00fat \ud83d\udc9b<\/p>\n<p data-start=\"198\" data-end=\"226\">\ud83c\udf3c <strong data-start=\"201\" data-end=\"224\">\u0110i\u1ec3m chung n\u1ed5i b\u1eadt:<\/strong><\/p>\n<ul data-start=\"227\" data-end=\"392\">\n<li data-section-id=\"1nuoxr1\" data-start=\"227\" data-end=\"277\">B\u00f4ng lan vani truy\u1ec1n th\u1ed1ng <strong data-start=\"256\" data-end=\"275\">m\u1ec1m x\u1ed1p, \u1ea9m m\u1ecbn<\/strong><\/li>\n<li data-section-id=\"1u6x5yp\" data-start=\"278\" data-end=\"342\">K\u1ebft h\u1ee3p mousse tr\u00e1i c\u00e2y <strong data-start=\"304\" data-end=\"340\">thanh nh\u1eb9 \u2013 \u00edt ng\u1ecdt \u2013 kh\u00f4ng ng\u1ea5y<\/strong><\/li>\n<li data-section-id=\"e8lj3d\" data-start=\"343\" data-end=\"392\">M\u1ed7i v\u1ecb l\u00e0 m\u1ed9t tr\u1ea3i nghi\u1ec7m h\u01b0\u01a1ng v\u1ecb ri\u00eang bi\u1ec7t<\/li>\n<\/ul>\n<p data-start=\"394\" data-end=\"419\">\ud83c\udf48 <strong data-start=\"397\" data-end=\"417\">Minibox D\u01b0a L\u01b0\u1edbi<\/strong><\/p>\n<ul data-start=\"420\" data-end=\"532\">\n<li data-section-id=\"8ska5l\" data-start=\"420\" data-end=\"448\">Mousse d\u01b0a l\u01b0\u1edbi th\u01a1m m\u00e1t<\/li>\n<li data-section-id=\"f9xdv9\" data-start=\"449\" data-end=\"479\">K\u1ebft h\u1ee3p s\u1eefa chua thanh nh\u1eb9<\/li>\n<li data-section-id=\"wawpy9\" data-start=\"480\" data-end=\"532\">V\u1ecb ng\u1ecdt d\u1ecbu xen ch\u00fat chua, <strong data-start=\"509\" data-end=\"530\">gi\u1ea3i nhi\u1ec7t c\u1ef1c \u0111\u00e3<\/strong><\/li>\n<\/ul>\n<p data-start=\"534\" data-end=\"555\">\ud83c\udf4a <strong data-start=\"537\" data-end=\"553\">Minibox Yuzu<\/strong><\/p>\n<ul data-start=\"556\" data-end=\"682\">\n<li data-section-id=\"1wvlc3u\" data-start=\"556\" data-end=\"591\">Mousse s\u1eefa chua ph\u00f4 mai b\u00e9o nh\u1eb9<\/li>\n<li data-section-id=\"sw13go\" data-start=\"592\" data-end=\"620\">Topping t\u00e9p b\u01b0\u1edfi \u0111\u1ecf t\u01b0\u01a1i<\/li>\n<li data-section-id=\"h422dm\" data-start=\"621\" data-end=\"682\">T\u1ed5ng th\u1ec3 <strong data-start=\"632\" data-end=\"680\">chua \u2013 b\u00e9o \u2013 thanh c\u00e2n b\u1eb1ng, si\u00eau n\u1ecbnh mi\u1ec7ng<\/strong><\/li>\n<\/ul>\n<p data-start=\"684\" data-end=\"711\">\ud83c\udf50 <strong data-start=\"687\" data-end=\"709\">Minibox L\u00ea Hoa C\u00fac<\/strong><\/p>\n<ul data-start=\"712\" data-end=\"819\">\n<li data-section-id=\"1rnut56\" data-start=\"712\" data-end=\"743\">Mousse tr\u00e0 hoa c\u00fac th\u01a1m d\u1ecbu<\/li>\n<li data-section-id=\"1yl4yc6\" data-start=\"744\" data-end=\"768\">K\u1ebft h\u1ee3p l\u00ea thanh m\u00e1t<\/li>\n<li data-section-id=\"epz3ef\" data-start=\"769\" data-end=\"819\">H\u01b0\u01a1ng v\u1ecb <strong data-start=\"780\" data-end=\"817\">nh\u1eb9 nh\u00e0ng \u2013 tinh t\u1ebf \u2013 c\u1ef1c \u201cchill\u201d<\/strong><\/li>\n<\/ul>\n<p data-start=\"821\" data-end=\"840\">\u2b50 <strong data-start=\"823\" data-end=\"838\">Minibox Kh\u1ebf<\/strong><\/p>\n<ul data-start=\"841\" data-end=\"957\">\n<li data-section-id=\"h4k1yk\" data-start=\"841\" data-end=\"878\">Mousse kh\u1ebf v\u00e0ng chua ng\u1ecdt h\u00e0i h\u00f2a<\/li>\n<li data-section-id=\"1wmkrfg\" data-start=\"879\" data-end=\"916\">Th\u1ea1ch qu\u1ebf hoa trong veo, th\u01a1m nh\u1eb9<\/li>\n<li data-section-id=\"12fabxl\" data-start=\"917\" data-end=\"957\">V\u1ecb <strong data-start=\"922\" data-end=\"955\">\u0111\u1ed9c \u0111\u00e1o \u2013 l\u1ea1 mi\u1ec7ng \u2013 cu\u1ed1n h\u00fat<\/strong><\/li>\n<\/ul>\n<p data-start=\"959\" data-end=\"979\">\ud83c\udf4e <strong data-start=\"962\" data-end=\"977\">Minibox T\u00e1o<\/strong><\/p>\n<ul data-start=\"980\" data-end=\"1081\">\n<li data-section-id=\"c5vo09\" data-start=\"980\" data-end=\"1002\">Mousse t\u00e1o m\u1ec1m m\u1ecbn<\/li>\n<li data-section-id=\"1pf7mnf\" data-start=\"1003\" data-end=\"1037\">S\u1ed1t t\u00e1o \u0111\u1eadm \u0111\u00e0 + t\u00e1o t\u01b0\u01a1i gi\u00f2n<\/li>\n<li data-section-id=\"a32ml0\" data-start=\"1038\" data-end=\"1081\">V\u1ecb <strong data-start=\"1043\" data-end=\"1079\">chua ng\u1ecdt s\u1ed1ng \u0111\u1ed9ng, \u0103n l\u00e0 ghi\u1ec1n<\/strong><\/li>\n<\/ul>\n<p data-start=\"1083\" data-end=\"1195\">\ud83d\udc9b <strong data-start=\"1086\" data-end=\"1102\">Tr\u1ea3i nghi\u1ec7m:<\/strong><br data-start=\"1102\" data-end=\"1105\" \/>Nh\u1ecf g\u1ecdn \u2013 ti\u1ec7n l\u1ee3i \u2013 \u0111\u1eb9p m\u1eaft, m\u1ed7i chi\u1ebfc b\u00e1nh l\u00e0 m\u1ed9t \u201cly gi\u1ea3i nhi\u1ec7t\u201d m\u00f9a h\u00e8 \u0111\u00fang ngh\u0129a \ud83c\udf3f<\/p>\n<p data-start=\"1197\" data-end=\"1245\">\ud83c\udf81 Ph\u00f9 h\u1ee3p: \u0103n v\u1eb7t, t\u1eb7ng qu\u00e0, picnic, ti\u1ec7c nh\u1eb9<\/p>\n<p data-start=\"1247\" data-end=\"1332\" data-is-last-node=\"\" data-is-only-node=\"\">\ud83d\udce9 Inbox Hope Bakery \u0111\u1ec3 ch\u1ecdn ngay v\u1ecb y\u00eau th\u00edch v\u00e0 t\u1eadn h\u01b0\u1edfng m\u00f9a h\u00e8 \u201cchill\u201d \u0111\u00fang \u0111i\u1ec7u!<\/p>\n<div>TH\u00d4NG TIN LI\u00caN H\u1ec6<\/div>\n<div><\/div>\n<div>S\u1ed1 \u0111i\u1ec7n tho\u1ea1i: 0796797520<\/div>\n<div><\/div>\n<div>Email: hopebakery@gmailcom<\/div>\n<div><\/div>\n<div>\u0110\u1ecba ch\u1ec9: 265 Nguy\u1ec5n V\u0103n L\u01b0\u1ee3ng<\/div>\n<\/div>\n<\/div>\n<\/div>\n<\/div>\n<div class=\"z-0 flex min-h-[46px] justify-start\"><\/div>\n<div class=\"mt-3 w-full empty:hidden\">\n<div class=\"text-center\"><\/div>\n<\/div>\n<\/div>\n<\/div>\n<\/section>\n<\/div>\n","protected":false},"excerpt":{"rendered":"<p><strong>H\u01b0\u01a1ng v\u1ecb:<\/strong>\u00a0\u0110\u1eadm v\u1ecb\u00a0 \u2013 B\u00e9o d\u1ecbu \u2013 Gi\u00f2n r\u1ee5m \u2013 Ng\u1ecdt nh\u1eb9 \u2013<\/p>\n<p><strong>Ch\u1ecdn 2 trong 5 v\u1ecb Crunchill sau:\u00a0<\/strong><br \/>\nMinibox D\u01b0a L\u01b0\u1edbi<\/p>\n<p>Minbox Kh\u1ebf<\/p>\n<p>Minibox L\u00ea Hoa C\u00fac<\/p>\n<p>Minibox T\u00e1o<\/p>\n<p>Minibox Yuzu<\/p>\n<div>\n<p><strong>L\u01b0u \u00fd:\u00a0<em>Vui l\u00f2ng ghi c\u00e1c h\u01b0\u01a1ng v\u1ecb mong mu\u1ed1n \u1edf m\u1ee5c \u201cGhi ch\u00fa \u0111\u01a1n h\u00e0ng\u201d khi thanh to\u00e1n<\/em><\/strong><\/p>\n<\/div>\n<p><strong>B\u1ea3o qu\u1ea3n:<\/strong>\u00a0B\u00e1nh n\u00ean \u0111\u01b0\u1ee3c d\u00f9ng trong ng\u00e0y v\u00e0 ngon h\u01a1n khi b\u1ea3o qu\u1ea3n l\u1ea1nh tr\u01b0\u1edbc khi th\u01b0\u1edfng th\u1ee9c.<\/p>\n<p><strong>Ph\u1ee5 ki\u1ec7n t\u1eb7ng k\u00e8m:<\/strong><\/p>\n<p>+ 4 th\u00eca nh\u1ef1a trong<\/p>\n<p>PH\u00c2N LO\u1ea0I:B\u00c1NH MOUSSE<\/p>\n","protected":false},"featured_media":253,"comment_status":"open","ping_status":"closed","template":"","meta":[],"product_brand":[],"product_cat":[35],"product_tag":[],"class_list":{"0":"post-250","1":"product","2":"type-product","3":"status-publish","4":"has-post-thumbnail","6":"product_cat-https-ysl-azdigi-shop-index-php-san-pham-mousse-bo","8":"first","9":"instock","10":"shipping-taxable","11":"purchasable","12":"product-type-variable"},"yoast_head":"<!-- This site is optimized with the Yoast SEO plugin v27.2 - https:\/\/yoast.com\/product\/yoast-seo-wordpress\/ -->\n<title>SET 2 B\u00c1NH MINIBOX M\u00d9A H\u00c8 - HopeBakery<\/title>\n<meta name=\"robots\" content=\"index, follow, max-snippet:-1, max-image-preview:large, max-video-preview:-1\" \/>\n<link rel=\"canonical\" href=\"https:\/\/ysl.azdigi.shop\/index.php\/san-pham\/set-2-banh-minibox-mua-he\/\" \/>\n<meta property=\"og:locale\" content=\"vi_VN\" \/>\n<meta property=\"og:type\" content=\"article\" \/>\n<meta property=\"og:title\" content=\"SET 2 B\u00c1NH MINIBOX M\u00d9A H\u00c8 - HopeBakery\" \/>\n<meta property=\"og:description\" content=\"H\u01b0\u01a1ng v\u1ecb:\u00a0\u0110\u1eadm v\u1ecb\u00a0 \u2013 B\u00e9o d\u1ecbu \u2013 Gi\u00f2n r\u1ee5m \u2013 Ng\u1ecdt nh\u1eb9 \u2013  Ch\u1ecdn 2 trong 5 v\u1ecb Crunchill sau:\u00a0 Minibox D\u01b0a L\u01b0\u1edbi  Minbox Kh\u1ebf  Minibox L\u00ea Hoa C\u00fac  Minibox T\u00e1o  Minibox Yuzu   L\u01b0u \u00fd:\u00a0Vui l\u00f2ng ghi c\u00e1c h\u01b0\u01a1ng v\u1ecb mong mu\u1ed1n \u1edf m\u1ee5c \u201cGhi ch\u00fa \u0111\u01a1n h\u00e0ng\u201d khi thanh to\u00e1n   B\u1ea3o qu\u1ea3n:\u00a0B\u00e1nh n\u00ean \u0111\u01b0\u1ee3c d\u00f9ng trong ng\u00e0y v\u00e0 ngon h\u01a1n khi b\u1ea3o qu\u1ea3n l\u1ea1nh tr\u01b0\u1edbc khi th\u01b0\u1edfng th\u1ee9c.  Ph\u1ee5 ki\u1ec7n t\u1eb7ng k\u00e8m:  + 4 th\u00eca nh\u1ef1a trong  PH\u00c2N LO\u1ea0I:B\u00c1NH MOUSSE\" \/>\n<meta property=\"og:url\" content=\"https:\/\/ysl.azdigi.shop\/index.php\/san-pham\/set-2-banh-minibox-mua-he\/\" \/>\n<meta property=\"og:site_name\" content=\"HopeBakery\" \/>\n<meta property=\"article:modified_time\" content=\"2026-04-24T14:56:51+00:00\" \/>\n<meta property=\"og:image\" content=\"https:\/\/ysl.azdigi.shop\/wp-content\/uploads\/2026\/03\/SET2.jpg\" \/>\n\t<meta property=\"og:image:width\" content=\"800\" \/>\n\t<meta property=\"og:image:height\" content=\"1200\" \/>\n\t<meta property=\"og:image:type\" content=\"image\/jpeg\" \/>\n<meta name=\"twitter:card\" content=\"summary_large_image\" \/>\n<meta name=\"twitter:label1\" content=\"\u01af\u1edbc t\u00ednh th\u1eddi gian \u0111\u1ecdc\" \/>\n\t<meta name=\"twitter:data1\" content=\"2 ph\u00fat\" \/>\n<script type=\"application\/ld+json\" class=\"yoast-schema-graph\">{\"@context\":\"https:\/\/schema.org\",\"@graph\":[{\"@type\":\"WebPage\",\"@id\":\"https:\/\/ysl.azdigi.shop\/index.php\/san-pham\/set-2-banh-minibox-mua-he\/\",\"url\":\"https:\/\/ysl.azdigi.shop\/index.php\/san-pham\/set-2-banh-minibox-mua-he\/\",\"name\":\"SET 2 B\u00c1NH MINIBOX M\u00d9A H\u00c8 - HopeBakery\",\"isPartOf\":{\"@id\":\"https:\/\/ysl.azdigi.shop\/#website\"},\"primaryImageOfPage\":{\"@id\":\"https:\/\/ysl.azdigi.shop\/index.php\/san-pham\/set-2-banh-minibox-mua-he\/#primaryimage\"},\"image\":{\"@id\":\"https:\/\/ysl.azdigi.shop\/index.php\/san-pham\/set-2-banh-minibox-mua-he\/#primaryimage\"},\"thumbnailUrl\":\"https:\/\/ysl.azdigi.shop\/wp-content\/uploads\/2026\/03\/SET2.jpg\",\"datePublished\":\"2026-03-31T15:00:40+00:00\",\"dateModified\":\"2026-04-24T14:56:51+00:00\",\"breadcrumb\":{\"@id\":\"https:\/\/ysl.azdigi.shop\/index.php\/san-pham\/set-2-banh-minibox-mua-he\/#breadcrumb\"},\"inLanguage\":\"vi\",\"potentialAction\":[{\"@type\":\"ReadAction\",\"target\":[\"https:\/\/ysl.azdigi.shop\/index.php\/san-pham\/set-2-banh-minibox-mua-he\/\"]}]},{\"@type\":\"ImageObject\",\"inLanguage\":\"vi\",\"@id\":\"https:\/\/ysl.azdigi.shop\/index.php\/san-pham\/set-2-banh-minibox-mua-he\/#primaryimage\",\"url\":\"https:\/\/ysl.azdigi.shop\/wp-content\/uploads\/2026\/03\/SET2.jpg\",\"contentUrl\":\"https:\/\/ysl.azdigi.shop\/wp-content\/uploads\/2026\/03\/SET2.jpg\",\"width\":800,\"height\":1200},{\"@type\":\"BreadcrumbList\",\"@id\":\"https:\/\/ysl.azdigi.shop\/index.php\/san-pham\/set-2-banh-minibox-mua-he\/#breadcrumb\",\"itemListElement\":[{\"@type\":\"ListItem\",\"position\":1,\"name\":\"Trang ch\u1ee7\",\"item\":\"https:\/\/ysl.azdigi.shop\/\"},{\"@type\":\"ListItem\",\"position\":2,\"name\":\"C\u1eeda h\u00e0ng\",\"item\":\"https:\/\/ysl.azdigi.shop\/index.php\/cua-hang\/\"},{\"@type\":\"ListItem\",\"position\":3,\"name\":\"SET 2 B\u00c1NH MINIBOX M\u00d9A H\u00c8\"}]},{\"@type\":\"WebSite\",\"@id\":\"https:\/\/ysl.azdigi.shop\/#website\",\"url\":\"https:\/\/ysl.azdigi.shop\/\",\"name\":\"HopeBakery\",\"description\":\"\",\"potentialAction\":[{\"@type\":\"SearchAction\",\"target\":{\"@type\":\"EntryPoint\",\"urlTemplate\":\"https:\/\/ysl.azdigi.shop\/?s={search_term_string}\"},\"query-input\":{\"@type\":\"PropertyValueSpecification\",\"valueRequired\":true,\"valueName\":\"search_term_string\"}}],\"inLanguage\":\"vi\"}]}<\/script>\n<!-- \/ Yoast SEO plugin. -->","yoast_head_json":{"title":"SET 2 B\u00c1NH MINIBOX M\u00d9A H\u00c8 - HopeBakery","robots":{"index":"index","follow":"follow","max-snippet":"max-snippet:-1","max-image-preview":"max-image-preview:large","max-video-preview":"max-video-preview:-1"},"canonical":"https:\/\/ysl.azdigi.shop\/index.php\/san-pham\/set-2-banh-minibox-mua-he\/","og_locale":"vi_VN","og_type":"article","og_title":"SET 2 B\u00c1NH MINIBOX M\u00d9A H\u00c8 - HopeBakery","og_description":"H\u01b0\u01a1ng v\u1ecb:\u00a0\u0110\u1eadm v\u1ecb\u00a0 \u2013 B\u00e9o d\u1ecbu \u2013 Gi\u00f2n r\u1ee5m \u2013 Ng\u1ecdt nh\u1eb9 \u2013  Ch\u1ecdn 2 trong 5 v\u1ecb Crunchill sau:\u00a0 Minibox D\u01b0a L\u01b0\u1edbi  Minbox Kh\u1ebf  Minibox L\u00ea Hoa C\u00fac  Minibox T\u00e1o  Minibox Yuzu   L\u01b0u \u00fd:\u00a0Vui l\u00f2ng ghi c\u00e1c h\u01b0\u01a1ng v\u1ecb mong mu\u1ed1n \u1edf m\u1ee5c \u201cGhi ch\u00fa \u0111\u01a1n h\u00e0ng\u201d khi thanh to\u00e1n   B\u1ea3o qu\u1ea3n:\u00a0B\u00e1nh n\u00ean \u0111\u01b0\u1ee3c d\u00f9ng trong ng\u00e0y v\u00e0 ngon h\u01a1n khi b\u1ea3o qu\u1ea3n l\u1ea1nh tr\u01b0\u1edbc khi th\u01b0\u1edfng th\u1ee9c.  Ph\u1ee5 ki\u1ec7n t\u1eb7ng k\u00e8m:  + 4 th\u00eca nh\u1ef1a trong  PH\u00c2N LO\u1ea0I:B\u00c1NH MOUSSE","og_url":"https:\/\/ysl.azdigi.shop\/index.php\/san-pham\/set-2-banh-minibox-mua-he\/","og_site_name":"HopeBakery","article_modified_time":"2026-04-24T14:56:51+00:00","og_image":[{"width":800,"height":1200,"url":"https:\/\/ysl.azdigi.shop\/wp-content\/uploads\/2026\/03\/SET2.jpg","type":"image\/jpeg"}],"twitter_card":"summary_large_image","twitter_misc":{"\u01af\u1edbc t\u00ednh th\u1eddi gian \u0111\u1ecdc":"2 ph\u00fat"},"schema":{"@context":"https:\/\/schema.org","@graph":[{"@type":"WebPage","@id":"https:\/\/ysl.azdigi.shop\/index.php\/san-pham\/set-2-banh-minibox-mua-he\/","url":"https:\/\/ysl.azdigi.shop\/index.php\/san-pham\/set-2-banh-minibox-mua-he\/","name":"SET 2 B\u00c1NH MINIBOX M\u00d9A H\u00c8 - HopeBakery","isPartOf":{"@id":"https:\/\/ysl.azdigi.shop\/#website"},"primaryImageOfPage":{"@id":"https:\/\/ysl.azdigi.shop\/index.php\/san-pham\/set-2-banh-minibox-mua-he\/#primaryimage"},"image":{"@id":"https:\/\/ysl.azdigi.shop\/index.php\/san-pham\/set-2-banh-minibox-mua-he\/#primaryimage"},"thumbnailUrl":"https:\/\/ysl.azdigi.shop\/wp-content\/uploads\/2026\/03\/SET2.jpg","datePublished":"2026-03-31T15:00:40+00:00","dateModified":"2026-04-24T14:56:51+00:00","breadcrumb":{"@id":"https:\/\/ysl.azdigi.shop\/index.php\/san-pham\/set-2-banh-minibox-mua-he\/#breadcrumb"},"inLanguage":"vi","potentialAction":[{"@type":"ReadAction","target":["https:\/\/ysl.azdigi.shop\/index.php\/san-pham\/set-2-banh-minibox-mua-he\/"]}]},{"@type":"ImageObject","inLanguage":"vi","@id":"https:\/\/ysl.azdigi.shop\/index.php\/san-pham\/set-2-banh-minibox-mua-he\/#primaryimage","url":"https:\/\/ysl.azdigi.shop\/wp-content\/uploads\/2026\/03\/SET2.jpg","contentUrl":"https:\/\/ysl.azdigi.shop\/wp-content\/uploads\/2026\/03\/SET2.jpg","width":800,"height":1200},{"@type":"BreadcrumbList","@id":"https:\/\/ysl.azdigi.shop\/index.php\/san-pham\/set-2-banh-minibox-mua-he\/#breadcrumb","itemListElement":[{"@type":"ListItem","position":1,"name":"Trang ch\u1ee7","item":"https:\/\/ysl.azdigi.shop\/"},{"@type":"ListItem","position":2,"name":"C\u1eeda h\u00e0ng","item":"https:\/\/ysl.azdigi.shop\/index.php\/cua-hang\/"},{"@type":"ListItem","position":3,"name":"SET 2 B\u00c1NH MINIBOX M\u00d9A H\u00c8"}]},{"@type":"WebSite","@id":"https:\/\/ysl.azdigi.shop\/#website","url":"https:\/\/ysl.azdigi.shop\/","name":"HopeBakery","description":"","potentialAction":[{"@type":"SearchAction","target":{"@type":"EntryPoint","urlTemplate":"https:\/\/ysl.azdigi.shop\/?s={search_term_string}"},"query-input":{"@type":"PropertyValueSpecification","valueRequired":true,"valueName":"search_term_string"}}],"inLanguage":"vi"}]}},"_links":{"self":[{"href":"https:\/\/ysl.azdigi.shop\/index.php\/wp-json\/wp\/v2\/product\/250","targetHints":{"allow":["GET"]}}],"collection":[{"href":"https:\/\/ysl.azdigi.shop\/index.php\/wp-json\/wp\/v2\/product"}],"about":[{"href":"https:\/\/ysl.azdigi.shop\/index.php\/wp-json\/wp\/v2\/types\/product"}],"replies":[{"embeddable":true,"href":"https:\/\/ysl.azdigi.shop\/index.php\/wp-json\/wp\/v2\/comments?post=250"}],"wp:featuredmedia":[{"embeddable":true,"href":"https:\/\/ysl.azdigi.shop\/index.php\/wp-json\/wp\/v2\/media\/253"}],"wp:attachment":[{"href":"https:\/\/ysl.azdigi.shop\/index.php\/wp-json\/wp\/v2\/media?parent=250"}],"wp:term":[{"taxonomy":"product_brand","embeddable":true,"href":"https:\/\/ysl.azdigi.shop\/index.php\/wp-json\/wp\/v2\/product_brand?post=250"},{"taxonomy":"product_cat","embeddable":true,"href":"https:\/\/ysl.azdigi.shop\/index.php\/wp-json\/wp\/v2\/product_cat?post=250"},{"taxonomy":"product_tag","embeddable":true,"href":"https:\/\/ysl.azdigi.shop\/index.php\/wp-json\/wp\/v2\/product_tag?post=250"}],"curies":[{"name":"wp","href":"https:\/\/api.w.org\/{rel}","templated":true}]}}