{"id":688,"date":"2026-04-08T12:07:42","date_gmt":"2026-04-08T12:07:42","guid":{"rendered":"https:\/\/ysl.azdigi.shop\/?post_type=product&#038;p=688"},"modified":"2026-04-08T12:11:57","modified_gmt":"2026-04-08T12:11:57","slug":"set-panna-cotta","status":"publish","type":"product","link":"https:\/\/ysl.azdigi.shop\/index.php\/san-pham\/set-panna-cotta\/","title":{"rendered":"SET PANNA COTTA"},"content":{"rendered":"<h2 data-section-id=\"r1is9b\" data-start=\"110\" data-end=\"188\">\ud83c\udf82 Set B\u00e1nh Panna Cotta\u00a0 \u2013 M\u1ec1m M\u1ecbn, Thanh M\u00e1t, \u0110a D\u1ea1ng L\u1ef1a Ch\u1ecdn<\/h2>\n<p data-start=\"190\" data-end=\"440\">B\u1ea1n \u0111ang t\u00ecm m\u1ed9t m\u00f3n tr\u00e1ng mi\u1ec7ng v\u1eeba <strong data-start=\"227\" data-end=\"258\">ngon \u2013 \u0111\u1eb9p \u2013 nhi\u1ec1u h\u01b0\u01a1ng v\u1ecb<\/strong> \u0111\u1ec3 \u0111\u00e3i kh\u00e1ch ho\u1eb7c l\u00e0m qu\u00e0 t\u1eb7ng?<br data-start=\"290\" data-end=\"293\" \/><strong data-start=\"293\" data-end=\"342\">Set panna cotta t\u1ea1i Hope Bakery<\/strong> ch\u00ednh l\u00e0 l\u1ef1a ch\u1ecdn ho\u00e0n h\u1ea3o, mang \u0111\u1ebfn tr\u1ea3i nghi\u1ec7m th\u01b0\u1edfng th\u1ee9c \u0111a d\u1ea1ng trong t\u1eebng h\u0169 b\u00e1nh nh\u1ecf xinh.<\/p>\n<hr data-start=\"442\" data-end=\"445\" \/>\n<h2 data-section-id=\"118gma\" data-start=\"447\" data-end=\"493\">\ud83c\udf53 Set 1: Panna Cotta vu\u00f4ng.<\/h2>\n<p data-start=\"495\" data-end=\"643\">Set g\u1ed3m <strong data-start=\"503\" data-end=\"534\">9 h\u0169 panna cotta (h\u0169 vu\u00f4ng)<\/strong> v\u1edbi 9<strong data-start=\"539\" data-end=\"564\">\u00a0h\u01b0\u01a1ng v\u1ecb ri\u00eang bi\u1ec7t<\/strong>, gi\u00fap b\u1ea1n th\u01b0\u1edfng th\u1ee9c tr\u1ecdn v\u1eb9n s\u1ef1 phong ph\u00fa c\u1ee7a m\u00f3n tr\u00e1ng mi\u1ec7ng n\u1ed5i ti\u1ebfng n\u00e0y.<\/p>\n<h3 data-section-id=\"1fvqptd\" data-start=\"645\" data-end=\"667\">\u2728 \u01afu \u0111i\u1ec3m n\u1ed5i b\u1eadt:<\/h3>\n<ul data-start=\"668\" data-end=\"835\">\n<li data-section-id=\"1m7cpb2\" data-start=\"668\" data-end=\"722\">M\u1ed7i h\u0169 l\u00e0 <strong data-start=\"680\" data-end=\"700\">m\u1ed9t v\u1ecb kh\u00e1c nhau<\/strong>, kh\u00f4ng b\u1ecb tr\u00f9ng l\u1eb7p<\/li>\n<li data-section-id=\"1i4h61k\" data-start=\"723\" data-end=\"768\">Thi\u1ebft k\u1ebf <strong data-start=\"734\" data-end=\"766\">h\u0169 vu\u00f4ng sang tr\u1ecdng, tinh t\u1ebf<\/strong><\/li>\n<li data-section-id=\"oo6dfw\" data-start=\"769\" data-end=\"835\">Ph\u00f9 h\u1ee3p cho ng\u01b0\u1eddi th\u00edch <strong data-start=\"795\" data-end=\"833\">tr\u1ea3i nghi\u1ec7m nhi\u1ec1u v\u1ecb trong m\u1ed9t l\u1ea7n<\/strong><\/li>\n<\/ul>\n<p data-start=\"837\" data-end=\"856\">\ud83d\udc49 Th\u00edch h\u1ee3p cho:<\/p>\n<ul data-start=\"857\" data-end=\"923\">\n<li data-section-id=\"1rw4b2v\" data-start=\"857\" data-end=\"880\">Ti\u1ec7c nh\u1ecf, sinh nh\u1eadt<\/li>\n<li data-section-id=\"crrl8r\" data-start=\"881\" data-end=\"902\">D\u00f9ng th\u1eed nhi\u1ec1u v\u1ecb<\/li>\n<li data-section-id=\"zf3e65\" data-start=\"903\" data-end=\"923\">Qu\u00e0 t\u1eb7ng cao c\u1ea5p<\/li>\n<\/ul>\n<hr data-start=\"925\" data-end=\"928\" \/>\n<h2 data-section-id=\"vzstaq\" data-start=\"930\" data-end=\"976\">\ud83c\udf6e Set 2: Panna Cotta tr\u00f2n.<\/h2>\n<p data-start=\"978\" data-end=\"1092\">Set g\u1ed3m <strong data-start=\"986\" data-end=\"1017\">10 h\u0169 panna cotta (h\u0169 tr\u00f2n)<\/strong> v\u1edbi <strong data-start=\"1022\" data-end=\"1045\">10 h\u01b0\u01a1ng v\u1ecb h\u1ea5p d\u1eabn<\/strong>, mang \u0111\u1ebfn s\u1ef1 l\u1ef1a ch\u1ecdn phong ph\u00fa v\u00e0 \u0111\u1ea7y \u0111\u1ee7 h\u01a1n.<\/p>\n<h3 data-section-id=\"1fvqptd\" data-start=\"1094\" data-end=\"1116\">\u2728 \u01afu \u0111i\u1ec3m n\u1ed5i b\u1eadt:<\/h3>\n<ul data-start=\"1117\" data-end=\"1258\">\n<li data-section-id=\"ww7bv8\" data-start=\"1117\" data-end=\"1175\"><strong data-start=\"1119\" data-end=\"1138\">10 v\u1ecb kh\u00e1c nhau<\/strong>, \u0111a d\u1ea1ng h\u01a1n, d\u1ec5 ch\u1ecdn v\u1ecb y\u00eau th\u00edch<\/li>\n<li data-section-id=\"1viwlg7\" data-start=\"1176\" data-end=\"1210\">H\u0169 tr\u00f2n <strong data-start=\"1186\" data-end=\"1208\">nh\u1ecf g\u1ecdn, d\u1ec5 th\u01b0\u01a1ng<\/strong><\/li>\n<li data-section-id=\"20d1bc\" data-start=\"1211\" data-end=\"1258\">S\u1ed1 l\u01b0\u1ee3ng nhi\u1ec1u, ph\u00f9 h\u1ee3p <strong data-start=\"1237\" data-end=\"1256\">nh\u00f3m \u0111\u00f4ng ng\u01b0\u1eddi<\/strong><\/li>\n<\/ul>\n<p data-start=\"1260\" data-end=\"1279\">\ud83d\udc49 Th\u00edch h\u1ee3p cho:<\/p>\n<ul data-start=\"1280\" data-end=\"1348\">\n<li data-section-id=\"108bb2u\" data-start=\"1280\" data-end=\"1302\">Li\u00ean hoan, h\u1ecdp m\u1eb7t<\/li>\n<li data-section-id=\"asze28\" data-start=\"1303\" data-end=\"1322\">Ti\u1ec7c \u0111\u00f4ng ng\u01b0\u1eddi<\/li>\n<li data-section-id=\"1jn8jat\" data-start=\"1323\" data-end=\"1348\">L\u00e0m qu\u00e0 t\u1eb7ng ti\u1ec7n l\u1ee3i<\/li>\n<\/ul>\n<hr data-start=\"1350\" data-end=\"1353\" \/>\n<h2 data-section-id=\"q6olnm\" data-start=\"1355\" data-end=\"1387\">\ud83c\udf3f Ch\u1ea5t L\u01b0\u1ee3ng T\u1ea1i Hope Bakery<\/h2>\n<ul data-start=\"1389\" data-end=\"1558\">\n<li data-section-id=\"2r16c0\" data-start=\"1389\" data-end=\"1438\">Panna cotta <strong data-start=\"1403\" data-end=\"1436\">m\u1ec1m m\u1ecbn, tan ngay trong mi\u1ec7ng<\/strong><\/li>\n<li data-section-id=\"1brz66w\" data-start=\"1439\" data-end=\"1475\">\u0110\u1ed9 ng\u1ecdt <strong data-start=\"1449\" data-end=\"1473\">v\u1eeba ph\u1ea3i, kh\u00f4ng ng\u1ea5y<\/strong><\/li>\n<li data-section-id=\"7qpnw6\" data-start=\"1476\" data-end=\"1516\">S\u1ed1t tr\u00e1i c\u00e2y <strong data-start=\"1491\" data-end=\"1514\">t\u01b0\u01a1i, th\u01a1m t\u1ef1 nhi\u00ean<\/strong><\/li>\n<li data-section-id=\"19gtl0d\" data-start=\"1517\" data-end=\"1558\">\u0110\u1ea3m b\u1ea3o <strong data-start=\"1527\" data-end=\"1556\">an to\u00e0n v\u1ec7 sinh th\u1ef1c ph\u1ea9m<\/strong><\/li>\n<\/ul>\n<hr data-start=\"1560\" data-end=\"1563\" \/>\n<h2 data-section-id=\"7vvspf\" data-start=\"1565\" data-end=\"1600\">\ud83c\udf81 L\u1ef1a Ch\u1ecdn Ho\u00e0n H\u1ea3o Cho M\u1ecdi D\u1ecbp<\/h2>\n<p data-start=\"1602\" data-end=\"1651\">Set panna cotta l\u00e0 s\u1ef1 l\u1ef1a ch\u1ecdn tuy\u1ec7t v\u1eddi<\/p>\n<ul data-start=\"1652\" data-end=\"1743\">\n<li data-section-id=\"1iv8ih3\" data-start=\"1652\" data-end=\"1673\">Ti\u1ec7c sinh nh\u1eadt \ud83c\udf89<\/li>\n<li data-section-id=\"1tl4peo\" data-start=\"1674\" data-end=\"1695\">Ti\u1ec7c tr\u00e0, h\u1ecdp m\u1eb7t<\/li>\n<li data-section-id=\"193l5ue\" data-start=\"1696\" data-end=\"1716\">Qu\u00e0 t\u1eb7ng tinh t\u1ebf<\/li>\n<li data-section-id=\"zbba0a\" data-start=\"1717\" data-end=\"1743\">Tr\u00e1ng mi\u1ec7ng sau b\u1eefa \u0103n<\/li>\n<\/ul>\n<hr data-start=\"1745\" data-end=\"1748\" \/>\n<h2 data-section-id=\"1lnluax\" data-start=\"1750\" data-end=\"1780\">\ud83d\udccc \u0110\u1eb7t Ngay Set Panna Cotta<\/h2>\n<p data-start=\"1782\" data-end=\"1888\">\ud83d\udc49 Inbox ngay \u0111\u1ec3 \u0111\u1eb7t <strong data-start=\"1803\" data-end=\"1838\">set panna cotta 9 v\u1ecb ho\u1eb7c 10 v\u1ecb<\/strong> th\u01a1m ngon \u2013 \u0111\u1eb9p m\u1eaft \u2013 ti\u1ec7n l\u1ee3i t\u1ea1i Hope Bakery!<\/p>\n","protected":false},"excerpt":{"rendered":"<p data-start=\"62\" data-end=\"201\">Set panna cotta m\u1ec1m m\u1ecbn, tan ngay trong mi\u1ec7ng, h\u00f2a quy\u1ec7n c\u00f9ng l\u1edbp s\u1ed1t tr\u00e1i c\u00e2y chua nh\u1eb9 \u2013 ng\u1ecdt thanh, \u0103n m\u1ed9t h\u0169 l\u00e0 mu\u1ed1n \u0103n th\u00eam h\u0169 n\u1eefa \ud83d\ude0b<\/p>\n<p data-start=\"203\" data-end=\"396\">\ud83d\udc49 <strong data-start=\"206\" data-end=\"218\">Set Tr\u00f2n<\/strong><br data-start=\"297\" data-end=\"300\" \/>\ud83d\udc49 <strong data-start=\"303\" data-end=\"316\">Set Vu\u00f4ng<\/strong><\/p>\n<p data-start=\"398\" data-end=\"531\">\ud83d\udc9b M\u1ed7i h\u0169 l\u00e0 m\u1ed9t h\u01b0\u01a1ng v\u1ecb ri\u00eang, m\u1ed7i mu\u1ed7ng l\u00e0 m\u1ed9t c\u1ea3m gi\u00e1c kh\u00e1c nhau \u2013 v\u1eeba ngon, v\u1eeba \u0111\u1eb9p, v\u1eeba \u0111\u1ee7 \u0111\u1ec3 khi\u1ebfn ai th\u1eed c\u0169ng ph\u1ea3i \u201cghi\u1ec1n\u201d.<\/p>\n","protected":false},"featured_media":692,"comment_status":"open","ping_status":"closed","template":"","meta":[],"product_brand":[],"product_cat":[34],"product_tag":[],"class_list":{"0":"post-688","1":"product","2":"type-product","3":"status-publish","4":"has-post-thumbnail","6":"product_cat-https-ysl-azdigi-shop-index-php-san-pham-113","8":"first","9":"instock","10":"sale","11":"shipping-taxable","12":"purchasable","13":"product-type-variable"},"yoast_head":"<!-- This site is optimized with the Yoast SEO plugin v27.2 - https:\/\/yoast.com\/product\/yoast-seo-wordpress\/ -->\n<title>SET PANNA COTTA - HopeBakery<\/title>\n<meta name=\"description\" content=\"B\u1ea1n \u0111ang t\u00ecm m\u1ed9t m\u00f3n tr\u00e1ng mi\u1ec7ng v\u1eeba ngon \u2013 \u0111\u1eb9p \u2013 nhi\u1ec1u h\u01b0\u01a1ng v\u1ecb \u0111\u1ec3 \u0111\u00e3i kh\u00e1ch ho\u1eb7c l\u00e0m qu\u00e0 t\u1eb7ng?Set panna cotta t\u1ea1i Hope Bakery ch\u00ednh l\u00e0 l\u1ef1a ch\u1ecdn ho\u00e0n h\u1ea3o\" \/>\n<meta name=\"robots\" content=\"index, follow, max-snippet:-1, max-image-preview:large, max-video-preview:-1\" \/>\n<link rel=\"canonical\" href=\"https:\/\/ysl.azdigi.shop\/index.php\/san-pham\/set-panna-cotta\/\" \/>\n<meta property=\"og:locale\" content=\"vi_VN\" \/>\n<meta property=\"og:type\" content=\"article\" \/>\n<meta property=\"og:title\" content=\"SET PANNA COTTA - HopeBakery\" \/>\n<meta property=\"og:description\" content=\"B\u1ea1n \u0111ang t\u00ecm m\u1ed9t m\u00f3n tr\u00e1ng mi\u1ec7ng v\u1eeba ngon \u2013 \u0111\u1eb9p \u2013 nhi\u1ec1u h\u01b0\u01a1ng v\u1ecb \u0111\u1ec3 \u0111\u00e3i kh\u00e1ch ho\u1eb7c l\u00e0m qu\u00e0 t\u1eb7ng?Set panna cotta t\u1ea1i Hope Bakery ch\u00ednh l\u00e0 l\u1ef1a ch\u1ecdn ho\u00e0n h\u1ea3o\" \/>\n<meta property=\"og:url\" content=\"https:\/\/ysl.azdigi.shop\/index.php\/san-pham\/set-panna-cotta\/\" \/>\n<meta property=\"og:site_name\" content=\"HopeBakery\" \/>\n<meta property=\"article:modified_time\" content=\"2026-04-08T12:11:57+00:00\" \/>\n<meta property=\"og:image\" content=\"https:\/\/ysl.azdigi.shop\/wp-content\/uploads\/2026\/04\/PANNA-COTTA-MY_03.webp\" \/>\n\t<meta property=\"og:image:width\" content=\"900\" \/>\n\t<meta property=\"og:image:height\" content=\"900\" \/>\n\t<meta property=\"og:image:type\" content=\"image\/webp\" \/>\n<meta name=\"twitter:card\" content=\"summary_large_image\" \/>\n<meta name=\"twitter:label1\" content=\"\u01af\u1edbc t\u00ednh th\u1eddi gian \u0111\u1ecdc\" \/>\n\t<meta name=\"twitter:data1\" content=\"2 ph\u00fat\" \/>\n<script type=\"application\/ld+json\" class=\"yoast-schema-graph\">{\"@context\":\"https:\/\/schema.org\",\"@graph\":[{\"@type\":\"WebPage\",\"@id\":\"https:\/\/ysl.azdigi.shop\/index.php\/san-pham\/set-panna-cotta\/\",\"url\":\"https:\/\/ysl.azdigi.shop\/index.php\/san-pham\/set-panna-cotta\/\",\"name\":\"SET PANNA COTTA - HopeBakery\",\"isPartOf\":{\"@id\":\"https:\/\/ysl.azdigi.shop\/#website\"},\"primaryImageOfPage\":{\"@id\":\"https:\/\/ysl.azdigi.shop\/index.php\/san-pham\/set-panna-cotta\/#primaryimage\"},\"image\":{\"@id\":\"https:\/\/ysl.azdigi.shop\/index.php\/san-pham\/set-panna-cotta\/#primaryimage\"},\"thumbnailUrl\":\"https:\/\/ysl.azdigi.shop\/wp-content\/uploads\/2026\/04\/PANNA-COTTA-MY_03.webp\",\"datePublished\":\"2026-04-08T12:07:42+00:00\",\"dateModified\":\"2026-04-08T12:11:57+00:00\",\"description\":\"B\u1ea1n \u0111ang t\u00ecm m\u1ed9t m\u00f3n tr\u00e1ng mi\u1ec7ng v\u1eeba ngon \u2013 \u0111\u1eb9p \u2013 nhi\u1ec1u h\u01b0\u01a1ng v\u1ecb \u0111\u1ec3 \u0111\u00e3i kh\u00e1ch ho\u1eb7c l\u00e0m qu\u00e0 t\u1eb7ng?Set panna cotta t\u1ea1i Hope Bakery ch\u00ednh l\u00e0 l\u1ef1a ch\u1ecdn ho\u00e0n h\u1ea3o\",\"breadcrumb\":{\"@id\":\"https:\/\/ysl.azdigi.shop\/index.php\/san-pham\/set-panna-cotta\/#breadcrumb\"},\"inLanguage\":\"vi\",\"potentialAction\":[{\"@type\":\"ReadAction\",\"target\":[\"https:\/\/ysl.azdigi.shop\/index.php\/san-pham\/set-panna-cotta\/\"]}]},{\"@type\":\"ImageObject\",\"inLanguage\":\"vi\",\"@id\":\"https:\/\/ysl.azdigi.shop\/index.php\/san-pham\/set-panna-cotta\/#primaryimage\",\"url\":\"https:\/\/ysl.azdigi.shop\/wp-content\/uploads\/2026\/04\/PANNA-COTTA-MY_03.webp\",\"contentUrl\":\"https:\/\/ysl.azdigi.shop\/wp-content\/uploads\/2026\/04\/PANNA-COTTA-MY_03.webp\",\"width\":900,\"height\":900},{\"@type\":\"BreadcrumbList\",\"@id\":\"https:\/\/ysl.azdigi.shop\/index.php\/san-pham\/set-panna-cotta\/#breadcrumb\",\"itemListElement\":[{\"@type\":\"ListItem\",\"position\":1,\"name\":\"Trang ch\u1ee7\",\"item\":\"https:\/\/ysl.azdigi.shop\/\"},{\"@type\":\"ListItem\",\"position\":2,\"name\":\"C\u1eeda h\u00e0ng\",\"item\":\"https:\/\/ysl.azdigi.shop\/index.php\/cua-hang\/\"},{\"@type\":\"ListItem\",\"position\":3,\"name\":\"SET PANNA COTTA\"}]},{\"@type\":\"WebSite\",\"@id\":\"https:\/\/ysl.azdigi.shop\/#website\",\"url\":\"https:\/\/ysl.azdigi.shop\/\",\"name\":\"HopeBakery\",\"description\":\"\",\"potentialAction\":[{\"@type\":\"SearchAction\",\"target\":{\"@type\":\"EntryPoint\",\"urlTemplate\":\"https:\/\/ysl.azdigi.shop\/?s={search_term_string}\"},\"query-input\":{\"@type\":\"PropertyValueSpecification\",\"valueRequired\":true,\"valueName\":\"search_term_string\"}}],\"inLanguage\":\"vi\"}]}<\/script>\n<!-- \/ Yoast SEO plugin. -->","yoast_head_json":{"title":"SET PANNA COTTA - HopeBakery","description":"B\u1ea1n \u0111ang t\u00ecm m\u1ed9t m\u00f3n tr\u00e1ng mi\u1ec7ng v\u1eeba ngon \u2013 \u0111\u1eb9p \u2013 nhi\u1ec1u h\u01b0\u01a1ng v\u1ecb \u0111\u1ec3 \u0111\u00e3i kh\u00e1ch ho\u1eb7c l\u00e0m qu\u00e0 t\u1eb7ng?Set panna cotta t\u1ea1i Hope Bakery ch\u00ednh l\u00e0 l\u1ef1a ch\u1ecdn ho\u00e0n h\u1ea3o","robots":{"index":"index","follow":"follow","max-snippet":"max-snippet:-1","max-image-preview":"max-image-preview:large","max-video-preview":"max-video-preview:-1"},"canonical":"https:\/\/ysl.azdigi.shop\/index.php\/san-pham\/set-panna-cotta\/","og_locale":"vi_VN","og_type":"article","og_title":"SET PANNA COTTA - HopeBakery","og_description":"B\u1ea1n \u0111ang t\u00ecm m\u1ed9t m\u00f3n tr\u00e1ng mi\u1ec7ng v\u1eeba ngon \u2013 \u0111\u1eb9p \u2013 nhi\u1ec1u h\u01b0\u01a1ng v\u1ecb \u0111\u1ec3 \u0111\u00e3i kh\u00e1ch ho\u1eb7c l\u00e0m qu\u00e0 t\u1eb7ng?Set panna cotta t\u1ea1i Hope Bakery ch\u00ednh l\u00e0 l\u1ef1a ch\u1ecdn ho\u00e0n h\u1ea3o","og_url":"https:\/\/ysl.azdigi.shop\/index.php\/san-pham\/set-panna-cotta\/","og_site_name":"HopeBakery","article_modified_time":"2026-04-08T12:11:57+00:00","og_image":[{"width":900,"height":900,"url":"https:\/\/ysl.azdigi.shop\/wp-content\/uploads\/2026\/04\/PANNA-COTTA-MY_03.webp","type":"image\/webp"}],"twitter_card":"summary_large_image","twitter_misc":{"\u01af\u1edbc t\u00ednh th\u1eddi gian \u0111\u1ecdc":"2 ph\u00fat"},"schema":{"@context":"https:\/\/schema.org","@graph":[{"@type":"WebPage","@id":"https:\/\/ysl.azdigi.shop\/index.php\/san-pham\/set-panna-cotta\/","url":"https:\/\/ysl.azdigi.shop\/index.php\/san-pham\/set-panna-cotta\/","name":"SET PANNA COTTA - HopeBakery","isPartOf":{"@id":"https:\/\/ysl.azdigi.shop\/#website"},"primaryImageOfPage":{"@id":"https:\/\/ysl.azdigi.shop\/index.php\/san-pham\/set-panna-cotta\/#primaryimage"},"image":{"@id":"https:\/\/ysl.azdigi.shop\/index.php\/san-pham\/set-panna-cotta\/#primaryimage"},"thumbnailUrl":"https:\/\/ysl.azdigi.shop\/wp-content\/uploads\/2026\/04\/PANNA-COTTA-MY_03.webp","datePublished":"2026-04-08T12:07:42+00:00","dateModified":"2026-04-08T12:11:57+00:00","description":"B\u1ea1n \u0111ang t\u00ecm m\u1ed9t m\u00f3n tr\u00e1ng mi\u1ec7ng v\u1eeba ngon \u2013 \u0111\u1eb9p \u2013 nhi\u1ec1u h\u01b0\u01a1ng v\u1ecb \u0111\u1ec3 \u0111\u00e3i kh\u00e1ch ho\u1eb7c l\u00e0m qu\u00e0 t\u1eb7ng?Set panna cotta t\u1ea1i Hope Bakery ch\u00ednh l\u00e0 l\u1ef1a ch\u1ecdn ho\u00e0n h\u1ea3o","breadcrumb":{"@id":"https:\/\/ysl.azdigi.shop\/index.php\/san-pham\/set-panna-cotta\/#breadcrumb"},"inLanguage":"vi","potentialAction":[{"@type":"ReadAction","target":["https:\/\/ysl.azdigi.shop\/index.php\/san-pham\/set-panna-cotta\/"]}]},{"@type":"ImageObject","inLanguage":"vi","@id":"https:\/\/ysl.azdigi.shop\/index.php\/san-pham\/set-panna-cotta\/#primaryimage","url":"https:\/\/ysl.azdigi.shop\/wp-content\/uploads\/2026\/04\/PANNA-COTTA-MY_03.webp","contentUrl":"https:\/\/ysl.azdigi.shop\/wp-content\/uploads\/2026\/04\/PANNA-COTTA-MY_03.webp","width":900,"height":900},{"@type":"BreadcrumbList","@id":"https:\/\/ysl.azdigi.shop\/index.php\/san-pham\/set-panna-cotta\/#breadcrumb","itemListElement":[{"@type":"ListItem","position":1,"name":"Trang ch\u1ee7","item":"https:\/\/ysl.azdigi.shop\/"},{"@type":"ListItem","position":2,"name":"C\u1eeda h\u00e0ng","item":"https:\/\/ysl.azdigi.shop\/index.php\/cua-hang\/"},{"@type":"ListItem","position":3,"name":"SET PANNA COTTA"}]},{"@type":"WebSite","@id":"https:\/\/ysl.azdigi.shop\/#website","url":"https:\/\/ysl.azdigi.shop\/","name":"HopeBakery","description":"","potentialAction":[{"@type":"SearchAction","target":{"@type":"EntryPoint","urlTemplate":"https:\/\/ysl.azdigi.shop\/?s={search_term_string}"},"query-input":{"@type":"PropertyValueSpecification","valueRequired":true,"valueName":"search_term_string"}}],"inLanguage":"vi"}]}},"_links":{"self":[{"href":"https:\/\/ysl.azdigi.shop\/index.php\/wp-json\/wp\/v2\/product\/688","targetHints":{"allow":["GET"]}}],"collection":[{"href":"https:\/\/ysl.azdigi.shop\/index.php\/wp-json\/wp\/v2\/product"}],"about":[{"href":"https:\/\/ysl.azdigi.shop\/index.php\/wp-json\/wp\/v2\/types\/product"}],"replies":[{"embeddable":true,"href":"https:\/\/ysl.azdigi.shop\/index.php\/wp-json\/wp\/v2\/comments?post=688"}],"wp:featuredmedia":[{"embeddable":true,"href":"https:\/\/ysl.azdigi.shop\/index.php\/wp-json\/wp\/v2\/media\/692"}],"wp:attachment":[{"href":"https:\/\/ysl.azdigi.shop\/index.php\/wp-json\/wp\/v2\/media?parent=688"}],"wp:term":[{"taxonomy":"product_brand","embeddable":true,"href":"https:\/\/ysl.azdigi.shop\/index.php\/wp-json\/wp\/v2\/product_brand?post=688"},{"taxonomy":"product_cat","embeddable":true,"href":"https:\/\/ysl.azdigi.shop\/index.php\/wp-json\/wp\/v2\/product_cat?post=688"},{"taxonomy":"product_tag","embeddable":true,"href":"https:\/\/ysl.azdigi.shop\/index.php\/wp-json\/wp\/v2\/product_tag?post=688"}],"curies":[{"name":"wp","href":"https:\/\/api.w.org\/{rel}","templated":true}]}}