{"id":974,"date":"2026-04-11T08:31:24","date_gmt":"2026-04-11T08:31:24","guid":{"rendered":"https:\/\/ysl.azdigi.shop\/?post_type=product&#038;p=974"},"modified":"2026-04-19T10:24:13","modified_gmt":"2026-04-19T10:24:13","slug":"tiramisu-espresso","status":"publish","type":"product","link":"https:\/\/ysl.azdigi.shop\/index.php\/san-pham\/tiramisu-espresso\/","title":{"rendered":"TIRAMISU ESPRESSO"},"content":{"rendered":"<h1 data-section-id=\"1nt8ua9\" data-start=\"142\" data-end=\"211\">\ud83c\udf82 Espresso Tiramisu \u2013 B\u00e1nh Sinh Nh\u1eadt \u0110\u1eadm V\u1ecb D\u00e0nh Cho T\u00edn \u0110\u1ed3 C\u00e0 Ph\u00ea<\/h1>\n<h2 data-section-id=\"1yymtxr\" data-start=\"213\" data-end=\"240\">Espresso Tiramisu l\u00e0 g\u00ec?<\/h2>\n<p data-start=\"242\" data-end=\"528\"><strong data-start=\"242\" data-end=\"263\">Espresso Tiramisu<\/strong> l\u00e0 phi\u00ean b\u1ea3n n\u00e2ng c\u1ea5p \u0111\u1ea7y tinh t\u1ebf c\u1ee7a d\u00f2ng b\u00e1nh tiramisu truy\u1ec1n th\u1ed1ng \u2013 n\u01a1i h\u01b0\u01a1ng v\u1ecb c\u00e0 ph\u00ea \u0111\u01b0\u1ee3c \u0111\u1ea9y l\u00ean m\u1ed9t t\u1ea7ng s\u00e2u s\u1eafc h\u01a1n, m\u1ea1nh m\u1ebd h\u01a1n v\u00e0 quy\u1ebfn r\u0169 h\u01a1n. \u0110\u00e2y kh\u00f4ng ch\u1ec9 l\u00e0 m\u1ed9t chi\u1ebfc b\u00e1nh sinh nh\u1eadt, m\u00e0 l\u00e0 tr\u1ea3i nghi\u1ec7m d\u00e0nh ri\u00eang cho nh\u1eefng ai <strong data-start=\"505\" data-end=\"527\">th\u1eadt s\u1ef1 y\u00eau c\u00e0 ph\u00ea<\/strong>.<\/p>\n<hr data-start=\"530\" data-end=\"533\" \/>\n<h2 data-section-id=\"djmodd\" data-start=\"535\" data-end=\"584\">\u2615 H\u01b0\u01a1ng v\u1ecb \u0111\u1eb7c tr\u01b0ng \u2013 \u0110\u1eadm, s\u00e2u v\u00e0 \u0111\u1ea7y m\u00ea ho\u1eb7c<\/h2>\n<p data-start=\"586\" data-end=\"625\">Chi\u1ebfc b\u00e1nh l\u00e0 s\u1ef1 k\u1ebft h\u1ee3p ho\u00e0n h\u1ea3o gi\u1eefa:<\/p>\n<ul data-start=\"627\" data-end=\"903\">\n<li data-section-id=\"1j9dcpg\" data-start=\"627\" data-end=\"670\"><strong data-start=\"629\" data-end=\"661\">Ladyfinger th\u1ea5m \u0111\u1eabm espresso<\/strong> \u0111\u1eadm \u0111\u00e0<\/li>\n<li data-section-id=\"1c95rmi\" data-start=\"671\" data-end=\"722\"><strong data-start=\"673\" data-end=\"698\">Kem tiramisu m\u1ecbn m\u01b0\u1ee3t<\/strong> t\u1eeb mascarpone cao c\u1ea5p<\/li>\n<li data-section-id=\"101dks\" data-start=\"723\" data-end=\"780\"><strong data-start=\"725\" data-end=\"756\">R\u01b0\u1ee3u \u00dd &amp; th\u1ea3o m\u1ed9c th\u01a1m n\u1ed3ng<\/strong> t\u1ea1o chi\u1ec1u s\u00e2u tinh t\u1ebf<\/li>\n<li data-section-id=\"1j8tocn\" data-start=\"781\" data-end=\"842\"><strong data-start=\"783\" data-end=\"819\">L\u1edbp Chantilly &amp; Chantilly c\u00e0 ph\u00ea<\/strong> b\u00e9o nh\u1eb9, c\u00e2n b\u1eb1ng v\u1ecb<\/li>\n<li data-section-id=\"1k5snwj\" data-start=\"843\" data-end=\"903\"><strong data-start=\"845\" data-end=\"872\">H\u1ea1t c\u00e0 ph\u00ea ph\u1ee7 s\u00f4 c\u00f4 la<\/strong> \u2013 \u0111i\u1ec3m nh\u1ea5n gi\u00f2n nh\u1eb9, \u0111\u1eadm v\u1ecb<\/li>\n<\/ul>\n<p data-start=\"905\" data-end=\"1034\">T\u1ea5t c\u1ea3 h\u00f2a quy\u1ec7n t\u1ea1o n\u00ean m\u1ed9t chi\u1ebfc b\u00e1nh v\u1edbi <strong data-start=\"949\" data-end=\"975\">layer h\u01b0\u01a1ng v\u1ecb r\u00f5 r\u00e0ng<\/strong>, t\u1eeb \u0111\u1eafng nh\u1eb9 c\u1ee7a c\u00e0 ph\u00ea \u2192 b\u00e9o m\u1ecbn \u2192 h\u1eadu v\u1ecb cacao tr\u00f2n \u0111\u1ea7y.<\/p>\n<hr data-start=\"1036\" data-end=\"1039\" \/>\n<h2 data-section-id=\"1abqdgk\" data-start=\"1041\" data-end=\"1080\">\u2728 \u0110i\u1ec3m n\u1ed5i b\u1eadt c\u1ee7a Espresso Tiramisu<\/h2>\n<h3 data-section-id=\"10xxfsv\" data-start=\"1082\" data-end=\"1116\">\ud83d\udd38 Signature sauce \u0111\u1ed9c quy\u1ec1n<\/h3>\n<p data-start=\"1117\" data-end=\"1214\">S\u1ed1t \u0111\u01b0\u1ee3c n\u1ea5u t\u1eeb <strong data-start=\"1133\" data-end=\"1154\">h\u01a1n 8 nguy\u00ean li\u1ec7u<\/strong>, mang \u0111\u1ebfn chi\u1ec1u s\u00e2u h\u01b0\u01a1ng v\u1ecb kh\u00e1c bi\u1ec7t, kh\u00f4ng th\u1ec3 nh\u1ea7m l\u1eabn.<\/p>\n<h3 data-section-id=\"1p584bt\" data-start=\"1216\" data-end=\"1245\">\ud83d\udd38 100% Homemade t\u1eeb \u0111\u1ea7u<\/h3>\n<p data-start=\"1246\" data-end=\"1365\">T\u1ea5t c\u1ea3 c\u00e1c l\u1edbp b\u00e1nh \u0111\u1ec1u \u0111\u01b0\u1ee3c l\u00e0m th\u1ee7 c\u00f4ng \u2013 t\u1eeb ladyfinger, kem \u0111\u1ebfn s\u1ed1t \u2013 \u0111\u1ea3m b\u1ea3o <strong data-start=\"1327\" data-end=\"1364\">\u0111\u1ed9 t\u01b0\u01a1i m\u1edbi &amp; ch\u1ea5t l\u01b0\u1ee3ng cao nh\u1ea5t<\/strong>.<\/p>\n<h3 data-section-id=\"1384g9a\" data-start=\"1367\" data-end=\"1395\">\ud83d\udd38 Nguy\u00ean li\u1ec7u cao c\u1ea5p<\/h3>\n<ul data-start=\"1396\" data-end=\"1485\">\n<li data-section-id=\"6zmd4u\" data-start=\"1396\" data-end=\"1426\">Ph\u00f4 mai mascarpone chu\u1ea9n \u00dd<\/li>\n<li data-section-id=\"1osnl7x\" data-start=\"1427\" data-end=\"1451\">Espresso nguy\u00ean ch\u1ea5t<\/li>\n<li data-section-id=\"qdhujf\" data-start=\"1452\" data-end=\"1485\">R\u01b0\u1ee3u m\u00f9i \u00dd (Italian liqueurs)<\/li>\n<\/ul>\n<h3 data-section-id=\"z42c0\" data-start=\"1487\" data-end=\"1531\">\ud83d\udd38 K\u1ebft c\u1ea5u nhi\u1ec1u l\u1edbp (Layered texture)<\/h3>\n<ul data-start=\"1532\" data-end=\"1588\">\n<li data-section-id=\"rd42rs\" data-start=\"1532\" data-end=\"1547\">B\u00e1nh m\u1ec1m \u1ea9m<\/li>\n<li data-section-id=\"17ofifw\" data-start=\"1548\" data-end=\"1563\">Kem m\u1ecbn nh\u1eb9<\/li>\n<li data-section-id=\"18prtdm\" data-start=\"1564\" data-end=\"1588\">H\u1eadu v\u1ecb cacao tinh t\u1ebf<\/li>\n<\/ul>\n<hr data-start=\"1590\" data-end=\"1593\" \/>\n<h2 data-section-id=\"veq5s1\" data-start=\"1595\" data-end=\"1623\">\ud83c\udf89 K\u00edch th\u01b0\u1edbc &amp; kh\u1ea9u ph\u1ea7n<\/h2>\n<ul data-start=\"1625\" data-end=\"1688\">\n<li data-section-id=\"1ta2km5\" data-start=\"1625\" data-end=\"1656\"><strong data-start=\"1627\" data-end=\"1635\">12cm<\/strong>: Ph\u00f9 h\u1ee3p 2\u20134 ng\u01b0\u1eddi<\/li>\n<li data-section-id=\"9d1vch\" data-start=\"1657\" data-end=\"1688\"><strong data-start=\"1659\" data-end=\"1667\">15cm<\/strong>: Ph\u00f9 h\u1ee3p 5\u20138 ng\u01b0\u1eddi<\/li>\n<\/ul>\n<p data-start=\"1690\" data-end=\"1758\">\ud83d\udc49 L\u00fd t\u01b0\u1edfng cho sinh nh\u1eadt, k\u1ef7 ni\u1ec7m ho\u1eb7c nh\u1eefng bu\u1ed5i ti\u1ec7c nh\u1ecf \u1ea5m c\u00fang.<\/p>\n<hr data-start=\"1760\" data-end=\"1763\" \/>\n<h2 data-section-id=\"wnrae1\" data-start=\"1765\" data-end=\"1824\">\ud83c\udfaf V\u00ec sao n\u00ean ch\u1ecdn Espresso Tiramisu l\u00e0m b\u00e1nh sinh nh\u1eadt?<\/h2>\n<ul data-start=\"1826\" data-end=\"1986\">\n<li data-section-id=\"1hsgzb2\" data-start=\"1826\" data-end=\"1864\">Kh\u00f4ng qu\u00e1 ng\u1ecdt \u2013 ph\u00f9 h\u1ee3p ng\u01b0\u1eddi l\u1edbn<\/li>\n<li data-section-id=\"7shf1w\" data-start=\"1865\" data-end=\"1939\">H\u01b0\u01a1ng c\u00e0 ph\u00ea r\u00f5 n\u00e9t \u2013 kh\u00e1c bi\u1ec7t ho\u00e0n to\u00e0n so v\u1edbi b\u00e1nh kem truy\u1ec1n th\u1ed1ng<\/li>\n<li data-section-id=\"1dhghl7\" data-start=\"1940\" data-end=\"1986\">Sang tr\u1ecdng, tinh t\u1ebf \u2013 ph\u00f9 h\u1ee3p l\u00e0m qu\u00e0 t\u1eb7ng<\/li>\n<\/ul>\n","protected":false},"excerpt":{"rendered":"<p data-start=\"0\" data-end=\"108\">M\u1ed9t chi\u1ebfc b\u00e1nh sinh nh\u1eadt tiramisu \u0111\u1eadm v\u1ecb \u2014 d\u00e0nh cho nh\u1eefng ng\u01b0\u1eddi th\u00edch c\u00e0 ph\u00ea th\u1eadt s\u1ef1.<\/p>\n<p data-start=\"0\" data-end=\"108\">L\u1edbp kem tiramisu k\u1ebft h\u1ee3p c\u00f9ng b\u00e1nh ladyfinger th\u1ea5m \u0111\u1eabm h\u01b0\u01a1ng espresso \u0111\u1eadm \u0111\u00e0, quy\u1ec7n c\u00f9ng tinh hoa r\u01b0\u1ee3u \u00dd v\u00e0 th\u1ea3o m\u1ed9c th\u01a1m n\u1ed3ng, c\u00e1c l\u1edbp kem Chantilly v\u00e0 kem Chantilly c\u00e0 ph\u00ea, h\u1ea1t c\u00e0 ph\u00ea ph\u1ee7 s\u00f4 c\u00f4 la.<\/p>\n<p data-start=\"0\" data-end=\"108\">\u0110i\u1ec3m n\u1ed5i b\u1eadt:<\/p>\n<ul>\n<li data-start=\"0\" data-end=\"108\">Signature sauce \u0111\u1ed9c quy\u1ec1n: n\u1ea5u t\u1eeb h\u01a1n 8 nguy\u00ean li\u1ec7u \u0111\u1ec3 t\u1ea1o chi\u1ec1u s\u00e2u h\u01b0\u01a1ng v\u1ecb<\/li>\n<li data-start=\"0\" data-end=\"108\">100% homemade: t\u1ea5t c\u1ea3 c\u00e1c l\u1edbp \u0111\u1ec1u \u0111\u01b0\u1ee3c l\u00e0m th\u1ee7 c\u00f4ng t\u1eeb \u0111\u1ea7u<\/li>\n<li data-start=\"0\" data-end=\"108\">Nguy\u00ean li\u1ec7u cao c\u1ea5p: mascarpone, espresso, Italian liqueurs<\/li>\n<li data-start=\"0\" data-end=\"108\">Layered texture: ladyfinger th\u1ea5m \u0111\u1eabm, kem m\u1ecbn, h\u1eadu v\u1ecb cacao tr\u00f2n<\/li>\n<li data-start=\"0\" data-end=\"108\">T\u1ea5t c\u1ea3 c\u00e1c l\u1edbp \u0111\u1ec1u l\u00e0m th\u1ee7 c\u00f4ng t\u1eeb \u0111\u1ea7u (homemade from scratch)<\/li>\n<\/ul>\n<p data-end=\"774\" data-start=\"715\">12cm (2\u20134 ng\u01b0\u1eddi \u0103n) | 15cm (5\u20138 ng\u01b0\u1eddi \u0103n)<\/p>\n","protected":false},"featured_media":978,"comment_status":"open","ping_status":"closed","template":"","meta":[],"product_brand":[],"product_cat":[33],"product_tag":[],"class_list":{"0":"post-974","1":"product","2":"type-product","3":"status-publish","4":"has-post-thumbnail","6":"product_cat-https-ysl-azdigi-shop-index-php-san-pham-tiramisu-symphony","8":"first","9":"instock","10":"sale","11":"taxable","12":"shipping-taxable","13":"purchasable","14":"product-type-variable"},"yoast_head":"<!-- This site is optimized with the Yoast SEO plugin v27.2 - https:\/\/yoast.com\/product\/yoast-seo-wordpress\/ -->\n<title>TIRAMISU ESPRESSO - HopeBakery<\/title>\n<meta name=\"description\" content=\"Espresso Tiramisu l\u00e0 phi\u00ean b\u1ea3n n\u00e2ng c\u1ea5p \u0111\u1ea7y tinh t\u1ebf c\u1ee7a d\u00f2ng b\u00e1nh tiramisu truy\u1ec1n th\u1ed1ng \u2013 n\u01a1i h\u01b0\u01a1ng v\u1ecb c\u00e0 ph\u00ea \u0111\u01b0\u1ee3c \u0111\u1ea9y l\u00ean m\u1ed9t t\u1ea7ng s\u00e2u s\u1eafc h\u01a1n.\" \/>\n<meta name=\"robots\" content=\"index, follow, max-snippet:-1, max-image-preview:large, max-video-preview:-1\" \/>\n<link rel=\"canonical\" href=\"https:\/\/ysl.azdigi.shop\/index.php\/san-pham\/tiramisu-espresso\/\" \/>\n<meta property=\"og:locale\" content=\"vi_VN\" \/>\n<meta property=\"og:type\" content=\"article\" \/>\n<meta property=\"og:title\" content=\"TIRAMISU ESPRESSO - HopeBakery\" \/>\n<meta property=\"og:description\" content=\"Espresso Tiramisu l\u00e0 phi\u00ean b\u1ea3n n\u00e2ng c\u1ea5p \u0111\u1ea7y tinh t\u1ebf c\u1ee7a d\u00f2ng b\u00e1nh tiramisu truy\u1ec1n th\u1ed1ng \u2013 n\u01a1i h\u01b0\u01a1ng v\u1ecb c\u00e0 ph\u00ea \u0111\u01b0\u1ee3c \u0111\u1ea9y l\u00ean m\u1ed9t t\u1ea7ng s\u00e2u s\u1eafc h\u01a1n.\" \/>\n<meta property=\"og:url\" content=\"https:\/\/ysl.azdigi.shop\/index.php\/san-pham\/tiramisu-espresso\/\" \/>\n<meta property=\"og:site_name\" content=\"HopeBakery\" \/>\n<meta property=\"article:modified_time\" content=\"2026-04-19T10:24:13+00:00\" \/>\n<meta property=\"og:image\" content=\"https:\/\/ysl.azdigi.shop\/wp-content\/uploads\/2026\/04\/TI1-scaled.webp\" \/>\n\t<meta property=\"og:image:width\" content=\"2560\" \/>\n\t<meta property=\"og:image:height\" content=\"2560\" \/>\n\t<meta property=\"og:image:type\" content=\"image\/webp\" \/>\n<meta name=\"twitter:card\" content=\"summary_large_image\" \/>\n<meta name=\"twitter:label1\" content=\"\u01af\u1edbc t\u00ednh th\u1eddi gian \u0111\u1ecdc\" \/>\n\t<meta name=\"twitter:data1\" content=\"3 ph\u00fat\" \/>\n<script type=\"application\/ld+json\" class=\"yoast-schema-graph\">{\"@context\":\"https:\/\/schema.org\",\"@graph\":[{\"@type\":\"WebPage\",\"@id\":\"https:\/\/ysl.azdigi.shop\/index.php\/san-pham\/tiramisu-espresso\/\",\"url\":\"https:\/\/ysl.azdigi.shop\/index.php\/san-pham\/tiramisu-espresso\/\",\"name\":\"TIRAMISU ESPRESSO - HopeBakery\",\"isPartOf\":{\"@id\":\"https:\/\/ysl.azdigi.shop\/#website\"},\"primaryImageOfPage\":{\"@id\":\"https:\/\/ysl.azdigi.shop\/index.php\/san-pham\/tiramisu-espresso\/#primaryimage\"},\"image\":{\"@id\":\"https:\/\/ysl.azdigi.shop\/index.php\/san-pham\/tiramisu-espresso\/#primaryimage\"},\"thumbnailUrl\":\"https:\/\/ysl.azdigi.shop\/wp-content\/uploads\/2026\/04\/TI1-scaled.webp\",\"datePublished\":\"2026-04-11T08:31:24+00:00\",\"dateModified\":\"2026-04-19T10:24:13+00:00\",\"description\":\"Espresso Tiramisu l\u00e0 phi\u00ean b\u1ea3n n\u00e2ng c\u1ea5p \u0111\u1ea7y tinh t\u1ebf c\u1ee7a d\u00f2ng b\u00e1nh tiramisu truy\u1ec1n th\u1ed1ng \u2013 n\u01a1i h\u01b0\u01a1ng v\u1ecb c\u00e0 ph\u00ea \u0111\u01b0\u1ee3c \u0111\u1ea9y l\u00ean m\u1ed9t t\u1ea7ng s\u00e2u s\u1eafc h\u01a1n.\",\"breadcrumb\":{\"@id\":\"https:\/\/ysl.azdigi.shop\/index.php\/san-pham\/tiramisu-espresso\/#breadcrumb\"},\"inLanguage\":\"vi\",\"potentialAction\":[{\"@type\":\"ReadAction\",\"target\":[\"https:\/\/ysl.azdigi.shop\/index.php\/san-pham\/tiramisu-espresso\/\"]}]},{\"@type\":\"ImageObject\",\"inLanguage\":\"vi\",\"@id\":\"https:\/\/ysl.azdigi.shop\/index.php\/san-pham\/tiramisu-espresso\/#primaryimage\",\"url\":\"https:\/\/ysl.azdigi.shop\/wp-content\/uploads\/2026\/04\/TI1-scaled.webp\",\"contentUrl\":\"https:\/\/ysl.azdigi.shop\/wp-content\/uploads\/2026\/04\/TI1-scaled.webp\",\"width\":2560,\"height\":2560},{\"@type\":\"BreadcrumbList\",\"@id\":\"https:\/\/ysl.azdigi.shop\/index.php\/san-pham\/tiramisu-espresso\/#breadcrumb\",\"itemListElement\":[{\"@type\":\"ListItem\",\"position\":1,\"name\":\"Trang ch\u1ee7\",\"item\":\"https:\/\/ysl.azdigi.shop\/\"},{\"@type\":\"ListItem\",\"position\":2,\"name\":\"C\u1eeda h\u00e0ng\",\"item\":\"https:\/\/ysl.azdigi.shop\/index.php\/cua-hang\/\"},{\"@type\":\"ListItem\",\"position\":3,\"name\":\"TIRAMISU ESPRESSO\"}]},{\"@type\":\"WebSite\",\"@id\":\"https:\/\/ysl.azdigi.shop\/#website\",\"url\":\"https:\/\/ysl.azdigi.shop\/\",\"name\":\"HopeBakery\",\"description\":\"\",\"potentialAction\":[{\"@type\":\"SearchAction\",\"target\":{\"@type\":\"EntryPoint\",\"urlTemplate\":\"https:\/\/ysl.azdigi.shop\/?s={search_term_string}\"},\"query-input\":{\"@type\":\"PropertyValueSpecification\",\"valueRequired\":true,\"valueName\":\"search_term_string\"}}],\"inLanguage\":\"vi\"}]}<\/script>\n<!-- \/ Yoast SEO plugin. -->","yoast_head_json":{"title":"TIRAMISU ESPRESSO - HopeBakery","description":"Espresso Tiramisu l\u00e0 phi\u00ean b\u1ea3n n\u00e2ng c\u1ea5p \u0111\u1ea7y tinh t\u1ebf c\u1ee7a d\u00f2ng b\u00e1nh tiramisu truy\u1ec1n th\u1ed1ng \u2013 n\u01a1i h\u01b0\u01a1ng v\u1ecb c\u00e0 ph\u00ea \u0111\u01b0\u1ee3c \u0111\u1ea9y l\u00ean m\u1ed9t t\u1ea7ng s\u00e2u s\u1eafc h\u01a1n.","robots":{"index":"index","follow":"follow","max-snippet":"max-snippet:-1","max-image-preview":"max-image-preview:large","max-video-preview":"max-video-preview:-1"},"canonical":"https:\/\/ysl.azdigi.shop\/index.php\/san-pham\/tiramisu-espresso\/","og_locale":"vi_VN","og_type":"article","og_title":"TIRAMISU ESPRESSO - HopeBakery","og_description":"Espresso Tiramisu l\u00e0 phi\u00ean b\u1ea3n n\u00e2ng c\u1ea5p \u0111\u1ea7y tinh t\u1ebf c\u1ee7a d\u00f2ng b\u00e1nh tiramisu truy\u1ec1n th\u1ed1ng \u2013 n\u01a1i h\u01b0\u01a1ng v\u1ecb c\u00e0 ph\u00ea \u0111\u01b0\u1ee3c \u0111\u1ea9y l\u00ean m\u1ed9t t\u1ea7ng s\u00e2u s\u1eafc h\u01a1n.","og_url":"https:\/\/ysl.azdigi.shop\/index.php\/san-pham\/tiramisu-espresso\/","og_site_name":"HopeBakery","article_modified_time":"2026-04-19T10:24:13+00:00","og_image":[{"width":2560,"height":2560,"url":"https:\/\/ysl.azdigi.shop\/wp-content\/uploads\/2026\/04\/TI1-scaled.webp","type":"image\/webp"}],"twitter_card":"summary_large_image","twitter_misc":{"\u01af\u1edbc t\u00ednh th\u1eddi gian \u0111\u1ecdc":"3 ph\u00fat"},"schema":{"@context":"https:\/\/schema.org","@graph":[{"@type":"WebPage","@id":"https:\/\/ysl.azdigi.shop\/index.php\/san-pham\/tiramisu-espresso\/","url":"https:\/\/ysl.azdigi.shop\/index.php\/san-pham\/tiramisu-espresso\/","name":"TIRAMISU ESPRESSO - HopeBakery","isPartOf":{"@id":"https:\/\/ysl.azdigi.shop\/#website"},"primaryImageOfPage":{"@id":"https:\/\/ysl.azdigi.shop\/index.php\/san-pham\/tiramisu-espresso\/#primaryimage"},"image":{"@id":"https:\/\/ysl.azdigi.shop\/index.php\/san-pham\/tiramisu-espresso\/#primaryimage"},"thumbnailUrl":"https:\/\/ysl.azdigi.shop\/wp-content\/uploads\/2026\/04\/TI1-scaled.webp","datePublished":"2026-04-11T08:31:24+00:00","dateModified":"2026-04-19T10:24:13+00:00","description":"Espresso Tiramisu l\u00e0 phi\u00ean b\u1ea3n n\u00e2ng c\u1ea5p \u0111\u1ea7y tinh t\u1ebf c\u1ee7a d\u00f2ng b\u00e1nh tiramisu truy\u1ec1n th\u1ed1ng \u2013 n\u01a1i h\u01b0\u01a1ng v\u1ecb c\u00e0 ph\u00ea \u0111\u01b0\u1ee3c \u0111\u1ea9y l\u00ean m\u1ed9t t\u1ea7ng s\u00e2u s\u1eafc h\u01a1n.","breadcrumb":{"@id":"https:\/\/ysl.azdigi.shop\/index.php\/san-pham\/tiramisu-espresso\/#breadcrumb"},"inLanguage":"vi","potentialAction":[{"@type":"ReadAction","target":["https:\/\/ysl.azdigi.shop\/index.php\/san-pham\/tiramisu-espresso\/"]}]},{"@type":"ImageObject","inLanguage":"vi","@id":"https:\/\/ysl.azdigi.shop\/index.php\/san-pham\/tiramisu-espresso\/#primaryimage","url":"https:\/\/ysl.azdigi.shop\/wp-content\/uploads\/2026\/04\/TI1-scaled.webp","contentUrl":"https:\/\/ysl.azdigi.shop\/wp-content\/uploads\/2026\/04\/TI1-scaled.webp","width":2560,"height":2560},{"@type":"BreadcrumbList","@id":"https:\/\/ysl.azdigi.shop\/index.php\/san-pham\/tiramisu-espresso\/#breadcrumb","itemListElement":[{"@type":"ListItem","position":1,"name":"Trang ch\u1ee7","item":"https:\/\/ysl.azdigi.shop\/"},{"@type":"ListItem","position":2,"name":"C\u1eeda h\u00e0ng","item":"https:\/\/ysl.azdigi.shop\/index.php\/cua-hang\/"},{"@type":"ListItem","position":3,"name":"TIRAMISU ESPRESSO"}]},{"@type":"WebSite","@id":"https:\/\/ysl.azdigi.shop\/#website","url":"https:\/\/ysl.azdigi.shop\/","name":"HopeBakery","description":"","potentialAction":[{"@type":"SearchAction","target":{"@type":"EntryPoint","urlTemplate":"https:\/\/ysl.azdigi.shop\/?s={search_term_string}"},"query-input":{"@type":"PropertyValueSpecification","valueRequired":true,"valueName":"search_term_string"}}],"inLanguage":"vi"}]}},"_links":{"self":[{"href":"https:\/\/ysl.azdigi.shop\/index.php\/wp-json\/wp\/v2\/product\/974","targetHints":{"allow":["GET"]}}],"collection":[{"href":"https:\/\/ysl.azdigi.shop\/index.php\/wp-json\/wp\/v2\/product"}],"about":[{"href":"https:\/\/ysl.azdigi.shop\/index.php\/wp-json\/wp\/v2\/types\/product"}],"replies":[{"embeddable":true,"href":"https:\/\/ysl.azdigi.shop\/index.php\/wp-json\/wp\/v2\/comments?post=974"}],"wp:featuredmedia":[{"embeddable":true,"href":"https:\/\/ysl.azdigi.shop\/index.php\/wp-json\/wp\/v2\/media\/978"}],"wp:attachment":[{"href":"https:\/\/ysl.azdigi.shop\/index.php\/wp-json\/wp\/v2\/media?parent=974"}],"wp:term":[{"taxonomy":"product_brand","embeddable":true,"href":"https:\/\/ysl.azdigi.shop\/index.php\/wp-json\/wp\/v2\/product_brand?post=974"},{"taxonomy":"product_cat","embeddable":true,"href":"https:\/\/ysl.azdigi.shop\/index.php\/wp-json\/wp\/v2\/product_cat?post=974"},{"taxonomy":"product_tag","embeddable":true,"href":"https:\/\/ysl.azdigi.shop\/index.php\/wp-json\/wp\/v2\/product_tag?post=974"}],"curies":[{"name":"wp","href":"https:\/\/api.w.org\/{rel}","templated":true}]}}